{"id":3,"date":"2023-05-18T06:13:47","date_gmt":"2023-05-18T06:13:47","guid":{"rendered":"https:\/\/floridahomeshares.com\/?page_id=3"},"modified":"2024-03-05T04:43:08","modified_gmt":"2024-03-05T04:43:08","slug":"privacy-policy","status":"publish","type":"page","link":"https:\/\/floridahomeshares.com\/pt\/privacy-policy\/","title":{"rendered":"pol\u00edtica de Privacidade"},"content":{"rendered":"<div data-elementor-type=\"wp-page\" data-elementor-id=\"3\" class=\"elementor elementor-3\" data-elementor-post-type=\"page\">\n\t\t\t\t\t\t<section class=\"elementor-section elementor-top-section elementor-element elementor-element-cb7d282 elementor-section-height-min-height elementor-section-boxed elementor-section-height-default elementor-section-items-middle\" data-id=\"cb7d282\" data-element_type=\"section\" data-settings=\"{&quot;jet_parallax_layout_list&quot;:[],&quot;background_background&quot;:&quot;classic&quot;}\">\n\t\t\t\t\t\t\t<div class=\"elementor-background-overlay\"><\/div>\n\t\t\t\t\t\t\t<div class=\"elementor-container elementor-column-gap-default\">\n\t\t\t\t\t<div class=\"elementor-column elementor-col-100 elementor-top-column elementor-element elementor-element-da964d5\" data-id=\"da964d5\" data-element_type=\"column\">\n\t\t\t<div class=\"elementor-widget-wrap elementor-element-populated\">\n\t\t\t\t\t\t<section class=\"elementor-section elementor-inner-section elementor-element elementor-element-4d0556b elementor-section-boxed elementor-section-height-default elementor-section-height-default\" data-id=\"4d0556b\" data-element_type=\"section\" data-settings=\"{&quot;jet_parallax_layout_list&quot;:[]}\">\n\t\t\t\t\t\t<div class=\"elementor-container elementor-column-gap-no\">\n\t\t\t\t\t<div class=\"elementor-column elementor-col-100 elementor-inner-column elementor-element elementor-element-0699d32\" data-id=\"0699d32\" data-element_type=\"column\">\n\t\t\t<div class=\"elementor-widget-wrap elementor-element-populated\">\n\t\t\t\t\t\t<div class=\"elementor-element elementor-element-db00372 elementor-widget elementor-widget-heading\" data-id=\"db00372\" data-element_type=\"widget\" data-widget_type=\"heading.default\">\n\t\t\t\t\t<h1 class=\"elementor-heading-title elementor-size-default\">pol\u00edtica de Privacidade<\/h1>\t\t\t\t<\/div>\n\t\t\t\t\t<\/div>\n\t\t<\/div>\n\t\t\t\t\t<\/div>\n\t\t<\/section>\n\t\t\t\t\t<\/div>\n\t\t<\/div>\n\t\t\t\t\t<\/div>\n\t\t<\/section>\n\t\t\t\t<section class=\"elementor-section elementor-top-section elementor-element elementor-element-70373b71 elementor-section-boxed elementor-section-height-default elementor-section-height-default\" data-id=\"70373b71\" data-element_type=\"section\" data-settings=\"{&quot;jet_parallax_layout_list&quot;:[]}\">\n\t\t\t\t\t\t<div class=\"elementor-container elementor-column-gap-default\">\n\t\t\t\t\t<div class=\"elementor-column elementor-col-100 elementor-top-column elementor-element elementor-element-5be1c117\" data-id=\"5be1c117\" data-element_type=\"column\">\n\t\t\t<div class=\"elementor-widget-wrap elementor-element-populated\">\n\t\t\t\t\t\t<div class=\"elementor-element elementor-element-74e7ec38 elementor-widget elementor-widget-text-editor\" data-id=\"74e7ec38\" data-element_type=\"widget\" data-widget_type=\"text-editor.default\">\n\t\t\t\t\t\t\t\t\t\n<h4 class=\"wp-block-heading\">Introdu\u00e7\u00e3o<\/h4>\n<h4>\u00a0<\/h4>\n<p>Esta Pol\u00edtica de Privacidade descreve as pr\u00e1ticas da Florida HomeShares (&quot;n\u00f3s&quot;, &quot;nosso&quot; ou &quot;a Empresa&quot;) com rela\u00e7\u00e3o \u00e0s informa\u00e7\u00f5es coletadas de usu\u00e1rios que acessam nosso site em &quot;https:\/\/www.floridahomeshares.com&quot;, ou de outra forma compartilham informa\u00e7\u00f5es pessoais conosco (coletivamente: \u201cUsu\u00e1rios\u201d).\u00a0<\/p>\n<h4>Motivos para coleta de dados\u00a0<\/h4>\n<h4>\u00a0<\/h4>\n<p>O processamento de suas informa\u00e7\u00f5es pessoais (ou seja, qualquer informa\u00e7\u00e3o que possa potencialmente permitir sua identifica\u00e7\u00e3o por meios razo\u00e1veis; doravante &quot;Informa\u00e7\u00f5es Pessoais&quot;) \u00e9 necess\u00e1rio para o cumprimento de nossas obriga\u00e7\u00f5es contratuais para com voc\u00ea e para lhe fornecer nossos servi\u00e7os, para proteger nossos interesses leg\u00edtimos e para cumprimento das obriga\u00e7\u00f5es regulat\u00f3rias legais e financeiras \u00e0s quais estamos sujeitos.<\/p>\n<p>Ao usar o Site, voc\u00ea concorda com a coleta, armazenamento, uso, divulga\u00e7\u00e3o e outros usos de suas Informa\u00e7\u00f5es Pessoais, conforme descrito nesta Pol\u00edtica de Privacidade.<\/p>\n<p>Encorajamos os nossos Utilizadores a ler atentamente a Pol\u00edtica de Privacidade e a utiliz\u00e1-la para tomar decis\u00f5es informadas.\u00a0<\/p>\n<p>\u00a0<\/p>\n<h4>Que informa\u00e7\u00f5es coletamos?<\/h4>\n<h4>\u00a0<\/h4>\n<p>Coletamos dois tipos de dados e informa\u00e7\u00f5es dos Usu\u00e1rios.\u00a0<\/p>\n<p>O primeiro tipo de informa\u00e7\u00e3o s\u00e3o informa\u00e7\u00f5es n\u00e3o identificadas e n\u00e3o identific\u00e1veis pertencentes a um(s) Usu\u00e1rio(s), que podem ser disponibilizadas ou coletadas atrav\u00e9s do seu uso do Site (\u201cInforma\u00e7\u00f5es N\u00e3o Pessoais\u201d). N\u00e3o temos conhecimento da identidade de um Usu\u00e1rio do qual as Informa\u00e7\u00f5es N\u00e3o Pessoais foram coletadas. As informa\u00e7\u00f5es n\u00e3o pessoais que est\u00e3o sendo coletadas podem incluir informa\u00e7\u00f5es de uso agregadas e informa\u00e7\u00f5es t\u00e9cnicas transmitidas pelo seu dispositivo, incluindo certas informa\u00e7\u00f5es de software e hardware (por exemplo, o tipo de navegador e sistema operacional que seu dispositivo usa, prefer\u00eancia de idioma, tempo de acesso, etc.) para melhorar a funcionalidade do nosso Site. Tamb\u00e9m poderemos recolher informa\u00e7\u00f5es sobre a sua atividade no Site (por exemplo, p\u00e1ginas visualizadas, navega\u00e7\u00e3o online, cliques, a\u00e7\u00f5es, etc.).<\/p>\n<p>O segundo tipo de informa\u00e7\u00e3o Informa\u00e7\u00e3o Pessoal que \u00e9 informa\u00e7\u00e3o individualmente identific\u00e1vel, nomeadamente informa\u00e7\u00e3o que identifica um indiv\u00edduo ou pode, com esfor\u00e7o razo\u00e1vel, identificar um indiv\u00edduo. Essas informa\u00e7\u00f5es incluem:<\/p>\n<p>\u00a0<\/p>\n<ul class=\"defaultList\">\n<li>Informa\u00e7\u00f5es do dispositivo: coletamos informa\u00e7\u00f5es pessoais do seu dispositivo. Essas informa\u00e7\u00f5es incluem dados de geolocaliza\u00e7\u00e3o, endere\u00e7o IP, identificadores exclusivos (por exemplo, endere\u00e7o MAC e UUID) e outras informa\u00e7\u00f5es relacionadas \u00e0 sua atividade no Site.<\/li>\n<li>Nome, n\u00famero de telefone, e-mail e qualquer outra informa\u00e7\u00e3o que o usu\u00e1rio enviar em um formul\u00e1rio de contato para que nossas equipes entrem em contato.<\/li>\n<li>Informa\u00e7\u00f5es de reserva: Ao fazer uma reserva em nosso Site, voc\u00ea ser\u00e1 solicitado a nos fornecer alguns detalhes, como: nome completo; e-mail ou endere\u00e7o f\u00edsico e outras informa\u00e7\u00f5es.\u00a0<\/li>\n<\/ul>\n<h4>\u00a0<\/h4>\n<h4>Como recebemos informa\u00e7\u00f5es sobre voc\u00ea?<\/h4>\n<h4>\u00a0<\/h4>\n<p>Recebemos suas informa\u00e7\u00f5es pessoais de v\u00e1rias fontes:<\/p>\n<ul class=\"defaultList\">\n<li>Quando voc\u00ea nos fornece voluntariamente seus dados pessoais para reservar em nosso Site;<\/li>\n<li>Quando voc\u00ea usa ou acessa nosso Site em conex\u00e3o com o uso de nossos servi\u00e7os;<\/li>\n<li>De fornecedores terceirizados, servi\u00e7os e registros p\u00fablicos (por exemplo, fornecedores de an\u00e1lise de tr\u00e1fego).<\/li>\n<\/ul>\n<h4>\u00a0<\/h4>\n<h4>Que informa\u00e7\u00f5es coletamos?<\/h4>\n<h4>\u00a0<\/h4>\n<p>N\u00e3o alugamos, vendemos ou compartilhamos informa\u00e7\u00f5es dos Usu\u00e1rios com terceiros, exceto conforme descrito nesta Pol\u00edtica de Privacidade.<\/p>\n<p>Podemos usar as informa\u00e7\u00f5es para o seguinte:<\/p>\n<ul class=\"defaultList\">\n<li>Comunicar consigo \u2013 enviar-lhe avisos sobre os nossos servi\u00e7os, fornecer-lhe informa\u00e7\u00f5es t\u00e9cnicas e responder a qualquer problema de atendimento ao cliente que possa ter;<\/li>\n<\/ul>\n<ul class=\"defaultList\">\n<li>Para nos comunicarmos com voc\u00ea e mant\u00ea-lo informado sobre nossas \u00faltimas atualiza\u00e7\u00f5es e servi\u00e7os;<\/li>\n<\/ul>\n<ul class=\"defaultList\">\n<li>Para lhe apresentar an\u00fancios quando voc\u00ea usa nosso Site (veja mais em \u201cAn\u00fancios\u201d);\u00a0<\/li>\n<\/ul>\n<ul class=\"defaultList\">\n<li>Para comercializar nossos sites e produtos (veja mais em \u201cMarketing\u201d);\u00a0<\/li>\n<\/ul>\n<ul class=\"defaultList\">\n<li>Realiza\u00e7\u00e3o de fins estat\u00edsticos e anal\u00edticos, destinados a melhorar o Site.<\/li>\n<\/ul>\n<p>Al\u00e9m dos diferentes usos listados acima, poderemos transferir ou divulgar Informa\u00e7\u00f5es Pessoais \u00e0s nossas subsidi\u00e1rias, empresas afiliadas e subcontratados.<\/p>\n<p>Al\u00e9m das finalidades listadas nesta Pol\u00edtica de Privacidade, poderemos compartilhar Informa\u00e7\u00f5es Pessoais com nossos fornecedores terceirizados de confian\u00e7a, que podem estar localizados em diferentes jurisdi\u00e7\u00f5es em todo o mundo, para qualquer uma das seguintes finalidades:\u00a0<\/p>\n<p>\u00a0<\/p>\n<ul class=\"defaultList\">\n<li>Hospedar e operar nosso Site;<\/li>\n<\/ul>\n<ul class=\"defaultList\">\n<li>Fornecer-lhe os nossos servi\u00e7os, incluindo fornecer uma exibi\u00e7\u00e3o personalizada do nosso Site;<\/li>\n<\/ul>\n<ul class=\"defaultList\">\n<li>Armazenar e processar tais informa\u00e7\u00f5es em nosso nome;\u00a0<\/li>\n<\/ul>\n<ul class=\"defaultList\">\n<li>Servir voc\u00ea com an\u00fancios e nos ajudar a avaliar o sucesso de nossas campanhas publicit\u00e1rias e nos ajudar a redirecionar qualquer um de nossos usu\u00e1rios;<\/li>\n<\/ul>\n<ul class=\"defaultList\">\n<li>Fornecer a voc\u00ea ofertas de marketing e materiais promocionais relacionados ao nosso Site e servi\u00e7os;\u00a0<\/li>\n<li>Realiza\u00e7\u00e3o de pesquisas, diagn\u00f3sticos t\u00e9cnicos ou an\u00e1lises;<\/li>\n<\/ul>\n<p>\u00a0Tamb\u00e9m poderemos divulgar informa\u00e7\u00f5es se acreditarmos de boa f\u00e9 que a divulga\u00e7\u00e3o de tais informa\u00e7\u00f5es \u00e9 \u00fatil ou razoavelmente necess\u00e1ria para: (i) cumprir qualquer lei, regulamento, processo legal ou solicita\u00e7\u00e3o governamental aplic\u00e1vel; (ii) fazer cumprir as nossas pol\u00edticas (incluindo o nosso Contrato), incluindo investiga\u00e7\u00f5es de potenciais viola\u00e7\u00f5es das mesmas; (iii) investigar, detectar, prevenir ou tomar medidas em rela\u00e7\u00e3o a atividades ilegais ou outras irregularidades, suspeitas de fraude ou quest\u00f5es de seguran\u00e7a; (iv) para estabelecer ou exercer os nossos direitos de defesa contra a\u00e7\u00f5es judiciais; (v) evitar danos aos nossos direitos, propriedade ou seguran\u00e7a, de nossos usu\u00e1rios, de voc\u00ea mesmo ou de terceiros; ou (vi) para fins de colabora\u00e7\u00e3o com ag\u00eancias de aplica\u00e7\u00e3o da lei e\/ou caso consideremos necess\u00e1rio para fazer cumprir a propriedade intelectual ou outros direitos legais.<\/p>\n<h4>\u00a0<\/h4>\n<h4>Direitos de uso<\/h4>\n<h4>\u00a0<\/h4>\n<p>Voc\u00ea pode solicitar:\u00a0<\/p>\n<p>\u00a0<\/p>\n<ul class=\"defaultList\">\n<li>Receber confirma\u00e7\u00e3o se as informa\u00e7\u00f5es pessoais que lhe dizem respeito est\u00e3o ou n\u00e3o sendo processadas e acessar suas informa\u00e7\u00f5es pessoais armazenadas, juntamente com informa\u00e7\u00f5es complementares.\u00a0<\/li>\n<li>Receba uma c\u00f3pia das informa\u00e7\u00f5es pessoais que voc\u00ea nos forneceu diretamente em um formato estruturado, comumente usado e leg\u00edvel por m\u00e1quina.\u00a0<\/li>\n<li>Solicitar a retifica\u00e7\u00e3o de suas informa\u00e7\u00f5es pessoais que est\u00e3o sob nosso controle.<\/li>\n<li>Solicite o apagamento de suas informa\u00e7\u00f5es pessoais.\u00a0<\/li>\n<li>Opor-se ao processamento de informa\u00e7\u00f5es pessoais por n\u00f3s.\u00a0<\/li>\n<li>Solicita\u00e7\u00e3o para restringir o processamento de suas informa\u00e7\u00f5es pessoais por n\u00f3s.<\/li>\n<li>Apresentar uma reclama\u00e7\u00e3o junto de uma autoridade de supervis\u00e3o.<\/li>\n<\/ul>\n<p>\u00a0<\/p>\n<p>No entanto, tenha em aten\u00e7\u00e3o que estes direitos n\u00e3o s\u00e3o absolutos e podem estar sujeitos aos nossos pr\u00f3prios interesses leg\u00edtimos e requisitos regulamentares.\u00a0<\/p>\n<p>Se desejar exercer algum dos direitos acima mencionados, ou receber mais informa\u00e7\u00f5es, entre em contacto com o nosso Encarregado de Prote\u00e7\u00e3o de Dados (\u201cDPO\u201d) atrav\u00e9s dos dados abaixo indicados:<\/p>\n<p><a href=\"mailto: support@flhomeshares.com\">support@flhomeshares.com.<\/a><\/p>\n<h4>\u00a0<\/h4>\n<h4>Reten\u00e7\u00e3o<\/h4>\n<h4>\u00a0<\/h4>\n<p>Reteremos suas informa\u00e7\u00f5es pessoais pelo tempo necess\u00e1rio para fornecer nossos servi\u00e7os e conforme necess\u00e1rio para cumprir nossas obriga\u00e7\u00f5es legais, resolver disputas e fazer cumprir nossas pol\u00edticas. Os prazos de conserva\u00e7\u00e3o ser\u00e3o determinados tendo em conta o tipo de informa\u00e7\u00e3o recolhida e a finalidade para a qual a mesma \u00e9 recolhida, tendo em conta os requisitos aplic\u00e1veis \u00e0 situa\u00e7\u00e3o e a necessidade de destruir a informa\u00e7\u00e3o desatualizada e n\u00e3o utilizada com a maior brevidade poss\u00edvel. De acordo com os regulamentos aplic\u00e1veis, manteremos registros contendo dados pessoais do cliente, documentos de abertura de conta, comunica\u00e7\u00f5es e qualquer outra coisa exigida pelas leis e regulamentos aplic\u00e1veis.\u00a0<\/p>\n<p>Poderemos retificar, reabastecer ou remover informa\u00e7\u00f5es incompletas ou imprecisas, a qualquer momento e a nosso crit\u00e9rio.<\/p>\n<h4>\u00a0<\/h4>\n<h4>Biscoitos<\/h4>\n<h4>\u00a0<\/h4>\n<p>N\u00f3s e nossos parceiros de confian\u00e7a usamos cookies e outras tecnologias em nossos servi\u00e7os relacionados, inclusive quando voc\u00ea visita nosso Site ou acessa nossos servi\u00e7os.\u00a0<\/p>\n<p>Um \u201ccookie\u201d \u00e9 um pequeno peda\u00e7o de informa\u00e7\u00e3o que um site atribui ao seu dispositivo enquanto voc\u00ea visualiza um site. Os cookies s\u00e3o muito \u00fateis e podem ser usados para diversos fins. Essas finalidades incluem permitir que voc\u00ea navegue entre as p\u00e1ginas de forma eficiente, permitir a ativa\u00e7\u00e3o autom\u00e1tica de determinados recursos, lembrar suas prefer\u00eancias e tornar a intera\u00e7\u00e3o entre voc\u00ea e nossos Servi\u00e7os mais r\u00e1pida e f\u00e1cil. Os cookies tamb\u00e9m s\u00e3o usados para ajudar a garantir que os an\u00fancios que voc\u00ea v\u00ea s\u00e3o relevantes para voc\u00ea e para os seus interesses e para compilar dados estat\u00edsticos sobre o uso dos nossos Servi\u00e7os.\u00a0<\/p>\n<p>O Site utiliza os seguintes tipos de cookies:<\/p>\n<p>a. &#039;cookies de sess\u00e3o&#039; que s\u00e3o armazenados apenas temporariamente durante uma sess\u00e3o de navega\u00e7\u00e3o para permitir a utiliza\u00e7\u00e3o normal do sistema e s\u00e3o eliminados do seu dispositivo quando o navegador \u00e9 fechado;\u00a0<\/p>\n<p>b. &#039;cookies persistentes&#039; que s\u00e3o lidos apenas pelo Site, salvos no seu computador por um per\u00edodo fixo e n\u00e3o s\u00e3o exclu\u00eddos quando o navegador \u00e9 fechado. Esses cookies s\u00e3o usados quando precisamos saber quem voc\u00ea \u00e9 para visitas repetidas, por exemplo, para nos permitir armazenar suas prefer\u00eancias para o pr\u00f3ximo login;\u00a0<\/p>\n<p>c. &#039;cookies de terceiros&#039; que s\u00e3o definidos por outros servi\u00e7os online que executam o conte\u00fado da p\u00e1gina que voc\u00ea est\u00e1 visualizando, por exemplo, por empresas de an\u00e1lise terceirizadas que monitoram e analisam nosso acesso \u00e0 web.<\/p>\n<p>Os cookies n\u00e3o cont\u00eam nenhuma informa\u00e7\u00e3o que o identifique pessoalmente, mas as informa\u00e7\u00f5es pessoais que armazenamos sobre voc\u00ea podem ser vinculadas, por n\u00f3s, \u00e0s informa\u00e7\u00f5es armazenadas e obtidas a partir dos cookies. Voc\u00ea pode remover os cookies seguindo as instru\u00e7\u00f5es das prefer\u00eancias do seu dispositivo; no entanto, se voc\u00ea optar por desativar os cookies, alguns recursos do nosso Site poder\u00e3o n\u00e3o funcionar corretamente e sua experi\u00eancia online poder\u00e1 ser limitada.<\/p>\n<p>Tamb\u00e9m utilizamos uma ferramenta chamada \u201cGoogle Analytics\u201d para coletar informa\u00e7\u00f5es sobre o seu uso do Site. O Google Analytics coleta informa\u00e7\u00f5es como a frequ\u00eancia com que os usu\u00e1rios acessam o Site, quais p\u00e1ginas eles visitam quando o fazem, etc. Usamos as informa\u00e7\u00f5es que obtemos do Google Analytics apenas para melhorar nosso Site e nossos servi\u00e7os. O Google Analytics coleta o endere\u00e7o IP atribu\u00eddo a voc\u00ea na data em que voc\u00ea visita os sites, em vez do seu nome ou outras informa\u00e7\u00f5es de identifica\u00e7\u00e3o. N\u00e3o combinamos as informa\u00e7\u00f5es coletadas atrav\u00e9s do uso do Google Analytics com informa\u00e7\u00f5es de identifica\u00e7\u00e3o pessoal. A capacidade do Google de usar e compartilhar informa\u00e7\u00f5es coletadas pelo Google Analytics sobre suas visitas a este Site \u00e9 restrita pelo Google Analytics\u00a0<a href=\"https:\/\/marketingplatform.google.com\/about\/analytics\/terms\/us\/\" target=\"_blank\" rel=\"noopener\">Termos de uso<\/a>\u00a0e a<a href=\"https:\/\/policies.google.com\/privacy?hl=en-US\" target=\"_blank\" rel=\"noopener\">\u00a0Pol\u00edtica de privacidade do Google<\/a>.<\/p>\n<h4>Coleta de informa\u00e7\u00f5es por terceiros<\/h4>\n<h4>\u00a0<\/h4>\n<p>Nossa pol\u00edtica aborda apenas o uso e a divulga\u00e7\u00e3o das informa\u00e7\u00f5es que coletamos de voc\u00ea. Na medida em que voc\u00ea divulga suas informa\u00e7\u00f5es a outras partes ou sites na Internet, regras diferentes podem ser aplicadas ao uso ou \u00e0 divulga\u00e7\u00e3o das informa\u00e7\u00f5es que voc\u00ea lhes divulga. Conseq\u00fcentemente, encorajamos voc\u00ea a ler os termos e condi\u00e7\u00f5es e a pol\u00edtica de privacidade de cada terceiro a quem voc\u00ea decidir divulgar informa\u00e7\u00f5es.\u00a0<\/p>\n<p>Esta Pol\u00edtica de Privacidade n\u00e3o se aplica \u00e0s pr\u00e1ticas de empresas que n\u00e3o possu\u00edmos ou controlamos, ou a indiv\u00edduos que n\u00e3o empregamos ou gerenciamos, incluindo qualquer um dos terceiros aos quais possamos divulgar informa\u00e7\u00f5es conforme estabelecido nesta Pol\u00edtica de Privacidade.\u00a0<\/p>\n<h4>Como protegemos suas informa\u00e7\u00f5es?<\/h4>\n<h4>\u00a0<\/h4>\n<p>Tomamos muito cuidado na implementa\u00e7\u00e3o e manuten\u00e7\u00e3o da seguran\u00e7a do Site e de suas informa\u00e7\u00f5es. Embora tomemos medidas razo\u00e1veis para proteger as informa\u00e7\u00f5es, n\u00e3o podemos ser respons\u00e1veis pelos atos daqueles que obt\u00eam acesso n\u00e3o autorizado ou abusam do nosso Site, e n\u00e3o oferecemos nenhuma garantia, expressa, impl\u00edcita ou de outra forma, de que impediremos tal acesso.<\/p>\n<h4>Transfer\u00eancia de dados fora do EEE\u00a0<\/h4>\n<h4>\u00a0<\/h4>\n<p>Observe que alguns destinat\u00e1rios de dados podem estar localizados fora do EEE. Nesses casos, transferiremos os seus dados apenas para pa\u00edses aprovados pela Comiss\u00e3o Europeia como fornecendo um n\u00edvel adequado de prote\u00e7\u00e3o de dados, ou celebraremos acordos legais que garantam um n\u00edvel adequado de prote\u00e7\u00e3o de dados.<\/p>\n<h4>An\u00fancios<\/h4>\n<p class=\"text-align-left\">\u00a0Podemos usar tecnologia de publicidade de terceiros para veicular an\u00fancios quando voc\u00ea acessa o Site. Esta tecnologia usa suas informa\u00e7\u00f5es em rela\u00e7\u00e3o ao uso dos Servi\u00e7os para lhe veicular an\u00fancios (por exemplo, colocando cookies de terceiros em seu navegador).\u00a0<\/p>\n<p class=\"text-align-left\">Voc\u00ea pode optar por n\u00e3o participar de muitas redes de an\u00fancios de terceiros, incluindo aquelas operadas por membros da Network Advertising Initiative (\u201cNAI\u201d) e da Digital Advertising Alliance (\u201cDAA\u201d). Para obter mais informa\u00e7\u00f5es sobre esta pr\u00e1tica por parte dos membros da NAI e da DAA, e suas escolhas em rela\u00e7\u00e3o ao uso dessas informa\u00e7\u00f5es por essas empresas, incluindo como cancelar o recebimento de redes de an\u00fancios de terceiros operadas por membros da NAI e da DAA, visite seus respectivos sites:\u00a0<a href=\"http:\/\/optout.networkadvertising.org\/#!\/%20and%20http:\/\/optout.aboutads.info\/#!\/\" target=\"_blank\" rel=\"noopener\" type=\"url\">http:\/\/optout.networkadvertising.org\/#!\/ e http:\/\/optout.aboutads.info\/#!\/<\/a><a href=\"http:\/\/optout.networkadvertising.org\/#!\/%20and%20http:\/\/optout.aboutads.info\/#!\/\" target=\"_blank\" rel=\"noopener\" type=\"url\">.<\/a><\/p>\n<h4>\u00a0<\/h4>\n<h4>Marketing<\/h4>\n<h4>\u00a0<\/h4>\n<p><span class=\"\">Poderemos utilizar as suas Informa\u00e7\u00f5es Pessoais, tais como o seu nome, endere\u00e7o de e-mail, n\u00famero de telefone, etc., n\u00f3s pr\u00f3prios ou recorrendo aos nossos subcontratantes terceiros com a finalidade de lhe fornecer materiais promocionais, relativos aos nossos servi\u00e7os, que acreditamos que possam ser do seu interesse.\u00a0<\/span><\/p>\n<p>Por respeito ao seu direito \u00e0 privacidade, fornecemos a voc\u00ea nesses materiais de marketing meios para recusar o recebimento de outras ofertas de marketing nossas. Se voc\u00ea cancelar a assinatura, removeremos seu endere\u00e7o de e-mail ou n\u00famero de telefone de nossas listas de distribui\u00e7\u00e3o de marketing.\u00a0<\/p>\n<p>Observe que, mesmo que voc\u00ea tenha cancelado o recebimento de nossos e-mails de marketing, poderemos enviar-lhe outros tipos de comunica\u00e7\u00f5es importantes por e-mail sem lhe oferecer a oportunidade de optar por n\u00e3o receb\u00ea-los. Isso pode incluir an\u00fancios de atendimento ao cliente ou avisos administrativos.<\/p>\n<h4>\u00a0<\/h4>\n<h4>Transa\u00e7\u00e3o corporativa<\/h4>\n<h4>\u00a0<\/h4>\n<p>Poderemos compartilhar informa\u00e7\u00f5es no caso de uma transa\u00e7\u00e3o corporativa (por exemplo, venda de uma parte substancial do nosso neg\u00f3cio, fus\u00e3o, consolida\u00e7\u00e3o ou venda de ativos). Na hip\u00f3tese acima, o cession\u00e1rio ou adquirente assumir\u00e1 os direitos e obriga\u00e7\u00f5es descritos nesta Pol\u00edtica de Privacidade.<\/p>\n<h4>Menores<\/h4>\n<h4>\u00a0<\/h4>\n<p>Compreendemos a import\u00e2ncia de proteger a privacidade das crian\u00e7as, especialmente num ambiente online. O Site n\u00e3o foi projetado ou direcionado a crian\u00e7as. Sob nenhuma circunst\u00e2ncia permitiremos o uso de nossos servi\u00e7os por menores sem consentimento ou autoriza\u00e7\u00e3o pr\u00e9via dos pais ou respons\u00e1vel legal. N\u00e3o coletamos intencionalmente informa\u00e7\u00f5es pessoais de menores. Se um pai ou respons\u00e1vel tomar conhecimento de que seu filho nos forneceu Informa\u00e7\u00f5es Pessoais sem o seu consentimento, ele dever\u00e1 entrar em contato conosco pelo e-mail <a href=\"mailto:support@flhomeshares.com\">support@flhomeshares.com<\/a> .<\/p>\n<h4>\u00a0<\/h4>\n<h4>Atualiza\u00e7\u00f5es ou altera\u00e7\u00f5es a esta Pol\u00edtica de Privacidade<\/h4>\n<h4>\u00a0<\/h4>\n<p>Reservamo-nos o direito de alterar ou revisar periodicamente a Pol\u00edtica de Privacidade; altera\u00e7\u00f5es materiais entrar\u00e3o em vigor imediatamente ap\u00f3s a exibi\u00e7\u00e3o da Pol\u00edtica de Privacidade revisada. A \u00faltima revis\u00e3o ser\u00e1 refletida na se\u00e7\u00e3o \u201c\u00daltima modifica\u00e7\u00e3o\u201d. O uso continuado da Plataforma, ap\u00f3s a notifica\u00e7\u00e3o de tais altera\u00e7\u00f5es em nosso site, constitui seu reconhecimento e consentimento de tais altera\u00e7\u00f5es \u00e0 Pol\u00edtica de Privacidade e sua concord\u00e2ncia em ficar vinculado aos termos de tais altera\u00e7\u00f5es.<\/p>\n<h4>Como entrar em contato conosco<\/h4>\n<h4>\u00a0<\/h4>\n<p><span class=\"\">Se voc\u00ea tiver alguma d\u00favida geral sobre o Site ou as informa\u00e7\u00f5es que coletamos sobre voc\u00ea e como as usamos, entre em contato conosco pelo e-mail\u00a0<\/span><a href=\"mailto:support@flhomeshares.com\">support@flhomeshares.com<\/a>.<\/p>\n\t\t\t\t\t\t\t\t<\/div>\n\t\t\t\t\t<\/div>\n\t\t<\/div>\n\t\t\t\t\t<\/div>\n\t\t<\/section>\n\t\t\t\t<\/div>","protected":false},"excerpt":{"rendered":"<p>Introdu\u00e7\u00e3o Esta Pol\u00edtica de Privacidade descreve as pr\u00e1ticas da Florida HomeShares (&quot;n\u00f3s&quot;, &quot;nosso&quot; ou &quot;a Empresa&quot;) com rela\u00e7\u00e3o \u00e0s informa\u00e7\u00f5es coletadas de usu\u00e1rios que acessam nosso site em &quot;https:\/\/www.floridahomeshares.com&quot;, ou de outra forma compartilham informa\u00e7\u00f5es pessoais informa\u00e7\u00f5es conosco (coletivamente: \u201cUsu\u00e1rios\u201d). Motivos para coleta de dados Processamento de seus dados pessoais [...]<\/p>","protected":false},"author":2,"featured_media":0,"parent":0,"menu_order":0,"comment_status":"closed","ping_status":"closed","template":"","meta":{"_acf_changed":false,"footnotes":""},"class_list":["post-3","page","type-page","status-publish","hentry"],"acf":[],"_links":{"self":[{"href":"https:\/\/floridahomeshares.com\/pt\/wp-json\/wp\/v2\/pages\/3","targetHints":{"allow":["GET"]}}],"collection":[{"href":"https:\/\/floridahomeshares.com\/pt\/wp-json\/wp\/v2\/pages"}],"about":[{"href":"https:\/\/floridahomeshares.com\/pt\/wp-json\/wp\/v2\/types\/page"}],"author":[{"embeddable":true,"href":"https:\/\/floridahomeshares.com\/pt\/wp-json\/wp\/v2\/users\/2"}],"replies":[{"embeddable":true,"href":"https:\/\/floridahomeshares.com\/pt\/wp-json\/wp\/v2\/comments?post=3"}],"version-history":[{"count":0,"href":"https:\/\/floridahomeshares.com\/pt\/wp-json\/wp\/v2\/pages\/3\/revisions"}],"wp:attachment":[{"href":"https:\/\/floridahomeshares.com\/pt\/wp-json\/wp\/v2\/media?parent=3"}],"curies":[{"name":"wp","href":"https:\/\/api.w.org\/{rel}","templated":true}]}}