{"id":195884,"date":"2023-12-13T05:13:59","date_gmt":"2023-12-13T05:13:59","guid":{"rendered":"https:\/\/floridahomeshares.com\/?page_id=195884"},"modified":"2025-07-18T09:14:58","modified_gmt":"2025-07-18T09:14:58","slug":"vip-experience","status":"publish","type":"page","link":"https:\/\/floridahomeshares.com\/pt\/vip-experience\/","title":{"rendered":"Experi\u00eancia VIP"},"content":{"rendered":"<div data-elementor-type=\"wp-page\" data-elementor-id=\"195884\" class=\"elementor elementor-195884\" data-elementor-post-type=\"page\">\n\t\t\t\t\t\t<section class=\"elementor-section elementor-top-section elementor-element elementor-element-0a29592 elementor-section-height-min-height elementor-section-boxed elementor-section-height-default elementor-section-items-middle\" data-id=\"0a29592\" data-element_type=\"section\" data-settings=\"{&quot;jet_parallax_layout_list&quot;:[],&quot;background_background&quot;:&quot;classic&quot;}\">\n\t\t\t\t\t\t\t<div class=\"elementor-background-overlay\"><\/div>\n\t\t\t\t\t\t\t<div class=\"elementor-container elementor-column-gap-default\">\n\t\t\t\t\t<div class=\"elementor-column elementor-col-100 elementor-top-column elementor-element elementor-element-523c830\" data-id=\"523c830\" data-element_type=\"column\">\n\t\t\t<div class=\"elementor-widget-wrap elementor-element-populated\">\n\t\t\t\t\t\t<section class=\"elementor-section elementor-inner-section elementor-element elementor-element-eabe336 elementor-section-boxed elementor-section-height-default elementor-section-height-default\" data-id=\"eabe336\" data-element_type=\"section\" data-settings=\"{&quot;jet_parallax_layout_list&quot;:[]}\">\n\t\t\t\t\t\t<div class=\"elementor-container elementor-column-gap-no\">\n\t\t\t\t\t<div class=\"elementor-column elementor-col-100 elementor-inner-column elementor-element elementor-element-47d171f\" data-id=\"47d171f\" data-element_type=\"column\">\n\t\t\t<div class=\"elementor-widget-wrap elementor-element-populated\">\n\t\t\t\t\t\t<div class=\"elementor-element elementor-element-473fadd elementor-widget elementor-widget-heading\" data-id=\"473fadd\" data-element_type=\"widget\" data-widget_type=\"heading.default\">\n\t\t\t\t\t<h1 class=\"elementor-heading-title elementor-size-default\">Experi\u00eancia VIP<\/h1>\t\t\t\t<\/div>\n\t\t\t\t<div class=\"elementor-element elementor-element-2f30eed elementor-widget elementor-widget-heading\" data-id=\"2f30eed\" data-element_type=\"widget\" data-widget_type=\"heading.default\">\n\t\t\t\t\t<h2 class=\"elementor-heading-title elementor-size-default\">Sente-se, relaxe e aproveite a experi\u00eancia<\/h2>\t\t\t\t<\/div>\n\t\t\t\t\t<\/div>\n\t\t<\/div>\n\t\t\t\t\t<\/div>\n\t\t<\/section>\n\t\t\t\t\t<\/div>\n\t\t<\/div>\n\t\t\t\t\t<\/div>\n\t\t<\/section>\n\t\t\t\t<section class=\"elementor-section elementor-top-section elementor-element elementor-element-8e1de98 elementor-reverse-tablet elementor-reverse-mobile elementor-section-boxed elementor-section-height-default elementor-section-height-default\" data-id=\"8e1de98\" data-element_type=\"section\" data-settings=\"{&quot;jet_parallax_layout_list&quot;:[]}\">\n\t\t\t\t\t\t<div class=\"elementor-container elementor-column-gap-default\">\n\t\t\t\t\t<div class=\"elementor-column elementor-col-100 elementor-top-column elementor-element elementor-element-6b57765\" data-id=\"6b57765\" data-element_type=\"column\">\n\t\t\t<div class=\"elementor-widget-wrap elementor-element-populated\">\n\t\t\t\t\t\t<div class=\"elementor-element elementor-element-48d8de7 elementor-widget elementor-widget-text-editor\" data-id=\"48d8de7\" data-element_type=\"widget\" data-widget_type=\"text-editor.default\">\n\t\t\t\t\t\t\t\t\t<p><span style=\"font-weight: 400;\">No <\/span><a href=\"https:\/\/floridahomeshares.com\/pt\/\"><span style=\"font-weight: 400;\">Florida HomeShares<\/span><\/a><span style=\"font-weight: 400;\">, entendemos que viajar deve ser uma aventura emocionante. \u00c9 por isso que estamos comprometidos em fornecer uma experi\u00eancia VIP para nossos h\u00f3spedes que buscam acomoda\u00e7\u00f5es de curta dura\u00e7\u00e3o em Orlando, FL. Nossas acomoda\u00e7\u00f5es luxuosas, combinadas com servi\u00e7os excepcionais, garantem que sua estadia n\u00e3o seja apenas confort\u00e1vel, mas verdadeiramente memor\u00e1vel.\u00a0<\/span><\/p>\t\t\t\t\t\t\t\t<\/div>\n\t\t\t\t<div class=\"elementor-element elementor-element-a5ef2c4 elementor-align-center elementor-widget elementor-widget-button\" data-id=\"a5ef2c4\" data-element_type=\"widget\" data-widget_type=\"button.default\">\n\t\t\t\t\t\t\t\t\t\t<a class=\"elementor-button elementor-button-link elementor-size-md\" href=\"https:\/\/floridahomeshares.com\/pt\/search-results\/\">\n\t\t\t\t\t\t<span class=\"elementor-button-content-wrapper\">\n\t\t\t\t\t\t\t\t\t<span class=\"elementor-button-text\">Agende agora<\/span>\n\t\t\t\t\t<\/span>\n\t\t\t\t\t<\/a>\n\t\t\t\t\t\t\t\t<\/div>\n\t\t\t\t<section class=\"elementor-section elementor-inner-section elementor-element elementor-element-525de49 elementor-section-boxed elementor-section-height-default elementor-section-height-default\" data-id=\"525de49\" data-element_type=\"section\" data-settings=\"{&quot;jet_parallax_layout_list&quot;:[]}\">\n\t\t\t\t\t\t<div class=\"elementor-container elementor-column-gap-default\">\n\t\t\t\t\t<div class=\"elementor-column elementor-col-50 elementor-inner-column elementor-element elementor-element-a7e8ee0\" data-id=\"a7e8ee0\" data-element_type=\"column\">\n\t\t\t<div class=\"elementor-widget-wrap elementor-element-populated\">\n\t\t\t\t\t\t<div class=\"elementor-element elementor-element-8386a88 elementor-cta--valign-top elementor-cta--skin-classic elementor-animated-content elementor-bg-transform elementor-bg-transform-zoom-in elementor-widget elementor-widget-call-to-action\" data-id=\"8386a88\" data-element_type=\"widget\" data-widget_type=\"call-to-action.default\">\n\t\t\t\t\t\t\t<div class=\"elementor-cta\">\n\t\t\t\t\t<div class=\"elementor-cta__bg-wrapper\">\n\t\t\t\t<div class=\"elementor-cta__bg elementor-bg lazyload\" style=\"background-image:inherit;\" role=\"img\" aria-label=\"massagem\" data-bg-image=\"url(https:\/\/floridahomeshares.com\/wp-content\/smush-webp\/2024\/09\/VIP1.png.webp)\"><\/div>\n\t\t\t\t<div class=\"elementor-cta__bg-overlay\"><\/div>\n\t\t\t<\/div>\n\t\t\t\t\t\t\t<div class=\"elementor-cta__content\">\n\t\t\t\t\n\t\t\t\t\t\t\t\t\t<h2 class=\"elementor-cta__title elementor-cta__content-item elementor-content-item\">\n\t\t\t\t\t\tTerapia de massagem personalizada<span style=\"background-color: var( --e-global-color-63c3c9c );text-align: inherit;text-transform: inherit\"><\/span>\t\t\t\t\t<\/h2>\n\t\t\t\t\n\t\t\t\t\t\t\t\t\t<div class=\"elementor-cta__description elementor-cta__content-item elementor-content-item\">\n\t\t\t\t\t\t<span><p dir=\"ltr\" style=\"line-height:1.38;margin-top:14pt;margin-bottom:14pt\">Imagine relaxar ap\u00f3s um longo dia de reuni\u00f5es com o toque relaxante de um massagista pessoal, bem na sua su\u00edte. Nossa parceria exclusiva com a Essential Kissimmee permite que voc\u00ea desfrute de uma massagem rejuvenescedora sem sair do conforto da sua acomoda\u00e7\u00e3o de curta estadia. Basta agendar seu hor\u00e1rio e deixar o relaxamento vir at\u00e9 voc\u00ea.<span style=\"background-color: var( --e-global-color-63c3c9c );letter-spacing: inherit\"><\/span><\/p><\/span>\t\t\t\t\t<\/div>\n\t\t\t\t\n\t\t\t\t\t\t\t\t\t<div class=\"elementor-cta__button-wrapper elementor-cta__content-item elementor-content-item\">\n\t\t\t\t\t<a class=\"elementor-cta__button elementor-button elementor-size-\" href=\"https:\/\/essentialkissimmee.com\/\" target=\"_blank\" rel=\"noopener\">\n\t\t\t\t\t\tKissimmee Essencial\t\t\t\t\t<\/a>\n\t\t\t\t\t<\/div>\n\t\t\t\t\t\t\t<\/div>\n\t\t\t\t\t\t<\/div>\n\t\t\t\t\t\t<\/div>\n\t\t\t\t\t<\/div>\n\t\t<\/div>\n\t\t\t\t<div class=\"elementor-column elementor-col-50 elementor-inner-column elementor-element elementor-element-d047352\" data-id=\"d047352\" data-element_type=\"column\">\n\t\t\t<div class=\"elementor-widget-wrap elementor-element-populated\">\n\t\t\t\t\t\t<div class=\"elementor-element elementor-element-ec90f4c elementor-cta--valign-top elementor-cta--skin-classic elementor-animated-content elementor-bg-transform elementor-bg-transform-zoom-in elementor-widget elementor-widget-call-to-action\" data-id=\"ec90f4c\" data-element_type=\"widget\" data-widget_type=\"call-to-action.default\">\n\t\t\t\t\t\t\t<div class=\"elementor-cta\">\n\t\t\t\t\t<div class=\"elementor-cta__bg-wrapper\">\n\t\t\t\t<div class=\"elementor-cta__bg elementor-bg lazyload\" style=\"background-image:inherit;\" role=\"img\" aria-label=\"estilingue\" data-bg-image=\"url(https:\/\/floridahomeshares.com\/wp-content\/smush-webp\/2024\/09\/VIP2-768x768.png.webp)\"><\/div>\n\t\t\t\t<div class=\"elementor-cta__bg-overlay\"><\/div>\n\t\t\t<\/div>\n\t\t\t\t\t\t\t<div class=\"elementor-cta__content\">\n\t\t\t\t\n\t\t\t\t\t\t\t\t\t<h2 class=\"elementor-cta__title elementor-cta__content-item elementor-content-item\">\n\t\t\t\t\t\tAluguel de carros esportivos emocionantes\t\t\t\t\t<\/h2>\n\t\t\t\t\n\t\t\t\t\t\t\t\t\t<div class=\"elementor-cta__description elementor-cta__content-item elementor-content-item\">\n\t\t\t\t\t\t<span><p dir=\"ltr\" style=\"line-height:1.38;margin-top:14pt;margin-bottom:14pt\">Explore as \u00e1reas pitorescas de Orlando e Kissimmee com estilo! Com nosso parceiro exclusivo, Ace Motorsports Rentals, voc\u00ea pode alugar um Polaris Slingshot para elevar sua experi\u00eancia de viagem. Entre em contato conosco antes de reservar para receber um c\u00f3digo promocional de 10% de desconto no seu aluguel, garantindo que voc\u00ea aproveite cada momento da sua estadia.<span style=\"background-color: var( --e-global-color-63c3c9c );letter-spacing: inherit\"><\/span><\/p><\/span>\t\t\t\t\t<\/div>\n\t\t\t\t\n\t\t\t\t\t\t\t\t\t<div class=\"elementor-cta__button-wrapper elementor-cta__content-item elementor-content-item\">\n\t\t\t\t\t<a class=\"elementor-cta__button elementor-button elementor-size-\" href=\"https:\/\/acemotorsportrentals.com\/net-home\/\" target=\"_blank\" rel=\"noopener\">\n\t\t\t\t\t\tAluguel de Ace Motorsports\t\t\t\t\t<\/a>\n\t\t\t\t\t<\/div>\n\t\t\t\t\t\t\t<\/div>\n\t\t\t\t\t\t<\/div>\n\t\t\t\t\t\t<\/div>\n\t\t\t\t\t<\/div>\n\t\t<\/div>\n\t\t\t\t\t<\/div>\n\t\t<\/section>\n\t\t\t\t<section class=\"elementor-section elementor-inner-section elementor-element elementor-element-7f46b9b elementor-section-boxed elementor-section-height-default elementor-section-height-default\" data-id=\"7f46b9b\" data-element_type=\"section\" data-settings=\"{&quot;jet_parallax_layout_list&quot;:[]}\">\n\t\t\t\t\t\t<div class=\"elementor-container elementor-column-gap-default\">\n\t\t\t\t\t<div class=\"elementor-column elementor-col-50 elementor-inner-column elementor-element elementor-element-29dcff7\" data-id=\"29dcff7\" data-element_type=\"column\">\n\t\t\t<div class=\"elementor-widget-wrap elementor-element-populated\">\n\t\t\t\t\t\t<div class=\"elementor-element elementor-element-52db320 elementor-cta--valign-top elementor-cta--skin-classic elementor-animated-content elementor-bg-transform elementor-bg-transform-zoom-in elementor-widget elementor-widget-call-to-action\" data-id=\"52db320\" data-element_type=\"widget\" data-widget_type=\"call-to-action.default\">\n\t\t\t\t\t\t\t<div class=\"elementor-cta\">\n\t\t\t\t\t<div class=\"elementor-cta__bg-wrapper\">\n\t\t\t\t<div class=\"elementor-cta__bg elementor-bg lazyload\" style=\"background-image:inherit;\" role=\"img\" aria-label=\"prepara\u00e7\u00e3o de alimentos\" data-bg-image=\"url(https:\/\/floridahomeshares.com\/wp-content\/smush-webp\/2024\/09\/VIP3-1-768x768.jpg.webp)\"><\/div>\n\t\t\t\t<div class=\"elementor-cta__bg-overlay\"><\/div>\n\t\t\t<\/div>\n\t\t\t\t\t\t\t<div class=\"elementor-cta__content\">\n\t\t\t\t\n\t\t\t\t\t\t\t\t\t<h2 class=\"elementor-cta__title elementor-cta__content-item elementor-content-item\">\n\t\t\t\t\t\tRefei\u00e7\u00f5es gourmet com servi\u00e7os de chef pessoal<span style=\"background-color: var( --e-global-color-63c3c9c );text-align: inherit;text-transform: inherit\"><\/span>\t\t\t\t\t<\/h2>\n\t\t\t\t\n\t\t\t\t\t\t\t\t\t<div class=\"elementor-cta__description elementor-cta__content-item elementor-content-item\">\n\t\t\t\t\t\tDelicie-se com o luxo de jantar com nossos servi\u00e7os de chef pessoal. O Chef Sami tem 23 anos de experi\u00eancia acumulada como chef. Saboreie jantares deliciosos ou caf\u00e9s da manh\u00e3 relaxantes sem nunca sair de casa. Basta entrar em contato conosco para solicitar este servi\u00e7o exclusivo e desfrutar de uma experi\u00eancia culin\u00e1ria que complementa sua estadia.<span style=\"background-color: var( --e-global-color-63c3c9c );letter-spacing: inherit\"><\/span>\t\t\t\t\t<\/div>\n\t\t\t\t\n\t\t\t\t\t\t\t<\/div>\n\t\t\t\t\t\t<\/div>\n\t\t\t\t\t\t<\/div>\n\t\t\t\t\t<\/div>\n\t\t<\/div>\n\t\t\t\t<div class=\"elementor-column elementor-col-50 elementor-inner-column elementor-element elementor-element-dbb68d4\" data-id=\"dbb68d4\" data-element_type=\"column\">\n\t\t\t<div class=\"elementor-widget-wrap elementor-element-populated\">\n\t\t\t\t\t\t<div class=\"elementor-element elementor-element-f43a06c elementor-cta--valign-top elementor-cta--skin-classic elementor-animated-content elementor-bg-transform elementor-bg-transform-zoom-in elementor-widget elementor-widget-call-to-action\" data-id=\"f43a06c\" data-element_type=\"widget\" data-widget_type=\"call-to-action.default\">\n\t\t\t\t\t\t\t<div class=\"elementor-cta\">\n\t\t\t\t\t<div class=\"elementor-cta__bg-wrapper\">\n\t\t\t\t<div class=\"elementor-cta__bg elementor-bg lazyload\" style=\"background-image:inherit;\" role=\"img\" aria-label=\"VIP4\" data-bg-image=\"url(https:\/\/floridahomeshares.com\/wp-content\/smush-webp\/2024\/09\/VIP4-768x768.png.webp)\"><\/div>\n\t\t\t\t<div class=\"elementor-cta__bg-overlay\"><\/div>\n\t\t\t<\/div>\n\t\t\t\t\t\t\t<div class=\"elementor-cta__content\">\n\t\t\t\t\n\t\t\t\t\t\t\t\t\t<h2 class=\"elementor-cta__title elementor-cta__content-item elementor-content-item\">\n\t\t\t\t\t\tServi\u00e7os extras personalizados para voc\u00ea<span style=\"background-color: var( --e-global-color-63c3c9c );text-align: inherit;text-transform: inherit\"><\/span>\t\t\t\t\t<\/h2>\n\t\t\t\t\n\t\t\t\t\t\t\t\t\t<div class=\"elementor-cta__description elementor-cta__content-item elementor-content-item\">\n\t\t\t\t\t\tPara aqueles que buscam confortos adicionais, oferecemos servi\u00e7os de limpeza durante sua estadia intermedi\u00e1ria, garantindo que seu apartamento de curta estadia permane\u00e7a imaculado durante toda a sua estadia. Al\u00e9m disso, sua casa vir\u00e1 abastecida com lanches e uma garrafa de vinho de boas-vindas como um s\u00edmbolo de nossa aprecia\u00e7\u00e3o por escolher a Florida HomeShares.<span style=\"background-color: var( --e-global-color-63c3c9c );letter-spacing: inherit\"><\/span>\t\t\t\t\t<\/div>\n\t\t\t\t\n\t\t\t\t\t\t\t<\/div>\n\t\t\t\t\t\t<\/div>\n\t\t\t\t\t\t<\/div>\n\t\t\t\t\t<\/div>\n\t\t<\/div>\n\t\t\t\t\t<\/div>\n\t\t<\/section>\n\t\t\t\t<div class=\"elementor-element elementor-element-6051f3c elementor-widget elementor-widget-spacer\" data-id=\"6051f3c\" data-element_type=\"widget\" data-widget_type=\"spacer.default\">\n\t\t\t\t\t\t\t<div class=\"elementor-spacer\">\n\t\t\t<div class=\"elementor-spacer-inner\"><\/div>\n\t\t<\/div>\n\t\t\t\t\t\t<\/div>\n\t\t\t\t<div class=\"elementor-element elementor-element-478b23d elementor-widget elementor-widget-text-editor\" data-id=\"478b23d\" data-element_type=\"widget\" data-widget_type=\"text-editor.default\">\n\t\t\t\t\t\t\t\t\t<p><span style=\"font-weight: 400;\">Na Florida HomeShares, priorizamos a satisfa\u00e7\u00e3o do h\u00f3spede e oferecemos um desconto para a primeira estadia e um desconto para clientes recorrentes. Com nossa equipe dedicada dispon\u00edvel 24 horas por dia, 7 dias por semana, reservar sua experi\u00eancia VIP nunca foi t\u00e3o f\u00e1cil. <\/span><a href=\"https:\/\/floridahomeshares.com\/pt\/contact\/\"><span style=\"font-weight: 400;\">Conecte-se conosco<\/span><\/a><span style=\"font-weight: 400;\"> para mais informa\u00e7\u00f5es, e deixe-nos tornar sua estadia em Orlando verdadeiramente especial!\u00a0<\/span><\/p>\t\t\t\t\t\t\t\t<\/div>\n\t\t\t\t<div class=\"elementor-element elementor-element-a1b5eb1 elementor-align-center elementor-widget elementor-widget-button\" data-id=\"a1b5eb1\" data-element_type=\"widget\" data-widget_type=\"button.default\">\n\t\t\t\t\t\t\t\t\t\t<a class=\"elementor-button elementor-button-link elementor-size-md\" href=\"https:\/\/floridahomeshares.com\/pt\/search-results\/\">\n\t\t\t\t\t\t<span class=\"elementor-button-content-wrapper\">\n\t\t\t\t\t\t\t\t\t<span class=\"elementor-button-text\">AGENDE AGORA<\/span>\n\t\t\t\t\t<\/span>\n\t\t\t\t\t<\/a>\n\t\t\t\t\t\t\t\t<\/div>\n\t\t\t\t\t<\/div>\n\t\t<\/div>\n\t\t\t\t\t<\/div>\n\t\t<\/section>\n\t\t\t\t<section class=\"elementor-section elementor-top-section elementor-element elementor-element-3fa78e3 elementor-section-boxed elementor-section-height-default elementor-section-height-default\" data-id=\"3fa78e3\" data-element_type=\"section\" data-settings=\"{&quot;jet_parallax_layout_list&quot;:[],&quot;background_background&quot;:&quot;classic&quot;}\">\n\t\t\t\t\t\t<div class=\"elementor-container elementor-column-gap-default\">\n\t\t\t\t\t<div class=\"elementor-column elementor-col-50 elementor-top-column elementor-element elementor-element-a56a438\" data-id=\"a56a438\" data-element_type=\"column\">\n\t\t\t<div class=\"elementor-widget-wrap elementor-element-populated\">\n\t\t\t\t\t\t<div class=\"elementor-element elementor-element-78163ce elementor-widget elementor-widget-heading\" data-id=\"78163ce\" data-element_type=\"widget\" data-widget_type=\"heading.default\">\n\t\t\t\t\t<h2 class=\"elementor-heading-title elementor-size-default\">Tem um pedido especial?<\/h2>\t\t\t\t<\/div>\n\t\t\t\t\t<\/div>\n\t\t<\/div>\n\t\t\t\t<div class=\"elementor-column elementor-col-50 elementor-top-column elementor-element elementor-element-7feef45\" data-id=\"7feef45\" data-element_type=\"column\">\n\t\t\t<div class=\"elementor-widget-wrap elementor-element-populated\">\n\t\t\t\t\t\t<div class=\"elementor-element elementor-element-1d2e9b3 elementor-align-center elementor-widget elementor-widget-button\" data-id=\"1d2e9b3\" data-element_type=\"widget\" data-widget_type=\"button.default\">\n\t\t\t\t\t\t\t\t\t\t<a class=\"elementor-button elementor-button-link elementor-size-md\" href=\"https:\/\/floridahomeshares.com\/pt\/contact\/\">\n\t\t\t\t\t\t<span class=\"elementor-button-content-wrapper\">\n\t\t\t\t\t\t\t\t\t<span class=\"elementor-button-text\">ENTRAR EM CONTATO<\/span>\n\t\t\t\t\t<\/span>\n\t\t\t\t\t<\/a>\n\t\t\t\t\t\t\t\t<\/div>\n\t\t\t\t\t<\/div>\n\t\t<\/div>\n\t\t\t\t\t<\/div>\n\t\t<\/section>\n\t\t\t\t<section class=\"elementor-section elementor-top-section elementor-element elementor-element-21914f6 elementor-section-boxed elementor-section-height-default elementor-section-height-default\" data-id=\"21914f6\" data-element_type=\"section\" data-settings=\"{&quot;jet_parallax_layout_list&quot;:[]}\">\n\t\t\t\t\t\t<div class=\"elementor-container elementor-column-gap-default\">\n\t\t\t\t\t<div class=\"elementor-column elementor-col-100 elementor-top-column elementor-element elementor-element-d5af511\" data-id=\"d5af511\" data-element_type=\"column\">\n\t\t\t<div class=\"elementor-widget-wrap elementor-element-populated\">\n\t\t\t\t\t\t<div class=\"elementor-element elementor-element-2aea775 elementor-widget elementor-widget-html\" data-id=\"2aea775\" data-element_type=\"widget\" data-widget_type=\"html.default\">\n\t\t\t\t\t<!--Start of Tawk.to Script-->\r\n<script type=\"text\/javascript\">\r\nvar Tawk_API=Tawk_API||{}, Tawk_LoadStart=new Date();\r\n(function(){\r\nvar s1=document.createElement(\"script\"),s0=document.getElementsByTagName(\"script\")[0];\r\ns1.async=true;\r\ns1.src='https:\/\/embed.tawk.to\/65d950af8d261e1b5f64ae05\/1hnce6b68';\r\ns1.charset='UTF-8';\r\ns1.setAttribute('crossorigin','*');\r\ns0.parentNode.insertBefore(s1,s0);\r\n})();\r\n<\/script>\r\n<!--End of Tawk.to Script-->\t\t\t\t<\/div>\n\t\t\t\t\t<\/div>\n\t\t<\/div>\n\t\t\t\t\t<\/div>\n\t\t<\/section>\n\t\t\t\t<\/div>","protected":false},"excerpt":{"rendered":"<p>Experi\u00eancia VIP: Relaxe e Aproveite a Experi\u00eancia. Na Florida HomeShares, entendemos que viajar deve ser uma aventura emocionante. \u00c9 por isso que nos comprometemos a proporcionar uma experi\u00eancia VIP aos nossos h\u00f3spedes que buscam acomoda\u00e7\u00f5es de curta dura\u00e7\u00e3o em Orlando, FL. Nossas acomoda\u00e7\u00f5es luxuosas, combinadas com servi\u00e7os excepcionais, garantem que sua estadia n\u00e3o seja apenas confort\u00e1vel [\u2026]<\/p>","protected":false},"author":2,"featured_media":197539,"parent":0,"menu_order":0,"comment_status":"closed","ping_status":"closed","template":"","meta":{"_acf_changed":false,"footnotes":""},"class_list":["post-195884","page","type-page","status-publish","has-post-thumbnail","hentry"],"acf":[],"_links":{"self":[{"href":"https:\/\/floridahomeshares.com\/pt\/wp-json\/wp\/v2\/pages\/195884","targetHints":{"allow":["GET"]}}],"collection":[{"href":"https:\/\/floridahomeshares.com\/pt\/wp-json\/wp\/v2\/pages"}],"about":[{"href":"https:\/\/floridahomeshares.com\/pt\/wp-json\/wp\/v2\/types\/page"}],"author":[{"embeddable":true,"href":"https:\/\/floridahomeshares.com\/pt\/wp-json\/wp\/v2\/users\/2"}],"replies":[{"embeddable":true,"href":"https:\/\/floridahomeshares.com\/pt\/wp-json\/wp\/v2\/comments?post=195884"}],"version-history":[{"count":0,"href":"https:\/\/floridahomeshares.com\/pt\/wp-json\/wp\/v2\/pages\/195884\/revisions"}],"wp:featuredmedia":[{"embeddable":true,"href":"https:\/\/floridahomeshares.com\/pt\/wp-json\/wp\/v2\/media\/197539"}],"wp:attachment":[{"href":"https:\/\/floridahomeshares.com\/pt\/wp-json\/wp\/v2\/media?parent=195884"}],"curies":[{"name":"wp","href":"https:\/\/api.w.org\/{rel}","templated":true}]}}