{"id":195534,"date":"2023-10-30T05:51:36","date_gmt":"2023-10-30T05:51:36","guid":{"rendered":"https:\/\/floridahomeshares.com\/?page_id=195534"},"modified":"2024-03-05T05:04:14","modified_gmt":"2024-03-05T05:04:14","slug":"terms-and-conditions","status":"publish","type":"page","link":"https:\/\/floridahomeshares.com\/pt\/terms-and-conditions\/","title":{"rendered":"Termos e Condi\u00e7\u00f5es"},"content":{"rendered":"<div data-elementor-type=\"wp-page\" data-elementor-id=\"195534\" class=\"elementor elementor-195534\" data-elementor-post-type=\"page\">\n\t\t\t\t\t\t<section class=\"elementor-section elementor-top-section elementor-element elementor-element-e7ac866 elementor-section-height-min-height elementor-section-boxed elementor-section-height-default elementor-section-items-middle\" data-id=\"e7ac866\" data-element_type=\"section\" data-settings=\"{&quot;jet_parallax_layout_list&quot;:[],&quot;background_background&quot;:&quot;classic&quot;}\">\n\t\t\t\t\t\t\t<div class=\"elementor-background-overlay\"><\/div>\n\t\t\t\t\t\t\t<div class=\"elementor-container elementor-column-gap-default\">\n\t\t\t\t\t<div class=\"elementor-column elementor-col-100 elementor-top-column elementor-element elementor-element-45586a4\" data-id=\"45586a4\" data-element_type=\"column\">\n\t\t\t<div class=\"elementor-widget-wrap elementor-element-populated\">\n\t\t\t\t\t\t<section class=\"elementor-section elementor-inner-section elementor-element elementor-element-40907dc elementor-section-boxed elementor-section-height-default elementor-section-height-default\" data-id=\"40907dc\" data-element_type=\"section\" data-settings=\"{&quot;jet_parallax_layout_list&quot;:[]}\">\n\t\t\t\t\t\t<div class=\"elementor-container elementor-column-gap-no\">\n\t\t\t\t\t<div class=\"elementor-column elementor-col-100 elementor-inner-column elementor-element elementor-element-58be38b\" data-id=\"58be38b\" data-element_type=\"column\">\n\t\t\t<div class=\"elementor-widget-wrap elementor-element-populated\">\n\t\t\t\t\t\t<div class=\"elementor-element elementor-element-6a31bce elementor-widget elementor-widget-heading\" data-id=\"6a31bce\" data-element_type=\"widget\" data-widget_type=\"heading.default\">\n\t\t\t\t\t<h1 class=\"elementor-heading-title elementor-size-default\">Termos e Condi\u00e7\u00f5es<\/h1>\t\t\t\t<\/div>\n\t\t\t\t\t<\/div>\n\t\t<\/div>\n\t\t\t\t\t<\/div>\n\t\t<\/section>\n\t\t\t\t\t<\/div>\n\t\t<\/div>\n\t\t\t\t\t<\/div>\n\t\t<\/section>\n\t\t\t\t<section class=\"elementor-section elementor-top-section elementor-element elementor-element-d5713f3 elementor-section-boxed elementor-section-height-default elementor-section-height-default\" data-id=\"d5713f3\" data-element_type=\"section\" data-settings=\"{&quot;jet_parallax_layout_list&quot;:[]}\">\n\t\t\t\t\t\t<div class=\"elementor-container elementor-column-gap-default\">\n\t\t\t\t\t<div class=\"elementor-column elementor-col-100 elementor-top-column elementor-element elementor-element-f2435a0\" data-id=\"f2435a0\" data-element_type=\"column\">\n\t\t\t<div class=\"elementor-widget-wrap elementor-element-populated\">\n\t\t\t\t\t\t<div class=\"elementor-element elementor-element-dbbb01f elementor-widget elementor-widget-text-editor\" data-id=\"dbbb01f\" data-element_type=\"widget\" data-widget_type=\"text-editor.default\">\n\t\t\t\t\t\t\t\t\t<h4 align=\"left\">1. Aceita\u00e7\u00e3o dos Termos de Uso e Altera\u00e7\u00f5es.<\/h4><p align=\"left\">Cada vez que voc\u00ea usa ou acessa este site, voc\u00ea concorda em obedecer a estes Termos de Uso e conforme alterados de tempos em tempos, com ou sem aviso pr\u00e9vio. Al\u00e9m disso, se voc\u00ea estiver usando um servi\u00e7o espec\u00edfico neste site ou por meio dele, estar\u00e1 sujeito a quaisquer regras ou diretrizes aplic\u00e1veis a esses servi\u00e7os e elas ser\u00e3o incorporadas por refer\u00eancia nestes Termos de Uso. Por favor veja nosso\u00a0<a href=\"https:\/\/floridahomeshares.com\/pt\/privacy-policy\/\">pol\u00edtica de Privacidade<\/a>, que \u00e9 incorporado a estes Termos de Uso por refer\u00eancia.<\/p><h4 align=\"left\">\u00a0<\/h4><h4 align=\"left\">2. Nosso servi\u00e7o.<\/h4><p align=\"left\">Nosso site e servi\u00e7os s\u00e3o fornecidos a voc\u00ea \u201cNO ESTADO EM QUE SE ENCONTRAM\u201d. Voc\u00ea concorda que os propriet\u00e1rios deste site reservam-se exclusivamente o direito e podem, a qualquer momento e sem aviso pr\u00e9vio e qualquer responsabilidade para voc\u00ea, modificar ou descontinuar este site e seus servi\u00e7os ou excluir os dados que voc\u00ea fornece, seja tempor\u00e1ria ou permanentemente. N\u00e3o teremos qualquer responsabilidade pela pontualidade, exclus\u00e3o, falha no armazenamento, imprecis\u00e3o ou entrega inadequada de quaisquer dados ou informa\u00e7\u00f5es.<\/p><h4 align=\"left\">\u00a0<\/h4><h4 align=\"left\">3. Suas responsabilidades e obriga\u00e7\u00f5es de reserva\/reserva.<\/h4><p align=\"left\">Para usar alguns recursos deste site, voc\u00ea precisar\u00e1 fornecer informa\u00e7\u00f5es pessoais em nosso site e concordar em fornecer informa\u00e7\u00f5es verdadeiras quando solicitado, e ter pelo menos dezoito (21) anos de idade ou mais. Ao se registrar, voc\u00ea concorda explicitamente com nossos Termos de Uso e com os que podem ser modificados por n\u00f3s de tempos em tempos e dispon\u00edveis aqui.<\/p><h4 align=\"left\">\u00a0<\/h4><h4 align=\"left\">4. Pol\u00edtica de Privacidade.<\/h4><p align=\"left\">Os dados de registo e outras informa\u00e7\u00f5es de identifica\u00e7\u00e3o pessoal que possamos recolher est\u00e3o sujeitos aos termos da nossa Pol\u00edtica de Privacidade<a href=\"http:\/\/heavenessentialsvs.com\/policies\/terms-of-use\/84-privacy-policy.html\" target=\"_blank\" rel=\"noopener\">.<\/a><\/p><p align=\"left\">\u00a0<\/p><h4 align=\"left\">5. Sua conduta.<\/h4><p align=\"left\">Voc\u00ea concorda que todas as informa\u00e7\u00f5es ou dados de qualquer tipo (\u201cConte\u00fado\u201d), fornecidos p\u00fablica ou privadamente, ser\u00e3o de responsabilidade exclusiva da pessoa que fornece o Conte\u00fado ou da pessoa cuja conta de usu\u00e1rio \u00e9 usada. N\u00e3o seremos respons\u00e1veis perante voc\u00ea de forma alguma pelo Conte\u00fado que aparece neste site nem por qualquer erro ou omiss\u00e3o.<\/p><p align=\"left\">Voc\u00ea concorda explicitamente, ao usar este site ou qualquer servi\u00e7o fornecido, que n\u00e3o dever\u00e1:<br \/>(a) fornecer qualquer Conte\u00fado ou realizar qualquer conduta que possa ser ilegal, ilegal, amea\u00e7adora, prejudicial, abusiva, assediante, perseguidora, il\u00edcita, difamat\u00f3ria, caluniosa, vulgar, obscena, ofensiva, censur\u00e1vel, pornogr\u00e1fica, destinada a interferir ou interromper este site ou qualquer servi\u00e7o fornecido, infectado com v\u00edrus ou outra rotina de programa\u00e7\u00e3o destrutiva ou prejudicial, d\u00ea origem a responsabilidade civil ou criminal, ou que possa violar uma lei local, nacional ou internacional aplic\u00e1vel;<br \/>(b) personificar ou deturpar sua associa\u00e7\u00e3o com qualquer pessoa ou entidade, ou forjar ou de outra forma tentar ocultar ou deturpar a origem de qualquer Conte\u00fado fornecido por voc\u00ea;<br \/>(c) coletar ou colher quaisquer dados sobre outros usu\u00e1rios;<br \/>(d) fornecer ou usar este site e qualquer Conte\u00fado ou servi\u00e7o de qualquer maneira comercial ou que envolva lixo eletr\u00f4nico, spam, correntes, esquemas de pir\u00e2mide ou qualquer outra forma de publicidade n\u00e3o autorizada sem nosso consentimento pr\u00e9vio por escrito;<br \/>(e) fornecer qualquer Conte\u00fado que possa dar origem \u00e0 nossa responsabilidade civil ou criminal ou que possa constituir ou ser considerado uma viola\u00e7\u00e3o de qualquer lei local, nacional ou internacional, incluindo, mas n\u00e3o limitado a, leis relacionadas a direitos autorais, marcas registradas, patentes ou com\u00e9rcio segredos.<\/p><h4 align=\"left\">\u00a0<\/h4><h4 align=\"left\">6. Envio de Conte\u00fado deste Site.<\/h4><p align=\"left\">Ao fornecer qualquer Conte\u00fado ao nosso site:<br \/>(a) voc\u00ea concorda em nos conceder um direito e uma licen\u00e7a mundial, isentos de royalties, perp\u00e9tuos e n\u00e3o exclusivos (incluindo quaisquer direitos morais ou outros direitos necess\u00e1rios) para usar, exibir, reproduzir, modificar, adaptar, publicar, distribuir, executar , promover, arquivar, traduzir e criar trabalhos derivados e compila\u00e7\u00f5es, no todo ou em parte. Essa licen\u00e7a ser\u00e1 aplic\u00e1vel a qualquer forma, m\u00eddia, tecnologia conhecida ou desenvolvida posteriormente;<br \/>(b) voc\u00ea garante e declara que possui todos os direitos legais, morais e outros que possam ser necess\u00e1rios para nos conceder a licen\u00e7a estabelecida nesta Se\u00e7\u00e3o 7;<br \/>(c) voc\u00ea reconhece e concorda que teremos o direito (mas n\u00e3o a obriga\u00e7\u00e3o), a nosso exclusivo crit\u00e9rio, de recusar a publica\u00e7\u00e3o ou de remover ou bloquear o acesso a qualquer Conte\u00fado que voc\u00ea fornecer a qualquer momento e por qualquer motivo, com ou sem perceber.<\/p><h4 align=\"left\">\u00a0<\/h4><h4 align=\"left\">7. Servi\u00e7os de Terceiros.<\/h4><p align=\"left\">Bens e servi\u00e7os de terceiros podem ser anunciados e\/ou disponibilizados neste site ou atrav\u00e9s dele. As representa\u00e7\u00f5es feitas sobre produtos e servi\u00e7os fornecidos por terceiros s\u00e3o regidas pelas pol\u00edticas e representa\u00e7\u00f5es feitas por esses terceiros. N\u00e3o seremos respons\u00e1veis ou respons\u00e1veis de forma alguma por qualquer uma de suas negocia\u00e7\u00f5es ou intera\u00e7\u00f5es com terceiros.<\/p><h4 align=\"left\">\u00a0<\/h4><h4 align=\"left\">8. Indeniza\u00e7\u00e3o.<\/h4><p align=\"left\">Voc\u00ea concorda em indenizar e isentar a n\u00f3s, nossas subsidi\u00e1rias, afiliadas, partes relacionadas, executivos, diretores, funcion\u00e1rios, agentes, contratados independentes, anunciantes, parceiros e co-branders de qualquer reclama\u00e7\u00e3o ou demanda, incluindo honor\u00e1rios advocat\u00edcios razo\u00e1veis, que possam ser feita por terceiros, que seja devida ou decorrente de sua conduta ou conex\u00e3o com este site ou servi\u00e7o, seu fornecimento de Conte\u00fado, sua viola\u00e7\u00e3o destes Termos de Uso ou qualquer outra viola\u00e7\u00e3o dos direitos de outra pessoa ou parte.<\/p><h4 align=\"left\">\u00a0<\/h4><h4 align=\"left\">9. Reserva de Direitos.<\/h4><p align=\"left\">Reservamo-nos todos os nossos direitos, incluindo, entre outros, todos e quaisquer direitos autorais, marcas registradas, patentes, segredos comerciais e qualquer outro direito de propriedade que possamos ter em nosso site, seu conte\u00fado e os bens e servi\u00e7os que possam ser fornecidos. . A utiliza\u00e7\u00e3o dos nossos direitos e propriedade requer o nosso consentimento pr\u00e9vio por escrito. N\u00e3o estamos fornecendo nenhuma licen\u00e7a ou direito impl\u00edcito ou expresso ao disponibilizar servi\u00e7os para voc\u00ea e voc\u00ea n\u00e3o ter\u00e1 o direito de fazer qualquer uso comercial de nosso site ou servi\u00e7o sem nosso consentimento pr\u00e9vio por escrito.<\/p><h4 align=\"left\">\u00a0<\/h4><h4 align=\"left\">10. Lei Aplic\u00e1vel.<\/h4><p align=\"left\">Voc\u00ea concorda que estes Termos de Uso e qualquer disputa decorrente do uso deste site ou de nossos produtos ou servi\u00e7os ser\u00e3o regidos e interpretados de acordo com as leis locais onde a sede do propriet\u00e1rio deste site est\u00e1 localizada, independentemente ao seu conflito de disposi\u00e7\u00f5es legais. Ao registrar-se ou utilizar este site e servi\u00e7o, voc\u00ea concorda e se submete \u00e0 jurisdi\u00e7\u00e3o e foro exclusivo do condado ou cidade onde est\u00e1 localizada a sede do propriet\u00e1rio deste site. Para essas informa\u00e7\u00f5es, confira o\u00a0<a href=\"https:\/\/floridahomeshares.com\/pt\/contact\/\">Contate-nos<\/a>\u00a0p\u00e1gina.<\/p><h4 align=\"left\">\u00a0<\/h4><h4 align=\"left\">11. Informa\u00e7\u00f5es diversas.<\/h4><p align=\"left\">(i) No caso de estes Termos de Uso entrarem em conflito com qualquer lei sob a qual qualquer disposi\u00e7\u00e3o possa ser considerada inv\u00e1lida por um tribunal com jurisdi\u00e7\u00e3o sobre as partes, tal disposi\u00e7\u00e3o ser\u00e1 interpretada para refletir as inten\u00e7\u00f5es originais das partes de acordo com a lei aplic\u00e1vel. , e o restante destes Termos de Uso permanecer\u00e1 v\u00e1lido e intacto; (ii) A falha de qualquer uma das partes em reivindicar qualquer direito sob estes Termos de Uso n\u00e3o ser\u00e1 considerada uma ren\u00fancia a qualquer direito dessa parte e esse direito permanecer\u00e1 em pleno vigor e efeito; (iii) Voc\u00ea concorda que, independentemente de qualquer estatuto ou lei contr\u00e1ria, qualquer reclama\u00e7\u00e3o ou causa decorrente deste site ou de seus servi\u00e7os deve ser apresentada dentro de um (1) ano ap\u00f3s o surgimento de tal reclama\u00e7\u00e3o ou causa ou a reclama\u00e7\u00e3o ser\u00e1 barrada para sempre ; (iv) Poderemos ceder nossos direitos e obriga\u00e7\u00f5es sob estes Termos de Uso e ficaremos isentos de qualquer obriga\u00e7\u00e3o adicional.<\/p>\t\t\t\t\t\t\t\t<\/div>\n\t\t\t\t\t<\/div>\n\t\t<\/div>\n\t\t\t\t\t<\/div>\n\t\t<\/section>\n\t\t\t\t<\/div>","protected":false},"excerpt":{"rendered":"<p>1. Aceita\u00e7\u00e3o dos Termos de Uso e Altera\u00e7\u00f5es. Cada vez que voc\u00ea usa ou acessa este site, voc\u00ea concorda em obedecer a estes Termos de Uso e conforme alterados de tempos em tempos, com ou sem aviso pr\u00e9vio. Al\u00e9m disso, se voc\u00ea estiver usando um servi\u00e7o espec\u00edfico neste ou atrav\u00e9s deste [...]<\/p>","protected":false},"author":2,"featured_media":0,"parent":0,"menu_order":0,"comment_status":"closed","ping_status":"closed","template":"","meta":{"_acf_changed":false,"footnotes":""},"class_list":["post-195534","page","type-page","status-publish","hentry"],"acf":[],"_links":{"self":[{"href":"https:\/\/floridahomeshares.com\/pt\/wp-json\/wp\/v2\/pages\/195534","targetHints":{"allow":["GET"]}}],"collection":[{"href":"https:\/\/floridahomeshares.com\/pt\/wp-json\/wp\/v2\/pages"}],"about":[{"href":"https:\/\/floridahomeshares.com\/pt\/wp-json\/wp\/v2\/types\/page"}],"author":[{"embeddable":true,"href":"https:\/\/floridahomeshares.com\/pt\/wp-json\/wp\/v2\/users\/2"}],"replies":[{"embeddable":true,"href":"https:\/\/floridahomeshares.com\/pt\/wp-json\/wp\/v2\/comments?post=195534"}],"version-history":[{"count":0,"href":"https:\/\/floridahomeshares.com\/pt\/wp-json\/wp\/v2\/pages\/195534\/revisions"}],"wp:attachment":[{"href":"https:\/\/floridahomeshares.com\/pt\/wp-json\/wp\/v2\/media?parent=195534"}],"curies":[{"name":"wp","href":"https:\/\/api.w.org\/{rel}","templated":true}]}}