{"id":193900,"date":"2023-05-26T09:36:56","date_gmt":"2023-05-26T09:36:56","guid":{"rendered":"https:\/\/floridahomeshares.com\/?page_id=193900"},"modified":"2025-08-11T23:51:20","modified_gmt":"2025-08-11T23:51:20","slug":"blog","status":"publish","type":"page","link":"https:\/\/floridahomeshares.com\/pt\/blog\/","title":{"rendered":"Blogue"},"content":{"rendered":"<div data-elementor-type=\"wp-page\" data-elementor-id=\"193900\" class=\"elementor elementor-193900\" data-elementor-post-type=\"page\">\n\t\t\t\t\t\t<section class=\"elementor-section elementor-top-section elementor-element elementor-element-e82fe3b elementor-section-height-min-height elementor-section-boxed elementor-section-height-default elementor-section-items-middle\" data-id=\"e82fe3b\" data-element_type=\"section\" data-settings=\"{&quot;jet_parallax_layout_list&quot;:[],&quot;background_background&quot;:&quot;classic&quot;}\">\n\t\t\t\t\t\t\t<div class=\"elementor-background-overlay\"><\/div>\n\t\t\t\t\t\t\t<div class=\"elementor-container elementor-column-gap-default\">\n\t\t\t\t\t<div class=\"elementor-column elementor-col-100 elementor-top-column elementor-element elementor-element-4307437\" data-id=\"4307437\" data-element_type=\"column\">\n\t\t\t<div class=\"elementor-widget-wrap elementor-element-populated\">\n\t\t\t\t\t\t<section class=\"elementor-section elementor-inner-section elementor-element elementor-element-a337a01 elementor-section-boxed elementor-section-height-default elementor-section-height-default\" data-id=\"a337a01\" data-element_type=\"section\" data-settings=\"{&quot;jet_parallax_layout_list&quot;:[]}\">\n\t\t\t\t\t\t<div class=\"elementor-container elementor-column-gap-no\">\n\t\t\t\t\t<div class=\"elementor-column elementor-col-100 elementor-inner-column elementor-element elementor-element-0601bbc\" data-id=\"0601bbc\" data-element_type=\"column\">\n\t\t\t<div class=\"elementor-widget-wrap elementor-element-populated\">\n\t\t\t\t\t\t<div class=\"elementor-element elementor-element-8030924 elementor-widget elementor-widget-heading\" data-id=\"8030924\" data-element_type=\"widget\" data-widget_type=\"heading.default\">\n\t\t\t\t\t<h1 class=\"elementor-heading-title elementor-size-default\">Postagens no blog<\/h1>\t\t\t\t<\/div>\n\t\t\t\t\t<\/div>\n\t\t<\/div>\n\t\t\t\t\t<\/div>\n\t\t<\/section>\n\t\t\t\t\t<\/div>\n\t\t<\/div>\n\t\t\t\t\t<\/div>\n\t\t<\/section>\n\t\t\t\t<section class=\"elementor-section elementor-top-section elementor-element elementor-element-3b27836 elementor-section-boxed elementor-section-height-default elementor-section-height-default\" data-id=\"3b27836\" data-element_type=\"section\" data-settings=\"{&quot;jet_parallax_layout_list&quot;:[]}\">\n\t\t\t\t\t\t<div class=\"elementor-container elementor-column-gap-default\">\n\t\t\t\t\t<div class=\"elementor-column elementor-col-100 elementor-top-column elementor-element elementor-element-97eb7bc\" data-id=\"97eb7bc\" data-element_type=\"column\">\n\t\t\t<div class=\"elementor-widget-wrap\">\n\t\t\t\t\t\t\t<\/div>\n\t\t<\/div>\n\t\t\t\t\t<\/div>\n\t\t<\/section>\n\t\t\t\t<section class=\"elementor-section elementor-top-section elementor-element elementor-element-025de9d elementor-section-boxed elementor-section-height-default elementor-section-height-default\" data-id=\"025de9d\" data-element_type=\"section\" data-settings=\"{&quot;jet_parallax_layout_list&quot;:[]}\">\n\t\t\t\t\t\t<div class=\"elementor-container elementor-column-gap-default\">\n\t\t\t\t\t<div class=\"elementor-column elementor-col-100 elementor-top-column elementor-element elementor-element-35ed7fa\" data-id=\"35ed7fa\" data-element_type=\"column\">\n\t\t\t<div class=\"elementor-widget-wrap elementor-element-populated\">\n\t\t\t\t\t\t<div class=\"elementor-element elementor-element-2014d9c elementor-widget elementor-widget-spacer\" data-id=\"2014d9c\" data-element_type=\"widget\" data-widget_type=\"spacer.default\">\n\t\t\t\t\t\t\t<div class=\"elementor-spacer\">\n\t\t\t<div class=\"elementor-spacer-inner\"><\/div>\n\t\t<\/div>\n\t\t\t\t\t\t<\/div>\n\t\t\t\t<div class=\"elementor-element elementor-element-1367d4e elementor-widget elementor-widget-heading\" data-id=\"1367d4e\" data-element_type=\"widget\" data-widget_type=\"heading.default\">\n\t\t\t\t\t<h1 class=\"elementor-heading-title elementor-size-default\"><h1 class=\"elementor-heading-title elementor-size-default\" style=\"text-transform: none;text-align: center\">Seu guia de viagem definitivo para Orlando, Fl\u00f3rida<\/h1><\/h1>\t\t\t\t<\/div>\n\t\t\t\t\t<\/div>\n\t\t<\/div>\n\t\t\t\t\t<\/div>\n\t\t<\/section>\n\t\t\t\t<section class=\"elementor-section elementor-top-section elementor-element elementor-element-448d832 elementor-section-boxed elementor-section-height-default elementor-section-height-default\" data-id=\"448d832\" data-element_type=\"section\" data-settings=\"{&quot;jet_parallax_layout_list&quot;:[]}\">\n\t\t\t\t\t\t<div class=\"elementor-container elementor-column-gap-default\">\n\t\t\t\t\t<div class=\"elementor-column elementor-col-100 elementor-top-column elementor-element elementor-element-ef47a5e\" data-id=\"ef47a5e\" data-element_type=\"column\">\n\t\t\t<div class=\"elementor-widget-wrap elementor-element-populated\">\n\t\t\t\t\t\t<div class=\"elementor-element elementor-element-af55f13 elementor-grid-3 elementor-grid-tablet-2 elementor-grid-mobile-1 elementor-posts--thumbnail-top elementor-widget elementor-widget-posts\" data-id=\"af55f13\" data-element_type=\"widget\" data-settings=\"{&quot;pagination_type&quot;:&quot;numbers_and_prev_next&quot;,&quot;classic_columns&quot;:&quot;3&quot;,&quot;classic_columns_tablet&quot;:&quot;2&quot;,&quot;classic_columns_mobile&quot;:&quot;1&quot;,&quot;classic_row_gap&quot;:{&quot;unit&quot;:&quot;px&quot;,&quot;size&quot;:35,&quot;sizes&quot;:[]},&quot;classic_row_gap_tablet&quot;:{&quot;unit&quot;:&quot;px&quot;,&quot;size&quot;:&quot;&quot;,&quot;sizes&quot;:[]},&quot;classic_row_gap_mobile&quot;:{&quot;unit&quot;:&quot;px&quot;,&quot;size&quot;:&quot;&quot;,&quot;sizes&quot;:[]}}\" data-widget_type=\"posts.classic\">\n\t\t\t\t<div class=\"elementor-widget-container\">\n\t\t\t\t\t\t\t<div class=\"elementor-posts-container elementor-posts elementor-posts--skin-classic elementor-grid\" role=\"list\">\n\t\t\t\t<article class=\"elementor-post elementor-grid-item post-4 post type-post status-publish format-standard has-post-thumbnail hentry category-uncategorized\" role=\"listitem\">\n\t\t\t\t<a class=\"elementor-post__thumbnail__link\" href=\"https:\/\/floridahomeshares.com\/pt\/welcome-to-orlando\/\" tabindex=\"-1\" >\n\t\t\t<div class=\"elementor-post__thumbnail\"><img fetchpriority=\"high\" decoding=\"async\" width=\"1024\" height=\"450\" src=\"https:\/\/floridahomeshares.com\/wp-content\/smush-webp\/2024\/03\/og-orlando-florida-1024x450.jpg.webp\" class=\"attachment-large size-large wp-image-196993\" alt=\"og orlando florida\" srcset=\"https:\/\/floridahomeshares.com\/wp-content\/smush-webp\/2024\/03\/og-orlando-florida-1024x450.jpg.webp 1024w, https:\/\/floridahomeshares.com\/wp-content\/smush-webp\/2024\/03\/og-orlando-florida-300x132.jpg.webp 300w, https:\/\/floridahomeshares.com\/wp-content\/smush-webp\/2024\/03\/og-orlando-florida-768x337.jpg.webp 768w, https:\/\/floridahomeshares.com\/wp-content\/smush-webp\/2024\/03\/og-orlando-florida-1536x674.jpg.webp 1536w, https:\/\/floridahomeshares.com\/wp-content\/smush-webp\/2024\/03\/og-orlando-florida-18x8.jpg.webp 18w, https:\/\/floridahomeshares.com\/wp-content\/smush-webp\/2024\/03\/og-orlando-florida-1139x500.jpg.webp 1139w, https:\/\/floridahomeshares.com\/wp-content\/smush-webp\/2024\/03\/og-orlando-florida.jpg.webp 1640w\" sizes=\"(max-width: 1024px) 100vw, 1024px\" \/><\/div>\n\t\t<\/a>\n\t\t\t\t<div class=\"elementor-post__text\">\n\t\t\t\t<h3 class=\"elementor-post__title\">\n\t\t\t<a href=\"https:\/\/floridahomeshares.com\/pt\/welcome-to-orlando\/\" >\n\t\t\t\tPlanejando uma viagem para Orlando, Fl\u00f3rida\t\t\t<\/a>\n\t\t<\/h3>\n\t\t\t\t<div class=\"elementor-post__excerpt\">\n\t\t\t<p>&nbsp; Planejando uma viagem para Orlando, Fl\u00f3rida? Esteja voc\u00ea planejando f\u00e9rias de sonho ou uma estadia corporativa, navegar pela vibrante cidade e seus arredores pode<\/p>\n\t\t<\/div>\n\t\t\t\t\t<div class=\"elementor-post__read-more-wrapper\">\n\t\t\n\t\t<a class=\"elementor-post__read-more\" href=\"https:\/\/floridahomeshares.com\/pt\/welcome-to-orlando\/\" aria-label=\"Leia mais sobre Planejando uma viagem para Orlando, Fl\u00f3rida\" tabindex=\"-1\" >\n\t\t\tConsulte Mais informa\u00e7\u00e3o &quot;\t\t<\/a>\n\n\t\t\t\t\t<\/div>\n\t\t\t\t<\/div>\n\t\t\t\t<\/article>\n\t\t\t\t<article class=\"elementor-post elementor-grid-item post-196967 post type-post status-publish format-standard has-post-thumbnail hentry category-uncategorized\" role=\"listitem\">\n\t\t\t\t<a class=\"elementor-post__thumbnail__link\" href=\"https:\/\/floridahomeshares.com\/pt\/what-do-you-need-for-a-trip-to-orlando\/\" tabindex=\"-1\" >\n\t\t\t<div class=\"elementor-post__thumbnail\"><img decoding=\"async\" width=\"399\" height=\"312\" data-src=\"https:\/\/floridahomeshares.com\/wp-content\/smush-webp\/2024\/05\/Orlando-map.jpg.webp\" class=\"attachment-large size-large wp-image-196968 lazyload\" alt=\"Orlando map\" data-srcset=\"https:\/\/floridahomeshares.com\/wp-content\/smush-webp\/2024\/05\/Orlando-map.jpg.webp 399w, https:\/\/floridahomeshares.com\/wp-content\/smush-webp\/2024\/05\/Orlando-map-300x235.jpg.webp 300w, https:\/\/floridahomeshares.com\/wp-content\/smush-webp\/2024\/05\/Orlando-map-15x12.jpg.webp 15w\" data-sizes=\"(max-width: 399px) 100vw, 399px\" src=\"data:image\/svg+xml;base64,PHN2ZyB3aWR0aD0iMSIgaGVpZ2h0PSIxIiB4bWxucz0iaHR0cDovL3d3dy53My5vcmcvMjAwMC9zdmciPjwvc3ZnPg==\" style=\"--smush-placeholder-width: 399px; --smush-placeholder-aspect-ratio: 399\/312;\" \/><\/div>\n\t\t<\/a>\n\t\t\t\t<div class=\"elementor-post__text\">\n\t\t\t\t<h3 class=\"elementor-post__title\">\n\t\t\t<a href=\"https:\/\/floridahomeshares.com\/pt\/what-do-you-need-for-a-trip-to-orlando\/\" >\n\t\t\t\tO que voc\u00ea precisa para uma viagem para Orlando?\t\t\t<\/a>\n\t\t<\/h3>\n\t\t\t\t<div class=\"elementor-post__excerpt\">\n\t\t\t<p>Uma viagem para Orlando! Aqui est\u00e1 uma lista de itens essenciais para garantir que voc\u00ea esteja bem preparado para sua aventura: **Documentos de viagem:** 1. Passaporte v\u00e1lido (se estiver voando de<\/p>\n\t\t<\/div>\n\t\t\t\t\t<div class=\"elementor-post__read-more-wrapper\">\n\t\t\n\t\t<a class=\"elementor-post__read-more\" href=\"https:\/\/floridahomeshares.com\/pt\/what-do-you-need-for-a-trip-to-orlando\/\" aria-label=\"Leia mais sobre O que voc\u00ea precisa para uma viagem a Orlando?\" tabindex=\"-1\" >\n\t\t\tConsulte Mais informa\u00e7\u00e3o &quot;\t\t<\/a>\n\n\t\t\t\t\t<\/div>\n\t\t\t\t<\/div>\n\t\t\t\t<\/article>\n\t\t\t\t<article class=\"elementor-post elementor-grid-item post-196972 post type-post status-publish format-standard has-post-thumbnail hentry category-uncategorized\" role=\"listitem\">\n\t\t\t\t<a class=\"elementor-post__thumbnail__link\" href=\"https:\/\/floridahomeshares.com\/pt\/what-is-the-best-way-to-travel-around-orlando\/\" tabindex=\"-1\" >\n\t\t\t<div class=\"elementor-post__thumbnail\"><img decoding=\"async\" width=\"480\" height=\"316\" data-src=\"https:\/\/floridahomeshares.com\/wp-content\/smush-webp\/2024\/05\/Lynx-bus.jpg.webp\" class=\"attachment-large size-large wp-image-196973 lazyload\" alt=\"Lynx bus\" data-srcset=\"https:\/\/floridahomeshares.com\/wp-content\/smush-webp\/2024\/05\/Lynx-bus.jpg.webp 480w, https:\/\/floridahomeshares.com\/wp-content\/smush-webp\/2024\/05\/Lynx-bus-300x198.jpg.webp 300w, https:\/\/floridahomeshares.com\/wp-content\/smush-webp\/2024\/05\/Lynx-bus-18x12.jpg.webp 18w, https:\/\/floridahomeshares.com\/wp-content\/smush-webp\/2024\/05\/Lynx-bus-120x80.jpg.webp 120w\" data-sizes=\"(max-width: 480px) 100vw, 480px\" src=\"data:image\/svg+xml;base64,PHN2ZyB3aWR0aD0iMSIgaGVpZ2h0PSIxIiB4bWxucz0iaHR0cDovL3d3dy53My5vcmcvMjAwMC9zdmciPjwvc3ZnPg==\" style=\"--smush-placeholder-width: 480px; --smush-placeholder-aspect-ratio: 480\/316;\" \/><\/div>\n\t\t<\/a>\n\t\t\t\t<div class=\"elementor-post__text\">\n\t\t\t\t<h3 class=\"elementor-post__title\">\n\t\t\t<a href=\"https:\/\/floridahomeshares.com\/pt\/what-is-the-best-way-to-travel-around-orlando\/\" >\n\t\t\t\tQual a melhor forma de viajar por Orlando?\t\t\t<\/a>\n\t\t<\/h3>\n\t\t\t\t<div class=\"elementor-post__excerpt\">\n\t\t\t<p>Orlando \u00e9 uma cidade grande, com muitas atra\u00e7\u00f5es e parques tem\u00e1ticos, e h\u00e1 diversas maneiras de se locomover. Aqui est\u00e3o alguns dos melhores<\/p>\n\t\t<\/div>\n\t\t\t\t\t<div class=\"elementor-post__read-more-wrapper\">\n\t\t\n\t\t<a class=\"elementor-post__read-more\" href=\"https:\/\/floridahomeshares.com\/pt\/what-is-the-best-way-to-travel-around-orlando\/\" aria-label=\"Leia mais sobre Qual a melhor forma de viajar por Orlando?\" tabindex=\"-1\" >\n\t\t\tConsulte Mais informa\u00e7\u00e3o &quot;\t\t<\/a>\n\n\t\t\t\t\t<\/div>\n\t\t\t\t<\/div>\n\t\t\t\t<\/article>\n\t\t\t\t<article class=\"elementor-post elementor-grid-item post-197007 post type-post status-publish format-standard has-post-thumbnail hentry category-uncategorized\" role=\"listitem\">\n\t\t\t\t<a class=\"elementor-post__thumbnail__link\" href=\"https:\/\/floridahomeshares.com\/pt\/what-you-need-to-know-before-going-to-florida\/\" tabindex=\"-1\" >\n\t\t\t<div class=\"elementor-post__thumbnail\"><img decoding=\"async\" width=\"683\" height=\"1024\" data-src=\"https:\/\/floridahomeshares.com\/wp-content\/uploads\/2024\/05\/florida-travel-tips-683x1024.webp\" class=\"attachment-large size-large wp-image-197009 lazyload\" alt=\"florida travel tips\" src=\"data:image\/svg+xml;base64,PHN2ZyB3aWR0aD0iMSIgaGVpZ2h0PSIxIiB4bWxucz0iaHR0cDovL3d3dy53My5vcmcvMjAwMC9zdmciPjwvc3ZnPg==\" style=\"--smush-placeholder-width: 683px; --smush-placeholder-aspect-ratio: 683\/1024;\" \/><\/div>\n\t\t<\/a>\n\t\t\t\t<div class=\"elementor-post__text\">\n\t\t\t\t<h3 class=\"elementor-post__title\">\n\t\t\t<a href=\"https:\/\/floridahomeshares.com\/pt\/what-you-need-to-know-before-going-to-florida\/\" >\n\t\t\t\tO que voc\u00ea precisa saber antes de ir para a Fl\u00f3rida?\t\t\t<\/a>\n\t\t<\/h3>\n\t\t\t\t<div class=\"elementor-post__excerpt\">\n\t\t\t<p>Fl\u00f3rida! Conhecida por seu clima ensolarado, belas praias e parques tem\u00e1ticos. Antes de planejar sua viagem ao Sunshine State, aqui est\u00e3o algumas coisas essenciais para<\/p>\n\t\t<\/div>\n\t\t\t\t\t<div class=\"elementor-post__read-more-wrapper\">\n\t\t\n\t\t<a class=\"elementor-post__read-more\" href=\"https:\/\/floridahomeshares.com\/pt\/what-you-need-to-know-before-going-to-florida\/\" aria-label=\"Leia mais sobre O que voc\u00ea precisa saber antes de ir para a Fl\u00f3rida?\" tabindex=\"-1\" >\n\t\t\tConsulte Mais informa\u00e7\u00e3o &quot;\t\t<\/a>\n\n\t\t\t\t\t<\/div>\n\t\t\t\t<\/div>\n\t\t\t\t<\/article>\n\t\t\t\t<article class=\"elementor-post elementor-grid-item post-197013 post type-post status-publish format-standard has-post-thumbnail hentry category-uncategorized\" role=\"listitem\">\n\t\t\t\t<a class=\"elementor-post__thumbnail__link\" href=\"https:\/\/floridahomeshares.com\/pt\/is-orlando-good-for-travel\/\" tabindex=\"-1\" >\n\t\t\t<div class=\"elementor-post__thumbnail\"><img decoding=\"async\" width=\"1024\" height=\"682\" data-src=\"https:\/\/floridahomeshares.com\/wp-content\/smush-webp\/2024\/05\/Picture2-1024x682.jpg.webp\" class=\"attachment-large size-large wp-image-197014 lazyload\" alt=\"Picture2\" data-srcset=\"https:\/\/floridahomeshares.com\/wp-content\/smush-webp\/2024\/05\/Picture2-1024x682.jpg.webp 1024w, https:\/\/floridahomeshares.com\/wp-content\/smush-webp\/2024\/05\/Picture2-300x200.jpg.webp 300w, https:\/\/floridahomeshares.com\/wp-content\/smush-webp\/2024\/05\/Picture2-768x512.jpg.webp 768w, https:\/\/floridahomeshares.com\/wp-content\/smush-webp\/2024\/05\/Picture2-18x12.jpg.webp 18w, https:\/\/floridahomeshares.com\/wp-content\/smush-webp\/2024\/05\/Picture2-450x300.jpg.webp 450w, https:\/\/floridahomeshares.com\/wp-content\/smush-webp\/2024\/05\/Picture2-1140x760.jpg.webp 1140w, https:\/\/floridahomeshares.com\/wp-content\/smush-webp\/2024\/05\/Picture2-120x80.jpg.webp 120w, https:\/\/floridahomeshares.com\/wp-content\/smush-webp\/2024\/05\/Picture2-750x500.jpg.webp 750w, https:\/\/floridahomeshares.com\/wp-content\/smush-webp\/2024\/05\/Picture2.jpg.webp 1430w\" data-sizes=\"(max-width: 1024px) 100vw, 1024px\" src=\"data:image\/svg+xml;base64,PHN2ZyB3aWR0aD0iMSIgaGVpZ2h0PSIxIiB4bWxucz0iaHR0cDovL3d3dy53My5vcmcvMjAwMC9zdmciPjwvc3ZnPg==\" style=\"--smush-placeholder-width: 1024px; --smush-placeholder-aspect-ratio: 1024\/682;\" \/><\/div>\n\t\t<\/a>\n\t\t\t\t<div class=\"elementor-post__text\">\n\t\t\t\t<h3 class=\"elementor-post__title\">\n\t\t\t<a href=\"https:\/\/floridahomeshares.com\/pt\/is-orlando-good-for-travel\/\" >\n\t\t\t\tOrlando \u00e9 bom para viajar?\t\t\t<\/a>\n\t\t<\/h3>\n\t\t\t\t<div class=\"elementor-post__excerpt\">\n\t\t\t<p>Orlando! A capital mundial dos parques tem\u00e1ticos! Sim, Orlando \u00e9 um excelente destino, bom para viajantes, principalmente fam\u00edlias com crian\u00e7as. Aqui est\u00e1 o porqu\u00ea:<\/p>\n\t\t<\/div>\n\t\t\t\t\t<div class=\"elementor-post__read-more-wrapper\">\n\t\t\n\t\t<a class=\"elementor-post__read-more\" href=\"https:\/\/floridahomeshares.com\/pt\/is-orlando-good-for-travel\/\" aria-label=\"Leia mais sobre Orlando \u00e9 bom para viajar?\" tabindex=\"-1\" >\n\t\t\tConsulte Mais informa\u00e7\u00e3o &quot;\t\t<\/a>\n\n\t\t\t\t\t<\/div>\n\t\t\t\t<\/div>\n\t\t\t\t<\/article>\n\t\t\t\t<article class=\"elementor-post elementor-grid-item post-197016 post type-post status-publish format-standard has-post-thumbnail hentry category-uncategorized\" role=\"listitem\">\n\t\t\t\t<a class=\"elementor-post__thumbnail__link\" href=\"https:\/\/floridahomeshares.com\/pt\/what-are-the-best-areas-to-stay-for-corporate-lodging-in-orlando\/\" tabindex=\"-1\" >\n\t\t\t<div class=\"elementor-post__thumbnail\"><img decoding=\"async\" width=\"1024\" height=\"768\" data-src=\"https:\/\/floridahomeshares.com\/wp-content\/smush-webp\/2024\/05\/Picture3-1024x768.jpg.webp\" class=\"attachment-large size-large wp-image-197018 lazyload\" alt=\"Picture3\" data-srcset=\"https:\/\/floridahomeshares.com\/wp-content\/smush-webp\/2024\/05\/Picture3-1024x768.jpg.webp 1024w, https:\/\/floridahomeshares.com\/wp-content\/smush-webp\/2024\/05\/Picture3-300x225.jpg.webp 300w, https:\/\/floridahomeshares.com\/wp-content\/smush-webp\/2024\/05\/Picture3-768x576.jpg.webp 768w, https:\/\/floridahomeshares.com\/wp-content\/smush-webp\/2024\/05\/Picture3-16x12.jpg.webp 16w, https:\/\/floridahomeshares.com\/wp-content\/smush-webp\/2024\/05\/Picture3-667x500.jpg.webp 667w, https:\/\/floridahomeshares.com\/wp-content\/smush-webp\/2024\/05\/Picture3.jpg.webp 1430w\" data-sizes=\"(max-width: 1024px) 100vw, 1024px\" src=\"data:image\/svg+xml;base64,PHN2ZyB3aWR0aD0iMSIgaGVpZ2h0PSIxIiB4bWxucz0iaHR0cDovL3d3dy53My5vcmcvMjAwMC9zdmciPjwvc3ZnPg==\" style=\"--smush-placeholder-width: 1024px; --smush-placeholder-aspect-ratio: 1024\/768;\" \/><\/div>\n\t\t<\/a>\n\t\t\t\t<div class=\"elementor-post__text\">\n\t\t\t\t<h3 class=\"elementor-post__title\">\n\t\t\t<a href=\"https:\/\/floridahomeshares.com\/pt\/what-are-the-best-areas-to-stay-for-corporate-lodging-in-orlando\/\" >\n\t\t\t\tQuais s\u00e3o as melhores \u00e1reas para se hospedar para hospedagem corporativa em Orlando?\t\t\t<\/a>\n\t\t<\/h3>\n\t\t\t\t<div class=\"elementor-post__excerpt\">\n\t\t\t<p>Kissimmee, FL, onde est\u00e3o localizadas nossas propriedades, \u00e9 uma excelente op\u00e7\u00e3o para hospedagem corporativa. A \u00e1rea fica perto das principais atra\u00e7\u00f5es e oferece um ambiente confort\u00e1vel<\/p>\n\t\t<\/div>\n\t\t\t\t\t<div class=\"elementor-post__read-more-wrapper\">\n\t\t\n\t\t<a class=\"elementor-post__read-more\" href=\"https:\/\/floridahomeshares.com\/pt\/what-are-the-best-areas-to-stay-for-corporate-lodging-in-orlando\/\" aria-label=\"Leia mais sobre Quais as melhores \u00e1reas para se hospedar para hospedagem corporativa em Orlando?\" tabindex=\"-1\" >\n\t\t\tConsulte Mais informa\u00e7\u00e3o &quot;\t\t<\/a>\n\n\t\t\t\t\t<\/div>\n\t\t\t\t<\/div>\n\t\t\t\t<\/article>\n\t\t\t\t<\/div>\n\t\t\n\t\t\t\t<div class=\"e-load-more-anchor\" data-page=\"1\" data-max-page=\"18\" data-next-page=\"https:\/\/floridahomeshares.com\/pt\/?e-page-af55f13=2\"><\/div>\n\t\t\t\t<nav class=\"elementor-pagination\" aria-label=\"Pagina\u00e7\u00e3o\">\n\t\t\t<span class=\"page-numbers prev\">&quot; Anterior<\/span>\n<span aria-current=\"page\" class=\"page-numbers current\"><span class=\"elementor-screen-only\">P\u00e1gina<\/span>1<\/span>\n<a class=\"page-numbers\" href=\"https:\/\/floridahomeshares.com\/pt\/wp-json\/wp\/v2\/pages\/193900\/?e-page-af55f13=2\"><span class=\"elementor-screen-only\">P\u00e1gina<\/span>2<\/a>\n<a class=\"page-numbers\" href=\"https:\/\/floridahomeshares.com\/pt\/wp-json\/wp\/v2\/pages\/193900\/?e-page-af55f13=3\"><span class=\"elementor-screen-only\">P\u00e1gina<\/span>3<\/a>\n<a class=\"page-numbers\" href=\"https:\/\/floridahomeshares.com\/pt\/wp-json\/wp\/v2\/pages\/193900\/?e-page-af55f13=4\"><span class=\"elementor-screen-only\">P\u00e1gina<\/span>4<\/a>\n<a class=\"page-numbers\" href=\"https:\/\/floridahomeshares.com\/pt\/wp-json\/wp\/v2\/pages\/193900\/?e-page-af55f13=5\"><span class=\"elementor-screen-only\">P\u00e1gina<\/span>5<\/a>\n<a class=\"page-numbers\" href=\"https:\/\/floridahomeshares.com\/pt\/wp-json\/wp\/v2\/pages\/193900\/?e-page-af55f13=6\"><span class=\"elementor-screen-only\">P\u00e1gina<\/span>6<\/a>\n<a class=\"page-numbers\" href=\"https:\/\/floridahomeshares.com\/pt\/wp-json\/wp\/v2\/pages\/193900\/?e-page-af55f13=7\"><span class=\"elementor-screen-only\">P\u00e1gina<\/span>7<\/a>\n<a class=\"page-numbers\" href=\"https:\/\/floridahomeshares.com\/pt\/wp-json\/wp\/v2\/pages\/193900\/?e-page-af55f13=8\"><span class=\"elementor-screen-only\">P\u00e1gina<\/span>8<\/a>\n<a class=\"page-numbers\" href=\"https:\/\/floridahomeshares.com\/pt\/wp-json\/wp\/v2\/pages\/193900\/?e-page-af55f13=9\"><span class=\"elementor-screen-only\">P\u00e1gina<\/span>9<\/a>\n<a class=\"page-numbers\" href=\"https:\/\/floridahomeshares.com\/pt\/wp-json\/wp\/v2\/pages\/193900\/?e-page-af55f13=10\"><span class=\"elementor-screen-only\">P\u00e1gina<\/span>10<\/a>\n<a class=\"page-numbers\" href=\"https:\/\/floridahomeshares.com\/pt\/wp-json\/wp\/v2\/pages\/193900\/?e-page-af55f13=11\"><span class=\"elementor-screen-only\">P\u00e1gina<\/span>11<\/a>\n<a class=\"page-numbers\" href=\"https:\/\/floridahomeshares.com\/pt\/wp-json\/wp\/v2\/pages\/193900\/?e-page-af55f13=12\"><span class=\"elementor-screen-only\">P\u00e1gina<\/span>12<\/a>\n<a class=\"page-numbers\" href=\"https:\/\/floridahomeshares.com\/pt\/wp-json\/wp\/v2\/pages\/193900\/?e-page-af55f13=13\"><span class=\"elementor-screen-only\">P\u00e1gina<\/span>13<\/a>\n<a class=\"page-numbers\" href=\"https:\/\/floridahomeshares.com\/pt\/wp-json\/wp\/v2\/pages\/193900\/?e-page-af55f13=14\"><span class=\"elementor-screen-only\">P\u00e1gina<\/span>14<\/a>\n<a class=\"page-numbers\" href=\"https:\/\/floridahomeshares.com\/pt\/wp-json\/wp\/v2\/pages\/193900\/?e-page-af55f13=15\"><span class=\"elementor-screen-only\">P\u00e1gina<\/span>15<\/a>\n<a class=\"page-numbers\" href=\"https:\/\/floridahomeshares.com\/pt\/wp-json\/wp\/v2\/pages\/193900\/?e-page-af55f13=16\"><span class=\"elementor-screen-only\">P\u00e1gina<\/span>16<\/a>\n<a class=\"page-numbers\" href=\"https:\/\/floridahomeshares.com\/pt\/wp-json\/wp\/v2\/pages\/193900\/?e-page-af55f13=17\"><span class=\"elementor-screen-only\">P\u00e1gina<\/span>17<\/a>\n<a class=\"page-numbers\" href=\"https:\/\/floridahomeshares.com\/pt\/wp-json\/wp\/v2\/pages\/193900\/?e-page-af55f13=18\"><span class=\"elementor-screen-only\">P\u00e1gina<\/span>18<\/a>\n<a class=\"page-numbers next\" href=\"https:\/\/floridahomeshares.com\/pt\/?e-page-af55f13=2\">Pr\u00f3ximo &quot;<\/a>\t\t<\/nav>\n\t\t\t\t\t\t<\/div>\n\t\t\t\t<\/div>\n\t\t\t\t\t<\/div>\n\t\t<\/div>\n\t\t\t\t\t<\/div>\n\t\t<\/section>\n\t\t\t\t<\/div>","protected":false},"excerpt":{"rendered":"<p>Blog publica seu melhor guia de viagem para Orlando, Fl\u00f3rida<\/p>","protected":false},"author":2,"featured_media":0,"parent":0,"menu_order":0,"comment_status":"closed","ping_status":"closed","template":"","meta":{"_acf_changed":false,"footnotes":""},"class_list":["post-193900","page","type-page","status-publish","hentry"],"acf":[],"_links":{"self":[{"href":"https:\/\/floridahomeshares.com\/pt\/wp-json\/wp\/v2\/pages\/193900","targetHints":{"allow":["GET"]}}],"collection":[{"href":"https:\/\/floridahomeshares.com\/pt\/wp-json\/wp\/v2\/pages"}],"about":[{"href":"https:\/\/floridahomeshares.com\/pt\/wp-json\/wp\/v2\/types\/page"}],"author":[{"embeddable":true,"href":"https:\/\/floridahomeshares.com\/pt\/wp-json\/wp\/v2\/users\/2"}],"replies":[{"embeddable":true,"href":"https:\/\/floridahomeshares.com\/pt\/wp-json\/wp\/v2\/comments?post=193900"}],"version-history":[{"count":6,"href":"https:\/\/floridahomeshares.com\/pt\/wp-json\/wp\/v2\/pages\/193900\/revisions"}],"predecessor-version":[{"id":198831,"href":"https:\/\/floridahomeshares.com\/pt\/wp-json\/wp\/v2\/pages\/193900\/revisions\/198831"}],"wp:attachment":[{"href":"https:\/\/floridahomeshares.com\/pt\/wp-json\/wp\/v2\/media?parent=193900"}],"curies":[{"name":"wp","href":"https:\/\/api.w.org\/{rel}","templated":true}]}}