{"id":195884,"date":"2023-12-13T05:13:59","date_gmt":"2023-12-13T05:13:59","guid":{"rendered":"https:\/\/floridahomeshares.com\/?page_id=195884"},"modified":"2025-07-18T09:14:58","modified_gmt":"2025-07-18T09:14:58","slug":"vip-experience","status":"publish","type":"page","link":"https:\/\/floridahomeshares.com\/fr\/vip-experience\/","title":{"rendered":"Exp\u00e9rience VIP"},"content":{"rendered":"<div data-elementor-type=\"wp-page\" data-elementor-id=\"195884\" class=\"elementor elementor-195884\" data-elementor-post-type=\"page\">\n\t\t\t\t\t\t<section class=\"elementor-section elementor-top-section elementor-element elementor-element-0a29592 elementor-section-height-min-height elementor-section-boxed elementor-section-height-default elementor-section-items-middle\" data-id=\"0a29592\" data-element_type=\"section\" data-settings=\"{&quot;jet_parallax_layout_list&quot;:[],&quot;background_background&quot;:&quot;classic&quot;}\">\n\t\t\t\t\t\t\t<div class=\"elementor-background-overlay\"><\/div>\n\t\t\t\t\t\t\t<div class=\"elementor-container elementor-column-gap-default\">\n\t\t\t\t\t<div class=\"elementor-column elementor-col-100 elementor-top-column elementor-element elementor-element-523c830\" data-id=\"523c830\" data-element_type=\"column\">\n\t\t\t<div class=\"elementor-widget-wrap elementor-element-populated\">\n\t\t\t\t\t\t<section class=\"elementor-section elementor-inner-section elementor-element elementor-element-eabe336 elementor-section-boxed elementor-section-height-default elementor-section-height-default\" data-id=\"eabe336\" data-element_type=\"section\" data-settings=\"{&quot;jet_parallax_layout_list&quot;:[]}\">\n\t\t\t\t\t\t<div class=\"elementor-container elementor-column-gap-no\">\n\t\t\t\t\t<div class=\"elementor-column elementor-col-100 elementor-inner-column elementor-element elementor-element-47d171f\" data-id=\"47d171f\" data-element_type=\"column\">\n\t\t\t<div class=\"elementor-widget-wrap elementor-element-populated\">\n\t\t\t\t\t\t<div class=\"elementor-element elementor-element-473fadd elementor-widget elementor-widget-heading\" data-id=\"473fadd\" data-element_type=\"widget\" data-widget_type=\"heading.default\">\n\t\t\t\t\t<h1 class=\"elementor-heading-title elementor-size-default\">Exp\u00e9rience VIP<\/h1>\t\t\t\t<\/div>\n\t\t\t\t<div class=\"elementor-element elementor-element-2f30eed elementor-widget elementor-widget-heading\" data-id=\"2f30eed\" data-element_type=\"widget\" data-widget_type=\"heading.default\">\n\t\t\t\t\t<h2 class=\"elementor-heading-title elementor-size-default\">Asseyez-vous, d\u00e9tendez-vous et profitez de l&#039;exp\u00e9rience<\/h2>\t\t\t\t<\/div>\n\t\t\t\t\t<\/div>\n\t\t<\/div>\n\t\t\t\t\t<\/div>\n\t\t<\/section>\n\t\t\t\t\t<\/div>\n\t\t<\/div>\n\t\t\t\t\t<\/div>\n\t\t<\/section>\n\t\t\t\t<section class=\"elementor-section elementor-top-section elementor-element elementor-element-8e1de98 elementor-reverse-tablet elementor-reverse-mobile elementor-section-boxed elementor-section-height-default elementor-section-height-default\" data-id=\"8e1de98\" data-element_type=\"section\" data-settings=\"{&quot;jet_parallax_layout_list&quot;:[]}\">\n\t\t\t\t\t\t<div class=\"elementor-container elementor-column-gap-default\">\n\t\t\t\t\t<div class=\"elementor-column elementor-col-100 elementor-top-column elementor-element elementor-element-6b57765\" data-id=\"6b57765\" data-element_type=\"column\">\n\t\t\t<div class=\"elementor-widget-wrap elementor-element-populated\">\n\t\t\t\t\t\t<div class=\"elementor-element elementor-element-48d8de7 elementor-widget elementor-widget-text-editor\" data-id=\"48d8de7\" data-element_type=\"widget\" data-widget_type=\"text-editor.default\">\n\t\t\t\t\t\t\t\t\t<p><span style=\"font-weight: 400;\">\u00c0 <\/span><a href=\"https:\/\/floridahomeshares.com\/fr\/\"><span style=\"font-weight: 400;\">Partages de maison en Floride<\/span><\/a><span style=\"font-weight: 400;\">, nous comprenons que voyager doit \u00eatre une aventure passionnante. C&#039;est pourquoi nous nous engageons \u00e0 offrir une exp\u00e9rience VIP \u00e0 nos clients \u00e0 la recherche d&#039;un logement \u00e0 court terme \u00e0 Orlando, en Floride. Nos h\u00e9bergements luxueux, associ\u00e9s \u00e0 des services exceptionnels, garantissent que votre s\u00e9jour soit non seulement confortable mais vraiment m\u00e9morable.\u00a0<\/span><\/p>\t\t\t\t\t\t\t\t<\/div>\n\t\t\t\t<div class=\"elementor-element elementor-element-a5ef2c4 elementor-align-center elementor-widget elementor-widget-button\" data-id=\"a5ef2c4\" data-element_type=\"widget\" data-widget_type=\"button.default\">\n\t\t\t\t\t\t\t\t\t\t<a class=\"elementor-button elementor-button-link elementor-size-md\" href=\"https:\/\/floridahomeshares.com\/fr\/search-results\/\">\n\t\t\t\t\t\t<span class=\"elementor-button-content-wrapper\">\n\t\t\t\t\t\t\t\t\t<span class=\"elementor-button-text\">Reserve maintenant<\/span>\n\t\t\t\t\t<\/span>\n\t\t\t\t\t<\/a>\n\t\t\t\t\t\t\t\t<\/div>\n\t\t\t\t<section class=\"elementor-section elementor-inner-section elementor-element elementor-element-525de49 elementor-section-boxed elementor-section-height-default elementor-section-height-default\" data-id=\"525de49\" data-element_type=\"section\" data-settings=\"{&quot;jet_parallax_layout_list&quot;:[]}\">\n\t\t\t\t\t\t<div class=\"elementor-container elementor-column-gap-default\">\n\t\t\t\t\t<div class=\"elementor-column elementor-col-50 elementor-inner-column elementor-element elementor-element-a7e8ee0\" data-id=\"a7e8ee0\" data-element_type=\"column\">\n\t\t\t<div class=\"elementor-widget-wrap elementor-element-populated\">\n\t\t\t\t\t\t<div class=\"elementor-element elementor-element-8386a88 elementor-cta--valign-top elementor-cta--skin-classic elementor-animated-content elementor-bg-transform elementor-bg-transform-zoom-in elementor-widget elementor-widget-call-to-action\" data-id=\"8386a88\" data-element_type=\"widget\" data-widget_type=\"call-to-action.default\">\n\t\t\t\t\t\t\t<div class=\"elementor-cta\">\n\t\t\t\t\t<div class=\"elementor-cta__bg-wrapper\">\n\t\t\t\t<div class=\"elementor-cta__bg elementor-bg lazyload\" style=\"background-image:inherit;\" role=\"img\" aria-label=\"massage\" data-bg-image=\"url(https:\/\/floridahomeshares.com\/wp-content\/smush-webp\/2024\/09\/VIP1.png.webp)\"><\/div>\n\t\t\t\t<div class=\"elementor-cta__bg-overlay\"><\/div>\n\t\t\t<\/div>\n\t\t\t\t\t\t\t<div class=\"elementor-cta__content\">\n\t\t\t\t\n\t\t\t\t\t\t\t\t\t<h2 class=\"elementor-cta__title elementor-cta__content-item elementor-content-item\">\n\t\t\t\t\t\tTh\u00e9rapie de massage personnalis\u00e9e<span style=\"background-color: var( --e-global-color-63c3c9c );text-align: inherit;text-transform: inherit\"><\/span>\t\t\t\t\t<\/h2>\n\t\t\t\t\n\t\t\t\t\t\t\t\t\t<div class=\"elementor-cta__description elementor-cta__content-item elementor-content-item\">\n\t\t\t\t\t\t<span><p dir=\"ltr\" style=\"line-height:1.38;margin-top:14pt;margin-bottom:14pt\">Imaginez-vous vous d\u00e9tendre apr\u00e8s une longue journ\u00e9e de r\u00e9unions avec le toucher apaisant d&#039;un massoth\u00e9rapeute personnel, directement dans votre suite. Notre partenariat exclusif avec Essential Kissimmee vous permet de profiter d&#039;un massage rajeunissant sans quitter le confort de votre h\u00e9bergement de courte dur\u00e9e. Il vous suffit de r\u00e9server votre rendez-vous et de laisser la d\u00e9tente venir \u00e0 vous.<span style=\"background-color: var( --e-global-color-63c3c9c );letter-spacing: inherit\"><\/span><\/p><\/span>\t\t\t\t\t<\/div>\n\t\t\t\t\n\t\t\t\t\t\t\t\t\t<div class=\"elementor-cta__button-wrapper elementor-cta__content-item elementor-content-item\">\n\t\t\t\t\t<a class=\"elementor-cta__button elementor-button elementor-size-\" href=\"https:\/\/essentialkissimmee.com\/\" target=\"_blank\" rel=\"noopener\">\n\t\t\t\t\t\tL&#039;essentiel de Kissimmee\t\t\t\t\t<\/a>\n\t\t\t\t\t<\/div>\n\t\t\t\t\t\t\t<\/div>\n\t\t\t\t\t\t<\/div>\n\t\t\t\t\t\t<\/div>\n\t\t\t\t\t<\/div>\n\t\t<\/div>\n\t\t\t\t<div class=\"elementor-column elementor-col-50 elementor-inner-column elementor-element elementor-element-d047352\" data-id=\"d047352\" data-element_type=\"column\">\n\t\t\t<div class=\"elementor-widget-wrap elementor-element-populated\">\n\t\t\t\t\t\t<div class=\"elementor-element elementor-element-ec90f4c elementor-cta--valign-top elementor-cta--skin-classic elementor-animated-content elementor-bg-transform elementor-bg-transform-zoom-in elementor-widget elementor-widget-call-to-action\" data-id=\"ec90f4c\" data-element_type=\"widget\" data-widget_type=\"call-to-action.default\">\n\t\t\t\t\t\t\t<div class=\"elementor-cta\">\n\t\t\t\t\t<div class=\"elementor-cta__bg-wrapper\">\n\t\t\t\t<div class=\"elementor-cta__bg elementor-bg lazyload\" style=\"background-image:inherit;\" role=\"img\" aria-label=\"lance-pierre\" data-bg-image=\"url(https:\/\/floridahomeshares.com\/wp-content\/smush-webp\/2024\/09\/VIP2-768x768.png.webp)\"><\/div>\n\t\t\t\t<div class=\"elementor-cta__bg-overlay\"><\/div>\n\t\t\t<\/div>\n\t\t\t\t\t\t\t<div class=\"elementor-cta__content\">\n\t\t\t\t\n\t\t\t\t\t\t\t\t\t<h2 class=\"elementor-cta__title elementor-cta__content-item elementor-content-item\">\n\t\t\t\t\t\tLocation de voitures de sport palpitantes\t\t\t\t\t<\/h2>\n\t\t\t\t\n\t\t\t\t\t\t\t\t\t<div class=\"elementor-cta__description elementor-cta__content-item elementor-content-item\">\n\t\t\t\t\t\t<span><p dir=\"ltr\" style=\"line-height:1.38;margin-top:14pt;margin-bottom:14pt\">Explorez les r\u00e9gions pittoresques d&#039;Orlando et de Kissimmee avec style ! Avec notre partenaire exclusif, Ace Motorsports Rentals, vous pouvez louer un Polaris Slingshot pour am\u00e9liorer votre exp\u00e9rience de voyage. Contactez-nous avant de r\u00e9server pour recevoir un code promotionnel de 10% sur votre location, afin de profiter de chaque instant de votre s\u00e9jour.<span style=\"background-color: var( --e-global-color-63c3c9c );letter-spacing: inherit\"><\/span><\/p><\/span>\t\t\t\t\t<\/div>\n\t\t\t\t\n\t\t\t\t\t\t\t\t\t<div class=\"elementor-cta__button-wrapper elementor-cta__content-item elementor-content-item\">\n\t\t\t\t\t<a class=\"elementor-cta__button elementor-button elementor-size-\" href=\"https:\/\/acemotorsportrentals.com\/net-home\/\" target=\"_blank\" rel=\"noopener\">\n\t\t\t\t\t\tLocation de v\u00e9hicules Ace Motorsports\t\t\t\t\t<\/a>\n\t\t\t\t\t<\/div>\n\t\t\t\t\t\t\t<\/div>\n\t\t\t\t\t\t<\/div>\n\t\t\t\t\t\t<\/div>\n\t\t\t\t\t<\/div>\n\t\t<\/div>\n\t\t\t\t\t<\/div>\n\t\t<\/section>\n\t\t\t\t<section class=\"elementor-section elementor-inner-section elementor-element elementor-element-7f46b9b elementor-section-boxed elementor-section-height-default elementor-section-height-default\" data-id=\"7f46b9b\" data-element_type=\"section\" data-settings=\"{&quot;jet_parallax_layout_list&quot;:[]}\">\n\t\t\t\t\t\t<div class=\"elementor-container elementor-column-gap-default\">\n\t\t\t\t\t<div class=\"elementor-column elementor-col-50 elementor-inner-column elementor-element elementor-element-29dcff7\" data-id=\"29dcff7\" data-element_type=\"column\">\n\t\t\t<div class=\"elementor-widget-wrap elementor-element-populated\">\n\t\t\t\t\t\t<div class=\"elementor-element elementor-element-52db320 elementor-cta--valign-top elementor-cta--skin-classic elementor-animated-content elementor-bg-transform elementor-bg-transform-zoom-in elementor-widget elementor-widget-call-to-action\" data-id=\"52db320\" data-element_type=\"widget\" data-widget_type=\"call-to-action.default\">\n\t\t\t\t\t\t\t<div class=\"elementor-cta\">\n\t\t\t\t\t<div class=\"elementor-cta__bg-wrapper\">\n\t\t\t\t<div class=\"elementor-cta__bg elementor-bg lazyload\" style=\"background-image:inherit;\" role=\"img\" aria-label=\"pr\u00e9paration des aliments\" data-bg-image=\"url(https:\/\/floridahomeshares.com\/wp-content\/smush-webp\/2024\/09\/VIP3-1-768x768.jpg.webp)\"><\/div>\n\t\t\t\t<div class=\"elementor-cta__bg-overlay\"><\/div>\n\t\t\t<\/div>\n\t\t\t\t\t\t\t<div class=\"elementor-cta__content\">\n\t\t\t\t\n\t\t\t\t\t\t\t\t\t<h2 class=\"elementor-cta__title elementor-cta__content-item elementor-content-item\">\n\t\t\t\t\t\tD\u00eener gastronomique avec services de chef personnel<span style=\"background-color: var( --e-global-color-63c3c9c );text-align: inherit;text-transform: inherit\"><\/span>\t\t\t\t\t<\/h2>\n\t\t\t\t\n\t\t\t\t\t\t\t\t\t<div class=\"elementor-cta__description elementor-cta__content-item elementor-content-item\">\n\t\t\t\t\t\tOffrez-vous le luxe de d\u00eener sur place avec nos services de chef personnel. Le chef Sami cumule 23 ans d&#039;exp\u00e9rience en tant que chef. Savourez de d\u00e9licieux d\u00eeners ou des petits-d\u00e9jeuners relaxants sans jamais quitter votre domicile. Contactez-nous simplement pour demander ce service exclusif et profitez d&#039;une exp\u00e9rience culinaire qui compl\u00e8tera votre s\u00e9jour.<span style=\"background-color: var( --e-global-color-63c3c9c );letter-spacing: inherit\"><\/span>\t\t\t\t\t<\/div>\n\t\t\t\t\n\t\t\t\t\t\t\t<\/div>\n\t\t\t\t\t\t<\/div>\n\t\t\t\t\t\t<\/div>\n\t\t\t\t\t<\/div>\n\t\t<\/div>\n\t\t\t\t<div class=\"elementor-column elementor-col-50 elementor-inner-column elementor-element elementor-element-dbb68d4\" data-id=\"dbb68d4\" data-element_type=\"column\">\n\t\t\t<div class=\"elementor-widget-wrap elementor-element-populated\">\n\t\t\t\t\t\t<div class=\"elementor-element elementor-element-f43a06c elementor-cta--valign-top elementor-cta--skin-classic elementor-animated-content elementor-bg-transform elementor-bg-transform-zoom-in elementor-widget elementor-widget-call-to-action\" data-id=\"f43a06c\" data-element_type=\"widget\" data-widget_type=\"call-to-action.default\">\n\t\t\t\t\t\t\t<div class=\"elementor-cta\">\n\t\t\t\t\t<div class=\"elementor-cta__bg-wrapper\">\n\t\t\t\t<div class=\"elementor-cta__bg elementor-bg lazyload\" style=\"background-image:inherit;\" role=\"img\" aria-label=\"VIP4\" data-bg-image=\"url(https:\/\/floridahomeshares.com\/wp-content\/smush-webp\/2024\/09\/VIP4-768x768.png.webp)\"><\/div>\n\t\t\t\t<div class=\"elementor-cta__bg-overlay\"><\/div>\n\t\t\t<\/div>\n\t\t\t\t\t\t\t<div class=\"elementor-cta__content\">\n\t\t\t\t\n\t\t\t\t\t\t\t\t\t<h2 class=\"elementor-cta__title elementor-cta__content-item elementor-content-item\">\n\t\t\t\t\t\tDes services suppl\u00e9mentaires adapt\u00e9s \u00e0 vos besoins<span style=\"background-color: var( --e-global-color-63c3c9c );text-align: inherit;text-transform: inherit\"><\/span>\t\t\t\t\t<\/h2>\n\t\t\t\t\n\t\t\t\t\t\t\t\t\t<div class=\"elementor-cta__description elementor-cta__content-item elementor-content-item\">\n\t\t\t\t\t\tPour ceux qui recherchent un confort suppl\u00e9mentaire, nous proposons des services de nettoyage pendant votre s\u00e9jour, garantissant que votre appartement de courte dur\u00e9e reste impeccable tout au long de votre s\u00e9jour. De plus, votre maison sera approvisionn\u00e9e en collations et en une bouteille de vin de bienvenue en guise de remerciement pour avoir choisi Florida HomeShares.<span style=\"background-color: var( --e-global-color-63c3c9c );letter-spacing: inherit\"><\/span>\t\t\t\t\t<\/div>\n\t\t\t\t\n\t\t\t\t\t\t\t<\/div>\n\t\t\t\t\t\t<\/div>\n\t\t\t\t\t\t<\/div>\n\t\t\t\t\t<\/div>\n\t\t<\/div>\n\t\t\t\t\t<\/div>\n\t\t<\/section>\n\t\t\t\t<div class=\"elementor-element elementor-element-6051f3c elementor-widget elementor-widget-spacer\" data-id=\"6051f3c\" data-element_type=\"widget\" data-widget_type=\"spacer.default\">\n\t\t\t\t\t\t\t<div class=\"elementor-spacer\">\n\t\t\t<div class=\"elementor-spacer-inner\"><\/div>\n\t\t<\/div>\n\t\t\t\t\t\t<\/div>\n\t\t\t\t<div class=\"elementor-element elementor-element-478b23d elementor-widget elementor-widget-text-editor\" data-id=\"478b23d\" data-element_type=\"widget\" data-widget_type=\"text-editor.default\">\n\t\t\t\t\t\t\t\t\t<p><span style=\"font-weight: 400;\">Chez Florida HomeShares, nous accordons la priorit\u00e9 \u00e0 la satisfaction de nos clients et proposons une r\u00e9duction pour les premiers s\u00e9jours et une r\u00e9duction pour les clients fid\u00e8les. Gr\u00e2ce \u00e0 notre \u00e9quipe d\u00e9di\u00e9e disponible 24h\/24 et 7j\/7, r\u00e9server votre exp\u00e9rience VIP n&#039;a jamais \u00e9t\u00e9 aussi simple. <\/span><a href=\"https:\/\/floridahomeshares.com\/fr\/contact\/\"><span style=\"font-weight: 400;\">Restez en contact avec nous<\/span><\/a><span style=\"font-weight: 400;\"> pour plus d&#039;informations, et laissez-nous rendre votre s\u00e9jour \u00e0 Orlando vraiment sp\u00e9cial !\u00a0<\/span><\/p>\t\t\t\t\t\t\t\t<\/div>\n\t\t\t\t<div class=\"elementor-element elementor-element-a1b5eb1 elementor-align-center elementor-widget elementor-widget-button\" data-id=\"a1b5eb1\" data-element_type=\"widget\" data-widget_type=\"button.default\">\n\t\t\t\t\t\t\t\t\t\t<a class=\"elementor-button elementor-button-link elementor-size-md\" href=\"https:\/\/floridahomeshares.com\/fr\/search-results\/\">\n\t\t\t\t\t\t<span class=\"elementor-button-content-wrapper\">\n\t\t\t\t\t\t\t\t\t<span class=\"elementor-button-text\">RESERVE MAINTENANT<\/span>\n\t\t\t\t\t<\/span>\n\t\t\t\t\t<\/a>\n\t\t\t\t\t\t\t\t<\/div>\n\t\t\t\t\t<\/div>\n\t\t<\/div>\n\t\t\t\t\t<\/div>\n\t\t<\/section>\n\t\t\t\t<section class=\"elementor-section elementor-top-section elementor-element elementor-element-3fa78e3 elementor-section-boxed elementor-section-height-default elementor-section-height-default\" data-id=\"3fa78e3\" data-element_type=\"section\" data-settings=\"{&quot;jet_parallax_layout_list&quot;:[],&quot;background_background&quot;:&quot;classic&quot;}\">\n\t\t\t\t\t\t<div class=\"elementor-container elementor-column-gap-default\">\n\t\t\t\t\t<div class=\"elementor-column elementor-col-50 elementor-top-column elementor-element elementor-element-a56a438\" data-id=\"a56a438\" data-element_type=\"column\">\n\t\t\t<div class=\"elementor-widget-wrap elementor-element-populated\">\n\t\t\t\t\t\t<div class=\"elementor-element elementor-element-78163ce elementor-widget elementor-widget-heading\" data-id=\"78163ce\" data-element_type=\"widget\" data-widget_type=\"heading.default\">\n\t\t\t\t\t<h2 class=\"elementor-heading-title elementor-size-default\">Vous avez une demande particuli\u00e8re ?<\/h2>\t\t\t\t<\/div>\n\t\t\t\t\t<\/div>\n\t\t<\/div>\n\t\t\t\t<div class=\"elementor-column elementor-col-50 elementor-top-column elementor-element elementor-element-7feef45\" data-id=\"7feef45\" data-element_type=\"column\">\n\t\t\t<div class=\"elementor-widget-wrap elementor-element-populated\">\n\t\t\t\t\t\t<div class=\"elementor-element elementor-element-1d2e9b3 elementor-align-center elementor-widget elementor-widget-button\" data-id=\"1d2e9b3\" data-element_type=\"widget\" data-widget_type=\"button.default\">\n\t\t\t\t\t\t\t\t\t\t<a class=\"elementor-button elementor-button-link elementor-size-md\" href=\"https:\/\/floridahomeshares.com\/fr\/contact\/\">\n\t\t\t\t\t\t<span class=\"elementor-button-content-wrapper\">\n\t\t\t\t\t\t\t\t\t<span class=\"elementor-button-text\">ENTRER EN CONTACT<\/span>\n\t\t\t\t\t<\/span>\n\t\t\t\t\t<\/a>\n\t\t\t\t\t\t\t\t<\/div>\n\t\t\t\t\t<\/div>\n\t\t<\/div>\n\t\t\t\t\t<\/div>\n\t\t<\/section>\n\t\t\t\t<section class=\"elementor-section elementor-top-section elementor-element elementor-element-21914f6 elementor-section-boxed elementor-section-height-default elementor-section-height-default\" data-id=\"21914f6\" data-element_type=\"section\" data-settings=\"{&quot;jet_parallax_layout_list&quot;:[]}\">\n\t\t\t\t\t\t<div class=\"elementor-container elementor-column-gap-default\">\n\t\t\t\t\t<div class=\"elementor-column elementor-col-100 elementor-top-column elementor-element elementor-element-d5af511\" data-id=\"d5af511\" data-element_type=\"column\">\n\t\t\t<div class=\"elementor-widget-wrap elementor-element-populated\">\n\t\t\t\t\t\t<div class=\"elementor-element elementor-element-2aea775 elementor-widget elementor-widget-html\" data-id=\"2aea775\" data-element_type=\"widget\" data-widget_type=\"html.default\">\n\t\t\t\t\t<!--Start of Tawk.to Script-->\r\n<script type=\"text\/javascript\">\r\nvar Tawk_API=Tawk_API||{}, Tawk_LoadStart=new Date();\r\n(function(){\r\nvar s1=document.createElement(\"script\"),s0=document.getElementsByTagName(\"script\")[0];\r\ns1.async=true;\r\ns1.src='https:\/\/embed.tawk.to\/65d950af8d261e1b5f64ae05\/1hnce6b68';\r\ns1.charset='UTF-8';\r\ns1.setAttribute('crossorigin','*');\r\ns0.parentNode.insertBefore(s1,s0);\r\n})();\r\n<\/script>\r\n<!--End of Tawk.to Script-->\t\t\t\t<\/div>\n\t\t\t\t\t<\/div>\n\t\t<\/div>\n\t\t\t\t\t<\/div>\n\t\t<\/section>\n\t\t\t\t<\/div>","protected":false},"excerpt":{"rendered":"<p>Exp\u00e9rience VIP\u00a0: Installez-vous confortablement, d\u00e9tendez-vous et profitez pleinement de l&#039;exp\u00e9rience. Chez Florida HomeShares, nous savons que voyager doit \u00eatre une aventure palpitante. C&#039;est pourquoi nous nous engageons \u00e0 offrir une exp\u00e9rience VIP \u00e0 nos clients en qu\u00eate d&#039;un logement de courte dur\u00e9e \u00e0 Orlando, en Floride. Nos h\u00e9bergements luxueux, associ\u00e9s \u00e0 des services exceptionnels, garantissent un s\u00e9jour non seulement confortable, mais aussi [\u2026]<\/p>","protected":false},"author":2,"featured_media":197539,"parent":0,"menu_order":0,"comment_status":"closed","ping_status":"closed","template":"","meta":{"_acf_changed":false,"footnotes":""},"class_list":["post-195884","page","type-page","status-publish","has-post-thumbnail","hentry"],"acf":[],"_links":{"self":[{"href":"https:\/\/floridahomeshares.com\/fr\/wp-json\/wp\/v2\/pages\/195884","targetHints":{"allow":["GET"]}}],"collection":[{"href":"https:\/\/floridahomeshares.com\/fr\/wp-json\/wp\/v2\/pages"}],"about":[{"href":"https:\/\/floridahomeshares.com\/fr\/wp-json\/wp\/v2\/types\/page"}],"author":[{"embeddable":true,"href":"https:\/\/floridahomeshares.com\/fr\/wp-json\/wp\/v2\/users\/2"}],"replies":[{"embeddable":true,"href":"https:\/\/floridahomeshares.com\/fr\/wp-json\/wp\/v2\/comments?post=195884"}],"version-history":[{"count":0,"href":"https:\/\/floridahomeshares.com\/fr\/wp-json\/wp\/v2\/pages\/195884\/revisions"}],"wp:featuredmedia":[{"embeddable":true,"href":"https:\/\/floridahomeshares.com\/fr\/wp-json\/wp\/v2\/media\/197539"}],"wp:attachment":[{"href":"https:\/\/floridahomeshares.com\/fr\/wp-json\/wp\/v2\/media?parent=195884"}],"curies":[{"name":"wp","href":"https:\/\/api.w.org\/{rel}","templated":true}]}}