{"id":195534,"date":"2023-10-30T05:51:36","date_gmt":"2023-10-30T05:51:36","guid":{"rendered":"https:\/\/floridahomeshares.com\/?page_id=195534"},"modified":"2024-03-05T05:04:14","modified_gmt":"2024-03-05T05:04:14","slug":"terms-and-conditions","status":"publish","type":"page","link":"https:\/\/floridahomeshares.com\/fr\/terms-and-conditions\/","title":{"rendered":"Termes et conditions"},"content":{"rendered":"<div data-elementor-type=\"wp-page\" data-elementor-id=\"195534\" class=\"elementor elementor-195534\" data-elementor-post-type=\"page\">\n\t\t\t\t\t\t<section class=\"elementor-section elementor-top-section elementor-element elementor-element-e7ac866 elementor-section-height-min-height elementor-section-boxed elementor-section-height-default elementor-section-items-middle\" data-id=\"e7ac866\" data-element_type=\"section\" data-settings=\"{&quot;jet_parallax_layout_list&quot;:[],&quot;background_background&quot;:&quot;classic&quot;}\">\n\t\t\t\t\t\t\t<div class=\"elementor-background-overlay\"><\/div>\n\t\t\t\t\t\t\t<div class=\"elementor-container elementor-column-gap-default\">\n\t\t\t\t\t<div class=\"elementor-column elementor-col-100 elementor-top-column elementor-element elementor-element-45586a4\" data-id=\"45586a4\" data-element_type=\"column\">\n\t\t\t<div class=\"elementor-widget-wrap elementor-element-populated\">\n\t\t\t\t\t\t<section class=\"elementor-section elementor-inner-section elementor-element elementor-element-40907dc elementor-section-boxed elementor-section-height-default elementor-section-height-default\" data-id=\"40907dc\" data-element_type=\"section\" data-settings=\"{&quot;jet_parallax_layout_list&quot;:[]}\">\n\t\t\t\t\t\t<div class=\"elementor-container elementor-column-gap-no\">\n\t\t\t\t\t<div class=\"elementor-column elementor-col-100 elementor-inner-column elementor-element elementor-element-58be38b\" data-id=\"58be38b\" data-element_type=\"column\">\n\t\t\t<div class=\"elementor-widget-wrap elementor-element-populated\">\n\t\t\t\t\t\t<div class=\"elementor-element elementor-element-6a31bce elementor-widget elementor-widget-heading\" data-id=\"6a31bce\" data-element_type=\"widget\" data-widget_type=\"heading.default\">\n\t\t\t\t\t<h1 class=\"elementor-heading-title elementor-size-default\">Termes et conditions<\/h1>\t\t\t\t<\/div>\n\t\t\t\t\t<\/div>\n\t\t<\/div>\n\t\t\t\t\t<\/div>\n\t\t<\/section>\n\t\t\t\t\t<\/div>\n\t\t<\/div>\n\t\t\t\t\t<\/div>\n\t\t<\/section>\n\t\t\t\t<section class=\"elementor-section elementor-top-section elementor-element elementor-element-d5713f3 elementor-section-boxed elementor-section-height-default elementor-section-height-default\" data-id=\"d5713f3\" data-element_type=\"section\" data-settings=\"{&quot;jet_parallax_layout_list&quot;:[]}\">\n\t\t\t\t\t\t<div class=\"elementor-container elementor-column-gap-default\">\n\t\t\t\t\t<div class=\"elementor-column elementor-col-100 elementor-top-column elementor-element elementor-element-f2435a0\" data-id=\"f2435a0\" data-element_type=\"column\">\n\t\t\t<div class=\"elementor-widget-wrap elementor-element-populated\">\n\t\t\t\t\t\t<div class=\"elementor-element elementor-element-dbbb01f elementor-widget elementor-widget-text-editor\" data-id=\"dbbb01f\" data-element_type=\"widget\" data-widget_type=\"text-editor.default\">\n\t\t\t\t\t\t\t\t\t<h4 align=\"left\">1. Acceptation des conditions d&#039;utilisation et des modifications.<\/h4><p align=\"left\">Chaque fois que vous utilisez ou donnez acc\u00e8s \u00e0 ce site Web, vous acceptez d&#039;\u00eatre li\u00e9 par ces conditions d&#039;utilisation, telles que modifi\u00e9es de temps \u00e0 autre, avec ou sans pr\u00e9avis. De plus, si vous utilisez un service particulier sur ou via ce site Web, vous serez soumis \u00e0 toutes les r\u00e8gles ou directives applicables \u00e0 ces services et elles seront incorpor\u00e9es par r\u00e9f\u00e9rence dans les pr\u00e9sentes conditions d&#039;utilisation. Veuillez consulter notre\u00a0<a href=\"https:\/\/floridahomeshares.com\/fr\/privacy-policy\/\">politique de confidentialit\u00e9<\/a>, qui est incorpor\u00e9 par r\u00e9f\u00e9rence aux pr\u00e9sentes conditions d\u2019utilisation.<\/p><h4 align=\"left\">\u00a0<\/h4><h4 align=\"left\">2. Notre service.<\/h4><p align=\"left\">Notre site Web et nos services vous sont fournis \u00ab TELS QUELS \u00bb. Vous acceptez que les propri\u00e9taires de ce site Web se r\u00e9servent exclusivement le droit et peuvent, \u00e0 tout moment et sans pr\u00e9avis et sans aucune responsabilit\u00e9 envers vous, modifier ou interrompre ce site Web et ses services ou supprimer les donn\u00e9es que vous fournissez, que ce soit temporairement ou d\u00e9finitivement. Nous n&#039;aurons aucune responsabilit\u00e9 pour l&#039;actualit\u00e9, la suppression, le d\u00e9faut de stockage, l&#039;inexactitude ou la livraison inappropri\u00e9e de toute donn\u00e9e ou information.<\/p><h4 align=\"left\">\u00a0<\/h4><h4 align=\"left\">3. Vos responsabilit\u00e9s et obligations de r\u00e9servation.<\/h4><p align=\"left\">Afin d&#039;utiliser certaines fonctionnalit\u00e9s de ce site Web, vous devrez fournir des informations personnelles sur notre site et accepter de fournir des informations v\u00e9ridiques lorsque cela vous sera demand\u00e9, et \u00eatre \u00e2g\u00e9 d&#039;au moins dix-huit (21) ans ou plus. Lors de votre inscription, vous acceptez explicitement nos conditions d&#039;utilisation, qui peuvent \u00eatre modifi\u00e9es par nous de temps \u00e0 autre et disponibles ici.<\/p><h4 align=\"left\">\u00a0<\/h4><h4 align=\"left\">4. Politique de confidentialit\u00e9.<\/h4><p align=\"left\">Les donn\u00e9es d&#039;inscription et autres informations personnelles identifiables que nous pouvons collecter sont soumises aux termes de notre politique de confidentialit\u00e9.<a href=\"http:\/\/heavenessentialsvs.com\/policies\/terms-of-use\/84-privacy-policy.html\" target=\"_blank\" rel=\"noopener\">.<\/a><\/p><p align=\"left\">\u00a0<\/p><h4 align=\"left\">5. Votre conduite.<\/h4><p align=\"left\">Vous acceptez que toutes les informations ou donn\u00e9es de toute nature (\u00ab Contenu \u00bb), fournies publiquement ou priv\u00e9ement, rel\u00e8vent de la seule responsabilit\u00e9 de la personne fournissant le Contenu ou de la personne dont le compte utilisateur est utilis\u00e9. Nous ne serons en aucun cas responsables envers vous du contenu qui appara\u00eet sur ce site Web ni de toute erreur ou omission.<\/p><p align=\"left\">Vous acceptez explicitement, en utilisant ce site Web ou tout service fourni, de ne pas\u00a0:<br \/>(a) fournir tout contenu ou adopter toute conduite qui pourrait \u00eatre ill\u00e9gale, mena\u00e7ante, pr\u00e9judiciable, abusive, harcelante, traqueuse, d\u00e9lictuelle, diffamatoire, calomnieuse, vulgaire, obsc\u00e8ne, offensante, r\u00e9pr\u00e9hensible, pornographique, con\u00e7ue pour interf\u00e9rer ou interrompre ce site Web ou tout service fourni, infect\u00e9 par un virus ou autre routine de programmation destructrice ou d\u00e9l\u00e9t\u00e8re, donne lieu \u00e0 une responsabilit\u00e9 civile ou p\u00e9nale, ou peut violer une loi locale, nationale ou internationale applicable\u00a0;<br \/>(b) usurper l&#039;identit\u00e9 ou d\u00e9former votre association avec toute personne ou entit\u00e9, ou falsifier ou chercher de toute autre mani\u00e8re \u00e0 dissimuler ou \u00e0 d\u00e9former l&#039;origine de tout contenu fourni par vous\u00a0;<br \/>(c) collecter ou r\u00e9colter des donn\u00e9es sur d&#039;autres utilisateurs\u00a0;<br \/>(d) fournir ou utiliser ce site Web et tout contenu ou service de toute mani\u00e8re commerciale ou de toute mani\u00e8re qui impliquerait du courrier ind\u00e9sirable, du spam, des cha\u00eenes de lettres, des syst\u00e8mes pyramidaux ou toute autre forme de publicit\u00e9 non autoris\u00e9e sans notre consentement \u00e9crit pr\u00e9alable\u00a0;<br \/>(e) fournir tout contenu pouvant engager notre responsabilit\u00e9 civile ou p\u00e9nale ou pouvant constituer ou \u00eatre consid\u00e9r\u00e9 comme une violation de toute loi locale, nationale ou internationale, y compris, mais sans s&#039;y limiter, les lois relatives au droit d&#039;auteur, aux marques, aux brevets ou au commerce. secrets.<\/p><h4 align=\"left\">\u00a0<\/h4><h4 align=\"left\">6. Soumission de contenu sur ce site Web.<\/h4><p align=\"left\">En fournissant du contenu sur notre site Web\u00a0:<br \/>(a) vous acceptez de nous accorder un droit et une licence mondiaux, libres de droits, perp\u00e9tuels et non exclusifs (y compris tout droit moral ou autre droit n\u00e9cessaire) pour utiliser, afficher, reproduire, modifier, adapter, publier, distribuer, ex\u00e9cuter , promouvoir, archiver, traduire et cr\u00e9er des \u0153uvres d\u00e9riv\u00e9es et des compilations, en tout ou en partie. Cette licence s&#039;appliquera \u00e0 toute forme, m\u00e9dia, technologie connue ou d\u00e9velopp\u00e9e ult\u00e9rieurement\u00a0;<br \/>(b) vous garantissez et d\u00e9clarez que vous disposez de tous les droits l\u00e9gaux, moraux et autres qui peuvent \u00eatre n\u00e9cessaires pour nous accorder la licence \u00e9nonc\u00e9e dans la pr\u00e9sente section 7\u00a0;<br \/>(c) vous reconnaissez et acceptez que nous aurons le droit (mais non l&#039;obligation), \u00e0 notre seule discr\u00e9tion, de refuser de publier ou de supprimer ou de bloquer l&#039;acc\u00e8s \u00e0 tout contenu que vous fournissez \u00e0 tout moment et pour quelque raison que ce soit, avec ou sans avis.<\/p><h4 align=\"left\">\u00a0<\/h4><h4 align=\"left\">7. Services tiers.<\/h4><p align=\"left\">Les biens et services de tiers peuvent \u00eatre annonc\u00e9s et\/ou mis \u00e0 disposition sur ou via ce site Web. Les repr\u00e9sentations faites concernant les produits et services fournis par des tiers sont r\u00e9gies par les politiques et les repr\u00e9sentations faites par ces tiers. Nous ne serons pas responsables de quelque mani\u00e8re que ce soit de vos transactions ou interactions avec des tiers.<\/p><h4 align=\"left\">\u00a0<\/h4><h4 align=\"left\">8. Indemnisation.<\/h4><p align=\"left\">Vous acceptez de nous indemniser et de nous d\u00e9gager de toute responsabilit\u00e9, ainsi que nos filiales, soci\u00e9t\u00e9s affili\u00e9es, parties li\u00e9es, dirigeants, administrateurs, employ\u00e9s, agents, entrepreneurs ind\u00e9pendants, annonceurs, partenaires et co-marqueurs, de toute r\u00e9clamation ou demande, y compris les honoraires d&#039;avocat raisonnables, qui pourraient \u00eatre effectu\u00e9 par un tiers, qui est d\u00fb \u00e0 ou d\u00e9coulant de votre conduite ou de votre connexion avec ce site Web ou ce service, de votre fourniture de contenu, de votre violation des pr\u00e9sentes conditions d&#039;utilisation ou de toute autre violation des droits d&#039;une autre personne ou partie.<\/p><h4 align=\"left\">\u00a0<\/h4><h4 align=\"left\">9. R\u00e9serve de droits.<\/h4><p align=\"left\">Nous nous r\u00e9servons tous nos droits, y compris, mais sans s&#039;y limiter, tous les droits d&#039;auteur, marques commerciales, brevets, secrets commerciaux et tout autre droit de propri\u00e9t\u00e9 que nous pourrions avoir sur notre site Web, son contenu et les biens et services qui peuvent \u00eatre fournis. . L\u2019utilisation de nos droits et propri\u00e9t\u00e9s n\u00e9cessite notre accord \u00e9crit pr\u00e9alable. Nous ne vous fournissons aucune licence ou droit implicite ou express en mettant nos services \u00e0 votre disposition et vous n&#039;aurez aucun droit de faire des utilisations commerciales de notre site Web ou de nos services sans notre consentement \u00e9crit pr\u00e9alable.<\/p><h4 align=\"left\">\u00a0<\/h4><h4 align=\"left\">10. Loi applicable.<\/h4><p align=\"left\">Vous acceptez que ces conditions d&#039;utilisation et tout litige d\u00e9coulant de votre utilisation de ce site Web ou de nos produits ou services seront r\u00e9gis et interpr\u00e9t\u00e9s conform\u00e9ment aux lois locales o\u00f9 se trouve le si\u00e8ge social du propri\u00e9taire de ce site Web, sans \u00e9gard \u00e0 ses dispositions sur les conflits de lois. En vous inscrivant ou en utilisant ce site Web et ce service, vous consentez et vous soumettez \u00e0 la juridiction et au lieu exclusifs du comt\u00e9 ou de la ville o\u00f9 se trouve le si\u00e8ge social du propri\u00e9taire de ce site Web. Pour ces informations, consultez le\u00a0<a href=\"https:\/\/floridahomeshares.com\/fr\/contact\/\">Contactez-nous<\/a>\u00a0page.<\/p><h4 align=\"left\">\u00a0<\/h4><h4 align=\"left\">11. Informations diverses.<\/h4><p align=\"left\">(i) Dans le cas o\u00f9 les pr\u00e9sentes conditions d&#039;utilisation entrent en conflit avec une loi en vertu de laquelle une disposition peut \u00eatre jug\u00e9e invalide par un tribunal comp\u00e9tent \u00e0 l&#039;\u00e9gard des parties, cette disposition sera interpr\u00e9t\u00e9e pour refl\u00e9ter les intentions initiales des parties conform\u00e9ment \u00e0 la loi applicable. , et le reste des pr\u00e9sentes conditions d&#039;utilisation resteront valides et intacts\u00a0; (ii) L&#039;incapacit\u00e9 de l&#039;une ou l&#039;autre des parties \u00e0 faire valoir un droit en vertu des pr\u00e9sentes conditions d&#039;utilisation ne sera pas consid\u00e9r\u00e9e comme une renonciation \u00e0 un droit de cette partie et ce droit restera pleinement en vigueur\u00a0; (iii) Vous acceptez que, sans \u00e9gard \u00e0 toute statue ou loi contraire, toute r\u00e9clamation ou cause d\u00e9coulant de ce site Web ou de ses services doit \u00eatre d\u00e9pos\u00e9e dans un d\u00e9lai d&#039;un (1) an apr\u00e8s la survenance de cette r\u00e9clamation ou cause, sinon la r\u00e9clamation sera d\u00e9finitivement prescrite. ; (iv) Nous pouvons c\u00e9der nos droits et obligations en vertu des pr\u00e9sentes conditions d&#039;utilisation et nous serons lib\u00e9r\u00e9s de toute autre obligation.<\/p>\t\t\t\t\t\t\t\t<\/div>\n\t\t\t\t\t<\/div>\n\t\t<\/div>\n\t\t\t\t\t<\/div>\n\t\t<\/section>\n\t\t\t\t<\/div>","protected":false},"excerpt":{"rendered":"<p>1. Acceptation des conditions d&#039;utilisation et des modifications. Chaque fois que vous utilisez ou donnez acc\u00e8s \u00e0 ce site Web, vous acceptez d&#039;\u00eatre li\u00e9 par ces conditions d&#039;utilisation, telles que modifi\u00e9es de temps \u00e0 autre, avec ou sans pr\u00e9avis. De plus, si vous utilisez un service particulier sur ou via ce [\u2026]<\/p>","protected":false},"author":2,"featured_media":0,"parent":0,"menu_order":0,"comment_status":"closed","ping_status":"closed","template":"","meta":{"_acf_changed":false,"footnotes":""},"class_list":["post-195534","page","type-page","status-publish","hentry"],"acf":[],"_links":{"self":[{"href":"https:\/\/floridahomeshares.com\/fr\/wp-json\/wp\/v2\/pages\/195534","targetHints":{"allow":["GET"]}}],"collection":[{"href":"https:\/\/floridahomeshares.com\/fr\/wp-json\/wp\/v2\/pages"}],"about":[{"href":"https:\/\/floridahomeshares.com\/fr\/wp-json\/wp\/v2\/types\/page"}],"author":[{"embeddable":true,"href":"https:\/\/floridahomeshares.com\/fr\/wp-json\/wp\/v2\/users\/2"}],"replies":[{"embeddable":true,"href":"https:\/\/floridahomeshares.com\/fr\/wp-json\/wp\/v2\/comments?post=195534"}],"version-history":[{"count":0,"href":"https:\/\/floridahomeshares.com\/fr\/wp-json\/wp\/v2\/pages\/195534\/revisions"}],"wp:attachment":[{"href":"https:\/\/floridahomeshares.com\/fr\/wp-json\/wp\/v2\/media?parent=195534"}],"curies":[{"name":"wp","href":"https:\/\/api.w.org\/{rel}","templated":true}]}}