{"id":3,"date":"2023-05-18T06:13:47","date_gmt":"2023-05-18T06:13:47","guid":{"rendered":"https:\/\/floridahomeshares.com\/?page_id=3"},"modified":"2024-03-05T04:43:08","modified_gmt":"2024-03-05T04:43:08","slug":"privacy-policy","status":"publish","type":"page","link":"https:\/\/floridahomeshares.com\/es\/privacy-policy\/","title":{"rendered":"pol\u00edtica de privacidad"},"content":{"rendered":"<div data-elementor-type=\"wp-page\" data-elementor-id=\"3\" class=\"elementor elementor-3\" data-elementor-post-type=\"page\">\n\t\t\t\t\t\t<section class=\"elementor-section elementor-top-section elementor-element elementor-element-cb7d282 elementor-section-height-min-height elementor-section-boxed elementor-section-height-default elementor-section-items-middle\" data-id=\"cb7d282\" data-element_type=\"section\" data-settings=\"{&quot;jet_parallax_layout_list&quot;:[],&quot;background_background&quot;:&quot;classic&quot;}\">\n\t\t\t\t\t\t\t<div class=\"elementor-background-overlay\"><\/div>\n\t\t\t\t\t\t\t<div class=\"elementor-container elementor-column-gap-default\">\n\t\t\t\t\t<div class=\"elementor-column elementor-col-100 elementor-top-column elementor-element elementor-element-da964d5\" data-id=\"da964d5\" data-element_type=\"column\">\n\t\t\t<div class=\"elementor-widget-wrap elementor-element-populated\">\n\t\t\t\t\t\t<section class=\"elementor-section elementor-inner-section elementor-element elementor-element-4d0556b elementor-section-boxed elementor-section-height-default elementor-section-height-default\" data-id=\"4d0556b\" data-element_type=\"section\" data-settings=\"{&quot;jet_parallax_layout_list&quot;:[]}\">\n\t\t\t\t\t\t<div class=\"elementor-container elementor-column-gap-no\">\n\t\t\t\t\t<div class=\"elementor-column elementor-col-100 elementor-inner-column elementor-element elementor-element-0699d32\" data-id=\"0699d32\" data-element_type=\"column\">\n\t\t\t<div class=\"elementor-widget-wrap elementor-element-populated\">\n\t\t\t\t\t\t<div class=\"elementor-element elementor-element-db00372 elementor-widget elementor-widget-heading\" data-id=\"db00372\" data-element_type=\"widget\" data-widget_type=\"heading.default\">\n\t\t\t\t\t<h1 class=\"elementor-heading-title elementor-size-default\">pol\u00edtica de privacidad<\/h1>\t\t\t\t<\/div>\n\t\t\t\t\t<\/div>\n\t\t<\/div>\n\t\t\t\t\t<\/div>\n\t\t<\/section>\n\t\t\t\t\t<\/div>\n\t\t<\/div>\n\t\t\t\t\t<\/div>\n\t\t<\/section>\n\t\t\t\t<section class=\"elementor-section elementor-top-section elementor-element elementor-element-70373b71 elementor-section-boxed elementor-section-height-default elementor-section-height-default\" data-id=\"70373b71\" data-element_type=\"section\" data-settings=\"{&quot;jet_parallax_layout_list&quot;:[]}\">\n\t\t\t\t\t\t<div class=\"elementor-container elementor-column-gap-default\">\n\t\t\t\t\t<div class=\"elementor-column elementor-col-100 elementor-top-column elementor-element elementor-element-5be1c117\" data-id=\"5be1c117\" data-element_type=\"column\">\n\t\t\t<div class=\"elementor-widget-wrap elementor-element-populated\">\n\t\t\t\t\t\t<div class=\"elementor-element elementor-element-74e7ec38 elementor-widget elementor-widget-text-editor\" data-id=\"74e7ec38\" data-element_type=\"widget\" data-widget_type=\"text-editor.default\">\n\t\t\t\t\t\t\t\t\t\n<h4 class=\"wp-block-heading\">Introducci\u00f3n<\/h4>\n<h4>\u00a0<\/h4>\n<p>Esta Pol\u00edtica de Privacidad describe las pr\u00e1cticas de Florida HomeShares (\u201cnosotros\u201d, \u201cnuestro\u201d o \u201cla Compa\u00f1\u00eda\u201d) con respecto a la informaci\u00f3n recopilada de los usuarios que acceden a nuestro sitio web en \u201chttps:\/\/www.floridahomeshares.com\u201d, o que de otro modo comparten informaci\u00f3n personal. con nosotros (colectivamente: \u201cUsuarios\u201d).\u00a0<\/p>\n<h4>Motivos para la recopilaci\u00f3n de datos\u00a0<\/h4>\n<h4>\u00a0<\/h4>\n<p>El procesamiento de su informaci\u00f3n personal (es decir, cualquier informaci\u00f3n que potencialmente pueda permitir su identificaci\u00f3n con medios razonables; en adelante &quot;Informaci\u00f3n personal&quot;) es necesario para el cumplimiento de nuestras obligaciones contractuales hacia usted y para brindarle nuestros servicios, para proteger nuestros intereses leg\u00edtimos y para el cumplimiento de las obligaciones regulatorias legales y financieras a las que estamos sujetos.<\/p>\n<p>Cuando utiliza el Sitio, acepta la recopilaci\u00f3n, almacenamiento, uso, divulgaci\u00f3n y otros usos de su Informaci\u00f3n personal como se describe en esta Pol\u00edtica de Privacidad.<\/p>\n<p>Alentamos a nuestros Usuarios a leer atentamente la Pol\u00edtica de Privacidad y utilizarla para tomar decisiones informadas.\u00a0<\/p>\n<p>\u00a0<\/p>\n<h4>\u00bfQu\u00e9 informaci\u00f3n recopilamos?<\/h4>\n<h4>\u00a0<\/h4>\n<p>Recopilamos dos tipos de datos e informaci\u00f3n de los Usuarios.\u00a0<\/p>\n<p>El primer tipo de informaci\u00f3n es informaci\u00f3n no identificada y no identificable perteneciente a un Usuario(s), que puede estar disponible o recopilarse a trav\u00e9s de su uso del Sitio (&quot;Informaci\u00f3n no personal&quot;). No conocemos la identidad del Usuario del cual se recopil\u00f3 la Informaci\u00f3n no personal. La informaci\u00f3n no personal que se recopila puede incluir su informaci\u00f3n de uso agregada e informaci\u00f3n t\u00e9cnica transmitida por su dispositivo, incluida cierta informaci\u00f3n de software y hardware (por ejemplo, el tipo de navegador y sistema operativo que utiliza su dispositivo, preferencia de idioma, tiempo de acceso, etc.) para mejorar la funcionalidad de nuestro Sitio. Tambi\u00e9n podemos recopilar informaci\u00f3n sobre su actividad en el Sitio (por ejemplo, p\u00e1ginas visitadas, navegaci\u00f3n en l\u00ednea, clics, acciones, etc.).<\/p>\n<p>El segundo tipo de informaci\u00f3n es informaci\u00f3n personal, que es informaci\u00f3n de identificaci\u00f3n individual, es decir, informaci\u00f3n que identifica a un individuo o que puede, con un esfuerzo razonable, identificar a un individuo. Dicha informaci\u00f3n incluye:<\/p>\n<p>\u00a0<\/p>\n<ul class=\"defaultList\">\n<li>Informaci\u00f3n del dispositivo: recopilamos informaci\u00f3n personal de su dispositivo. Dicha informaci\u00f3n incluye datos de geolocalizaci\u00f3n, direcci\u00f3n IP, identificadores \u00fanicos (por ejemplo, direcci\u00f3n MAC y UUID) y otra informaci\u00f3n relacionada con su actividad a trav\u00e9s del Sitio.<\/li>\n<li>Nombre, n\u00famero de tel\u00e9fono, correo electr\u00f3nico y cualquier otra informaci\u00f3n que el usuario env\u00ede en un formulario de contacto para que nuestros equipos se comuniquen.<\/li>\n<li>Informaci\u00f3n de reserva: Cuando reserve en nuestro Sitio, se le pedir\u00e1 que nos proporcione ciertos detalles como: nombre completo; correo electr\u00f3nico o direcci\u00f3n f\u00edsica, y otra informaci\u00f3n.\u00a0<\/li>\n<\/ul>\n<h4>\u00a0<\/h4>\n<h4>\u00bfC\u00f3mo recibimos informaci\u00f3n sobre usted?<\/h4>\n<h4>\u00a0<\/h4>\n<p>Recibimos su informaci\u00f3n personal de varias fuentes:<\/p>\n<ul class=\"defaultList\">\n<li>Cuando voluntariamente nos proporciona sus datos personales para reservar en nuestro Sitio;<\/li>\n<li>Cuando utiliza o accede a nuestro Sitio en relaci\u00f3n con su uso de nuestros servicios;<\/li>\n<li>De terceros proveedores, servicios y registros p\u00fablicos (por ejemplo, proveedores de an\u00e1lisis de tr\u00e1fico).<\/li>\n<\/ul>\n<h4>\u00a0<\/h4>\n<h4>\u00bfQu\u00e9 informaci\u00f3n recopilamos?<\/h4>\n<h4>\u00a0<\/h4>\n<p>No alquilamos, vendemos ni compartimos la informaci\u00f3n de los Usuarios con terceros, excepto como se describe en esta Pol\u00edtica de Privacidad.<\/p>\n<p>Podemos utilizar la informaci\u00f3n para lo siguiente:<\/p>\n<ul class=\"defaultList\">\n<li>Comunicarnos con usted: enviarle avisos sobre nuestros servicios, brindarle informaci\u00f3n t\u00e9cnica y responder a cualquier problema de servicio al cliente que pueda tener;<\/li>\n<\/ul>\n<ul class=\"defaultList\">\n<li>Para comunicarnos con usted y mantenerlo informado sobre nuestras \u00faltimas actualizaciones y servicios;<\/li>\n<\/ul>\n<ul class=\"defaultList\">\n<li>Para mostrarle anuncios cuando utilice nuestro Sitio (ver m\u00e1s en &quot;Anuncios&quot;);\u00a0<\/li>\n<\/ul>\n<ul class=\"defaultList\">\n<li>Para comercializar nuestros sitios web y productos (ver m\u00e1s en &quot;Marketing&quot;);\u00a0<\/li>\n<\/ul>\n<ul class=\"defaultList\">\n<li>Realizar fines estad\u00edsticos y anal\u00edticos, destinados a mejorar el Sitio.<\/li>\n<\/ul>\n<p>Adem\u00e1s de los diferentes usos enumerados anteriormente, podemos transferir o divulgar Informaci\u00f3n personal a nuestras subsidiarias, empresas afiliadas y subcontratistas.<\/p>\n<p>Adem\u00e1s de los fines enumerados en esta Pol\u00edtica de Privacidad, podemos compartir Informaci\u00f3n Personal con nuestros proveedores externos de confianza, que pueden estar ubicados en diferentes jurisdicciones en todo el mundo, para cualquiera de los siguientes fines:\u00a0<\/p>\n<p>\u00a0<\/p>\n<ul class=\"defaultList\">\n<li>Alojar y operar nuestro Sitio;<\/li>\n<\/ul>\n<ul class=\"defaultList\">\n<li>Proporcionarle nuestros servicios, incluida la visualizaci\u00f3n personalizada de nuestro Sitio;<\/li>\n<\/ul>\n<ul class=\"defaultList\">\n<li>Almacenar y procesar dicha informaci\u00f3n en nuestro nombre;\u00a0<\/li>\n<\/ul>\n<ul class=\"defaultList\">\n<li>Servirle anuncios y ayudarnos a evaluar el \u00e9xito de nuestras campa\u00f1as publicitarias y ayudarnos a reorientar a cualquiera de nuestros usuarios;<\/li>\n<\/ul>\n<ul class=\"defaultList\">\n<li>Proporcionarle ofertas de marketing y materiales promocionales relacionados con nuestro Sitio y servicios;\u00a0<\/li>\n<li>Realizar investigaciones, diagn\u00f3sticos t\u00e9cnicos o an\u00e1lisis;<\/li>\n<\/ul>\n<p>\u00a0Tambi\u00e9n podemos divulgar informaci\u00f3n si tenemos buena fe al creer que la divulgaci\u00f3n de dicha informaci\u00f3n es \u00fatil o razonablemente necesaria para: (i) cumplir con cualquier ley, regulaci\u00f3n, proceso legal o solicitud gubernamental aplicable; (ii) hacer cumplir nuestras pol\u00edticas (incluido nuestro Acuerdo), incluidas investigaciones de posibles violaciones de las mismas; (iii) investigar, detectar, prevenir o tomar medidas con respecto a actividades ilegales u otras irregularidades, sospechas de fraude o problemas de seguridad; (iv) para establecer o ejercer nuestros derechos de defensa contra reclamaciones legales; (v) evitar da\u00f1os a nuestros derechos, propiedad o seguridad, la de nuestros usuarios, la de usted o cualquier tercero; o (vi) con el fin de colaborar con agencias de aplicaci\u00f3n de la ley y\/o en caso de que lo consideremos necesario para hacer cumplir la propiedad intelectual u otros derechos legales.<\/p>\n<h4>\u00a0<\/h4>\n<h4>Derechos de los usuarios<\/h4>\n<h4>\u00a0<\/h4>\n<p>Puede solicitar:\u00a0<\/p>\n<p>\u00a0<\/p>\n<ul class=\"defaultList\">\n<li>Recibir confirmaci\u00f3n sobre si se est\u00e1 procesando o no informaci\u00f3n personal que le concierne y acceder a su informaci\u00f3n personal almacenada, junto con informaci\u00f3n complementaria.\u00a0<\/li>\n<li>Recibir una copia de la informaci\u00f3n personal que nos proporcione directamente en un formato estructurado, de uso com\u00fan y legible por m\u00e1quina.\u00a0<\/li>\n<li>Solicitar la rectificaci\u00f3n de su informaci\u00f3n personal que est\u00e1 bajo nuestro control.<\/li>\n<li>Solicitar la eliminaci\u00f3n de su informaci\u00f3n personal.\u00a0<\/li>\n<li>Oponerse al procesamiento de informaci\u00f3n personal por parte nuestra.\u00a0<\/li>\n<li>Solicitud para restringir el procesamiento de su informaci\u00f3n personal por nuestra parte.<\/li>\n<li>Presentar una reclamaci\u00f3n ante una autoridad de control.<\/li>\n<\/ul>\n<p>\u00a0<\/p>\n<p>Sin embargo, tenga en cuenta que estos derechos no son absolutos y pueden estar sujetos a nuestros propios intereses leg\u00edtimos y requisitos reglamentarios.\u00a0<\/p>\n<p>Si desea ejercer cualquiera de los derechos antes mencionados o recibir m\u00e1s informaci\u00f3n, comun\u00edquese con nuestro Delegado de Protecci\u00f3n de Datos (\u201cDPO\u201d) utilizando los detalles que se proporcionan a continuaci\u00f3n:<\/p>\n<p><a href=\"mailto: support@flhomeshares.com\">soporte@flhomeshares.com.<\/a><\/p>\n<h4>\u00a0<\/h4>\n<h4>Retenci\u00f3n<\/h4>\n<h4>\u00a0<\/h4>\n<p>Conservaremos su informaci\u00f3n personal durante el tiempo que sea necesario para proporcionar nuestros servicios y para cumplir con nuestras obligaciones legales, resolver disputas y hacer cumplir nuestras pol\u00edticas. Los plazos de conservaci\u00f3n se determinar\u00e1n teniendo en cuenta el tipo de informaci\u00f3n que se recoge y la finalidad para la que se recoge, teniendo en cuenta los requisitos aplicables a la situaci\u00f3n y la necesidad de destruir la informaci\u00f3n obsoleta y no utilizada lo antes posible. Seg\u00fan las regulaciones aplicables, mantendremos registros que contengan datos personales del cliente, documentos de apertura de cuentas, comunicaciones y cualquier otra cosa seg\u00fan lo requieran las leyes y regulaciones aplicables.\u00a0<\/p>\n<p>Podemos rectificar, reponer o eliminar informaci\u00f3n incompleta o inexacta, en cualquier momento y a nuestra propia discreci\u00f3n.<\/p>\n<h4>\u00a0<\/h4>\n<h4>Galletas<\/h4>\n<h4>\u00a0<\/h4>\n<p>Nosotros y nuestros socios de confianza utilizamos cookies y otras tecnolog\u00edas en nuestros servicios relacionados, incluso cuando visita nuestro Sitio o accede a nuestros servicios.\u00a0<\/p>\n<p>Una \u201ccookie\u201d es una peque\u00f1a porci\u00f3n de informaci\u00f3n que un sitio web asigna a su dispositivo mientras usted visualiza un sitio web. Las cookies son muy \u00fatiles y pueden usarse para varios prop\u00f3sitos diferentes. Estos prop\u00f3sitos incluyen permitirle navegar entre p\u00e1ginas de manera eficiente, habilitar la activaci\u00f3n autom\u00e1tica de ciertas funciones, recordar sus preferencias y hacer que la interacci\u00f3n entre usted y nuestros Servicios sea m\u00e1s r\u00e1pida y sencilla. Las cookies tambi\u00e9n se utilizan para ayudar a garantizar que los anuncios que ve sean relevantes para usted y sus intereses y para recopilar datos estad\u00edsticos sobre su uso de nuestros Servicios.\u00a0<\/p>\n<p>El Sitio utiliza los siguientes tipos de cookies:<\/p>\n<p>a. &#039;cookies de sesi\u00f3n&#039; que se almacenan solo temporalmente durante una sesi\u00f3n de navegaci\u00f3n para permitir el uso normal del sistema y se eliminan de su dispositivo cuando se cierra el navegador;\u00a0<\/p>\n<p>b. &#039;cookies persistentes&#039; que el Sitio solo lee, se guardan en su computadora durante un per\u00edodo fijo y no se eliminan cuando se cierra el navegador. Estas cookies se utilizan cuando necesitamos saber qui\u00e9n es usted para visitas repetidas, por ejemplo, para permitirnos almacenar sus preferencias para el pr\u00f3ximo inicio de sesi\u00f3n;\u00a0<\/p>\n<p>C. &#039;cookies de terceros&#039; que son establecidas por otros servicios en l\u00ednea que ejecutan contenido en la p\u00e1gina que usted est\u00e1 viendo, por ejemplo, por empresas de an\u00e1lisis de terceros que monitorean y analizan nuestro acceso a la web.<\/p>\n<p>Las cookies no contienen ninguna informaci\u00f3n que lo identifique personalmente, pero la informaci\u00f3n personal que almacenamos sobre usted puede estar vinculada por nosotros a la informaci\u00f3n almacenada y obtenida de las cookies. Puede eliminar las cookies siguiendo las instrucciones de las preferencias de su dispositivo; sin embargo, si elige desactivar las cookies, es posible que algunas funciones de nuestro Sitio no funcionen correctamente y que su experiencia en l\u00ednea sea limitada.<\/p>\n<p>Tambi\u00e9n utilizamos una herramienta llamada &quot;Google Analytics&quot; para recopilar informaci\u00f3n sobre su uso del Sitio. Google Analytics recopila informaci\u00f3n como la frecuencia con la que los usuarios acceden al Sitio, qu\u00e9 p\u00e1ginas visitan cuando lo hacen, etc. Utilizamos la informaci\u00f3n que obtenemos de Google Analytics solo para mejorar nuestro Sitio y nuestros servicios. Google Analytics recopila la direcci\u00f3n IP que se le asign\u00f3 en la fecha en que visita los sitios, en lugar de su nombre u otra informaci\u00f3n de identificaci\u00f3n. No combinamos la informaci\u00f3n recopilada mediante el uso de Google Analytics con informaci\u00f3n de identificaci\u00f3n personal. La capacidad de Google para utilizar y compartir informaci\u00f3n recopilada por Google Analytics sobre sus visitas a este Sitio est\u00e1 restringida por Google Analytics.\u00a0<a href=\"https:\/\/marketingplatform.google.com\/about\/analytics\/terms\/us\/\" target=\"_blank\" rel=\"noopener\">Condiciones de uso<\/a>\u00a0y el<a href=\"https:\/\/policies.google.com\/privacy?hl=en-US\" target=\"_blank\" rel=\"noopener\">\u00a0Pol\u00edtica de privacidad de Google<\/a>.<\/p>\n<h4>Recopilaci\u00f3n de informaci\u00f3n por parte de terceros.<\/h4>\n<h4>\u00a0<\/h4>\n<p>Nuestra pol\u00edtica solo aborda el uso y divulgaci\u00f3n de la informaci\u00f3n que recopilamos de usted. En la medida en que revele su informaci\u00f3n a otras partes o sitios en Internet, es posible que se apliquen reglas diferentes al uso o divulgaci\u00f3n de la informaci\u00f3n que les revele. En consecuencia, le recomendamos que lea los t\u00e9rminos y condiciones y la pol\u00edtica de privacidad de cada tercero al que elija revelar informaci\u00f3n.\u00a0<\/p>\n<p>Esta Pol\u00edtica de Privacidad no se aplica a las pr\u00e1cticas de empresas que no son de nuestra propiedad ni controlamos, ni a personas que no empleamos ni administramos, incluido cualquiera de los terceros a quienes podemos revelar informaci\u00f3n seg\u00fan lo establecido en esta Pol\u00edtica de Privacidad.\u00a0<\/p>\n<h4>\u00bfC\u00f3mo salvaguardamos su informaci\u00f3n?<\/h4>\n<h4>\u00a0<\/h4>\n<p>Tenemos mucho cuidado en implementar y mantener la seguridad del Sitio y su informaci\u00f3n. Aunque tomamos medidas razonables para salvaguardar la informaci\u00f3n, no podemos ser responsables de los actos de quienes obtienen acceso no autorizado o abusan de nuestro Sitio, y no ofrecemos ninguna garant\u00eda, expresa, impl\u00edcita o de otro tipo, de que impediremos dicho acceso.<\/p>\n<h4>Transferencia de datos fuera del EEE\u00a0<\/h4>\n<h4>\u00a0<\/h4>\n<p>Tenga en cuenta que algunos destinatarios de datos pueden estar ubicados fuera del EEE. En tales casos, transferiremos sus datos \u00fanicamente a aquellos pa\u00edses aprobados por la Comisi\u00f3n Europea que proporcionen un nivel adecuado de protecci\u00f3n de datos, o celebraremos acuerdos legales que garanticen un nivel adecuado de protecci\u00f3n de datos.<\/p>\n<h4>anuncios<\/h4>\n<p class=\"text-align-left\">\u00a0Podemos utilizar una tecnolog\u00eda publicitaria de terceros para mostrar anuncios cuando accede al Sitio. Esta tecnolog\u00eda utiliza su informaci\u00f3n con respecto a su uso de los Servicios para mostrarle anuncios (por ejemplo, colocando cookies de terceros en su navegador web).\u00a0<\/p>\n<p class=\"text-align-left\">Puede optar por no participar en muchas redes publicitarias de terceros, incluidas aquellas operadas por miembros de Network Advertising Initiative (&quot;NAI&quot;) y Digital Advertising Alliance (&quot;DAA&quot;). Para obtener m\u00e1s informaci\u00f3n sobre esta pr\u00e1ctica por parte de los miembros de NAI y DAA, y sus opciones con respecto a que estas empresas utilicen esta informaci\u00f3n, incluido c\u00f3mo excluirse de las redes publicitarias de terceros operadas por miembros de NAI y DAA, visite sus respectivos sitios web:\u00a0<a href=\"http:\/\/optout.networkadvertising.org\/#!\/%20and%20http:\/\/optout.aboutads.info\/#!\/\" target=\"_blank\" rel=\"noopener\" type=\"url\">http:\/\/optout.networkadvertising.org\/#!\/ y http:\/\/optout.aboutads.info\/#!\/<\/a><a href=\"http:\/\/optout.networkadvertising.org\/#!\/%20and%20http:\/\/optout.aboutads.info\/#!\/\" target=\"_blank\" rel=\"noopener\" type=\"url\">.<\/a><\/p>\n<h4>\u00a0<\/h4>\n<h4>Marketing<\/h4>\n<h4>\u00a0<\/h4>\n<p><span class=\"\">Podemos utilizar su informaci\u00f3n personal, como su nombre, direcci\u00f3n de correo electr\u00f3nico, n\u00famero de tel\u00e9fono, etc. nosotros mismos o mediante el uso de nuestros subcontratistas externos con el fin de proporcionarle materiales promocionales relacionados con nuestros servicios, que creemos que pueden interesarle.\u00a0<\/span><\/p>\n<p>Por respeto a su derecho a la privacidad, en dichos materiales de marketing le proporcionamos medios para rechazar recibir m\u00e1s ofertas de marketing de nuestra parte. Si cancela su suscripci\u00f3n, eliminaremos su direcci\u00f3n de correo electr\u00f3nico o n\u00famero de tel\u00e9fono de nuestras listas de distribuci\u00f3n de marketing.\u00a0<\/p>\n<p>Tenga en cuenta que incluso si se ha dado de baja para recibir nuestros correos electr\u00f3nicos de marketing, podemos enviarle otros tipos de comunicaciones importantes por correo electr\u00f3nico sin ofrecerle la oportunidad de optar por no recibirlas. Estos pueden incluir anuncios de servicio al cliente o avisos administrativos.<\/p>\n<h4>\u00a0<\/h4>\n<h4>Transacci\u00f3n corporativa<\/h4>\n<h4>\u00a0<\/h4>\n<p>Podemos compartir informaci\u00f3n en caso de una transacci\u00f3n corporativa (por ejemplo, venta de una parte sustancial de nuestro negocio, fusi\u00f3n, consolidaci\u00f3n o venta de activos). En caso de lo anterior, la empresa cesionaria o adquirente asumir\u00e1 los derechos y obligaciones descritos en esta Pol\u00edtica de Privacidad.<\/p>\n<h4>Menores<\/h4>\n<h4>\u00a0<\/h4>\n<p>Entendemos la importancia de proteger la privacidad de los ni\u00f1os, especialmente en un entorno en l\u00ednea. El Sitio no est\u00e1 dise\u00f1ado ni dirigido a ni\u00f1os. Bajo ninguna circunstancia permitiremos el uso de nuestros servicios por parte de menores de edad sin el consentimiento o autorizaci\u00f3n previa de un padre o tutor legal. No recopilamos conscientemente informaci\u00f3n personal de menores. Si un padre o tutor se da cuenta de que su hijo nos ha proporcionado informaci\u00f3n personal sin su consentimiento, debe comunicarse con nosotros en <a href=\"mailto:support@flhomeshares.com\">soporte@flhomeshares.com<\/a> .<\/p>\n<h4>\u00a0<\/h4>\n<h4>Actualizaciones o modificaciones a esta Pol\u00edtica de Privacidad<\/h4>\n<h4>\u00a0<\/h4>\n<p>Nos reservamos el derecho de modificar o revisar peri\u00f3dicamente la Pol\u00edtica de Privacidad; Los cambios materiales entrar\u00e1n en vigor inmediatamente despu\u00e9s de la publicaci\u00f3n de la Pol\u00edtica de privacidad revisada. La \u00faltima revisi\u00f3n quedar\u00e1 reflejada en el apartado \u201c\u00daltima modificaci\u00f3n\u201d. Su uso continuado de la Plataforma, luego de la notificaci\u00f3n de dichas modificaciones en nuestro sitio web, constituye su reconocimiento y consentimiento de dichas modificaciones a la Pol\u00edtica de Privacidad y su aceptaci\u00f3n de estar sujeto a los t\u00e9rminos de dichas modificaciones.<\/p>\n<h4>C\u00f3mo contactarnos<\/h4>\n<h4>\u00a0<\/h4>\n<p><span class=\"\">Si tiene alguna pregunta general sobre el Sitio o la informaci\u00f3n que recopilamos sobre usted y c\u00f3mo la usamos, puede contactarnos en\u00a0<\/span><a href=\"mailto:support@flhomeshares.com\">soporte@flhomeshares.com<\/a>.<\/p>\n\t\t\t\t\t\t\t\t<\/div>\n\t\t\t\t\t<\/div>\n\t\t<\/div>\n\t\t\t\t\t<\/div>\n\t\t<\/section>\n\t\t\t\t<\/div>","protected":false},"excerpt":{"rendered":"<p>Introducci\u00f3n Esta Pol\u00edtica de Privacidad describe las pr\u00e1cticas de Florida HomeShares (\u201cnosotros\u201d, \u201cnuestro\u201d o \u201cla Compa\u00f1\u00eda\u201d) con respecto a la informaci\u00f3n recopilada de los usuarios que acceden a nuestro sitio web en \u201chttps:\/\/www.floridahomeshares.com\u201d, o que de otro modo comparten datos personales. informaci\u00f3n con nosotros (colectivamente: \u201cUsuarios\u201d). Motivos de recogida de datos Tratamiento de sus datos personales [\u2026]<\/p>","protected":false},"author":2,"featured_media":0,"parent":0,"menu_order":0,"comment_status":"closed","ping_status":"closed","template":"","meta":{"_acf_changed":false,"footnotes":""},"class_list":["post-3","page","type-page","status-publish","hentry"],"acf":[],"_links":{"self":[{"href":"https:\/\/floridahomeshares.com\/es\/wp-json\/wp\/v2\/pages\/3","targetHints":{"allow":["GET"]}}],"collection":[{"href":"https:\/\/floridahomeshares.com\/es\/wp-json\/wp\/v2\/pages"}],"about":[{"href":"https:\/\/floridahomeshares.com\/es\/wp-json\/wp\/v2\/types\/page"}],"author":[{"embeddable":true,"href":"https:\/\/floridahomeshares.com\/es\/wp-json\/wp\/v2\/users\/2"}],"replies":[{"embeddable":true,"href":"https:\/\/floridahomeshares.com\/es\/wp-json\/wp\/v2\/comments?post=3"}],"version-history":[{"count":0,"href":"https:\/\/floridahomeshares.com\/es\/wp-json\/wp\/v2\/pages\/3\/revisions"}],"wp:attachment":[{"href":"https:\/\/floridahomeshares.com\/es\/wp-json\/wp\/v2\/media?parent=3"}],"curies":[{"name":"gracias","href":"https:\/\/api.w.org\/{rel}","templated":true}]}}