{"id":195884,"date":"2023-12-13T05:13:59","date_gmt":"2023-12-13T05:13:59","guid":{"rendered":"https:\/\/floridahomeshares.com\/?page_id=195884"},"modified":"2025-07-18T09:14:58","modified_gmt":"2025-07-18T09:14:58","slug":"vip-experience","status":"publish","type":"page","link":"https:\/\/floridahomeshares.com\/es\/vip-experience\/","title":{"rendered":"Experiencia VIP"},"content":{"rendered":"<div data-elementor-type=\"wp-page\" data-elementor-id=\"195884\" class=\"elementor elementor-195884\" data-elementor-post-type=\"page\">\n\t\t\t\t\t\t<section class=\"elementor-section elementor-top-section elementor-element elementor-element-0a29592 elementor-section-height-min-height elementor-section-boxed elementor-section-height-default elementor-section-items-middle\" data-id=\"0a29592\" data-element_type=\"section\" data-settings=\"{&quot;jet_parallax_layout_list&quot;:[],&quot;background_background&quot;:&quot;classic&quot;}\">\n\t\t\t\t\t\t\t<div class=\"elementor-background-overlay\"><\/div>\n\t\t\t\t\t\t\t<div class=\"elementor-container elementor-column-gap-default\">\n\t\t\t\t\t<div class=\"elementor-column elementor-col-100 elementor-top-column elementor-element elementor-element-523c830\" data-id=\"523c830\" data-element_type=\"column\">\n\t\t\t<div class=\"elementor-widget-wrap elementor-element-populated\">\n\t\t\t\t\t\t<section class=\"elementor-section elementor-inner-section elementor-element elementor-element-eabe336 elementor-section-boxed elementor-section-height-default elementor-section-height-default\" data-id=\"eabe336\" data-element_type=\"section\" data-settings=\"{&quot;jet_parallax_layout_list&quot;:[]}\">\n\t\t\t\t\t\t<div class=\"elementor-container elementor-column-gap-no\">\n\t\t\t\t\t<div class=\"elementor-column elementor-col-100 elementor-inner-column elementor-element elementor-element-47d171f\" data-id=\"47d171f\" data-element_type=\"column\">\n\t\t\t<div class=\"elementor-widget-wrap elementor-element-populated\">\n\t\t\t\t\t\t<div class=\"elementor-element elementor-element-473fadd elementor-widget elementor-widget-heading\" data-id=\"473fadd\" data-element_type=\"widget\" data-widget_type=\"heading.default\">\n\t\t\t\t\t<h1 class=\"elementor-heading-title elementor-size-default\">Experiencia VIP<\/h1>\t\t\t\t<\/div>\n\t\t\t\t<div class=\"elementor-element elementor-element-2f30eed elementor-widget elementor-widget-heading\" data-id=\"2f30eed\" data-element_type=\"widget\" data-widget_type=\"heading.default\">\n\t\t\t\t\t<h2 class=\"elementor-heading-title elementor-size-default\">Si\u00e9ntate, rel\u00e1jate y disfruta de la experiencia.<\/h2>\t\t\t\t<\/div>\n\t\t\t\t\t<\/div>\n\t\t<\/div>\n\t\t\t\t\t<\/div>\n\t\t<\/section>\n\t\t\t\t\t<\/div>\n\t\t<\/div>\n\t\t\t\t\t<\/div>\n\t\t<\/section>\n\t\t\t\t<section class=\"elementor-section elementor-top-section elementor-element elementor-element-8e1de98 elementor-reverse-tablet elementor-reverse-mobile elementor-section-boxed elementor-section-height-default elementor-section-height-default\" data-id=\"8e1de98\" data-element_type=\"section\" data-settings=\"{&quot;jet_parallax_layout_list&quot;:[]}\">\n\t\t\t\t\t\t<div class=\"elementor-container elementor-column-gap-default\">\n\t\t\t\t\t<div class=\"elementor-column elementor-col-100 elementor-top-column elementor-element elementor-element-6b57765\" data-id=\"6b57765\" data-element_type=\"column\">\n\t\t\t<div class=\"elementor-widget-wrap elementor-element-populated\">\n\t\t\t\t\t\t<div class=\"elementor-element elementor-element-48d8de7 elementor-widget elementor-widget-text-editor\" data-id=\"48d8de7\" data-element_type=\"widget\" data-widget_type=\"text-editor.default\">\n\t\t\t\t\t\t\t\t\t<p><span style=\"font-weight: 400;\">En <\/span><a href=\"https:\/\/floridahomeshares.com\/es\/\"><span style=\"font-weight: 400;\">Florida HomeShares<\/span><\/a><span style=\"font-weight: 400;\">Entendemos que viajar debe ser una aventura emocionante. Por eso, nos comprometemos a brindar una experiencia VIP a nuestros hu\u00e9spedes que buscan alojamiento a corto plazo en Orlando, Florida. Nuestros lujosos alojamientos, combinados con servicios excepcionales, garantizan que su estad\u00eda no solo sea c\u00f3moda, sino tambi\u00e9n verdaderamente memorable.\u00a0<\/span><\/p>\t\t\t\t\t\t\t\t<\/div>\n\t\t\t\t<div class=\"elementor-element elementor-element-a5ef2c4 elementor-align-center elementor-widget elementor-widget-button\" data-id=\"a5ef2c4\" data-element_type=\"widget\" data-widget_type=\"button.default\">\n\t\t\t\t\t\t\t\t\t\t<a class=\"elementor-button elementor-button-link elementor-size-md\" href=\"https:\/\/floridahomeshares.com\/es\/search-results\/\">\n\t\t\t\t\t\t<span class=\"elementor-button-content-wrapper\">\n\t\t\t\t\t\t\t\t\t<span class=\"elementor-button-text\">Reservar ahora<\/span>\n\t\t\t\t\t<\/span>\n\t\t\t\t\t<\/a>\n\t\t\t\t\t\t\t\t<\/div>\n\t\t\t\t<section class=\"elementor-section elementor-inner-section elementor-element elementor-element-525de49 elementor-section-boxed elementor-section-height-default elementor-section-height-default\" data-id=\"525de49\" data-element_type=\"section\" data-settings=\"{&quot;jet_parallax_layout_list&quot;:[]}\">\n\t\t\t\t\t\t<div class=\"elementor-container elementor-column-gap-default\">\n\t\t\t\t\t<div class=\"elementor-column elementor-col-50 elementor-inner-column elementor-element elementor-element-a7e8ee0\" data-id=\"a7e8ee0\" data-element_type=\"column\">\n\t\t\t<div class=\"elementor-widget-wrap elementor-element-populated\">\n\t\t\t\t\t\t<div class=\"elementor-element elementor-element-8386a88 elementor-cta--valign-top elementor-cta--skin-classic elementor-animated-content elementor-bg-transform elementor-bg-transform-zoom-in elementor-widget elementor-widget-call-to-action\" data-id=\"8386a88\" data-element_type=\"widget\" data-widget_type=\"call-to-action.default\">\n\t\t\t\t\t\t\t<div class=\"elementor-cta\">\n\t\t\t\t\t<div class=\"elementor-cta__bg-wrapper\">\n\t\t\t\t<div class=\"elementor-cta__bg elementor-bg lazyload\" style=\"background-image:inherit;\" role=\"img\" aria-label=\"masaje\" data-bg-image=\"url(https:\/\/floridahomeshares.com\/wp-content\/smush-webp\/2024\/09\/VIP1.png.webp)\"><\/div>\n\t\t\t\t<div class=\"elementor-cta__bg-overlay\"><\/div>\n\t\t\t<\/div>\n\t\t\t\t\t\t\t<div class=\"elementor-cta__content\">\n\t\t\t\t\n\t\t\t\t\t\t\t\t\t<h2 class=\"elementor-cta__title elementor-cta__content-item elementor-content-item\">\n\t\t\t\t\t\tTerapia de masaje personalizada<span style=\"background-color: var( --e-global-color-63c3c9c );text-align: inherit;text-transform: inherit\"><\/span>\t\t\t\t\t<\/h2>\n\t\t\t\t\n\t\t\t\t\t\t\t\t\t<div class=\"elementor-cta__description elementor-cta__content-item elementor-content-item\">\n\t\t\t\t\t\t<span><p dir=\"ltr\" style=\"line-height:1.38;margin-top:14pt;margin-bottom:14pt\">Imag\u00ednese relajarse despu\u00e9s de un largo d\u00eda de reuniones con el toque relajante de un masajista personal, directamente en su suite. Nuestra asociaci\u00f3n exclusiva con Essential Kissimmee le permite disfrutar de un masaje rejuvenecedor sin abandonar la comodidad de su alojamiento de corta estancia. Simplemente reserve su cita y deje que la relajaci\u00f3n llegue a usted.<span style=\"background-color: var( --e-global-color-63c3c9c );letter-spacing: inherit\"><\/span><\/p><\/span>\t\t\t\t\t<\/div>\n\t\t\t\t\n\t\t\t\t\t\t\t\t\t<div class=\"elementor-cta__button-wrapper elementor-cta__content-item elementor-content-item\">\n\t\t\t\t\t<a class=\"elementor-cta__button elementor-button elementor-size-\" href=\"https:\/\/essentialkissimmee.com\/\" target=\"_blank\" rel=\"noopener\">\n\t\t\t\t\t\tKissimmee esencial\t\t\t\t\t<\/a>\n\t\t\t\t\t<\/div>\n\t\t\t\t\t\t\t<\/div>\n\t\t\t\t\t\t<\/div>\n\t\t\t\t\t\t<\/div>\n\t\t\t\t\t<\/div>\n\t\t<\/div>\n\t\t\t\t<div class=\"elementor-column elementor-col-50 elementor-inner-column elementor-element elementor-element-d047352\" data-id=\"d047352\" data-element_type=\"column\">\n\t\t\t<div class=\"elementor-widget-wrap elementor-element-populated\">\n\t\t\t\t\t\t<div class=\"elementor-element elementor-element-ec90f4c elementor-cta--valign-top elementor-cta--skin-classic elementor-animated-content elementor-bg-transform elementor-bg-transform-zoom-in elementor-widget elementor-widget-call-to-action\" data-id=\"ec90f4c\" data-element_type=\"widget\" data-widget_type=\"call-to-action.default\">\n\t\t\t\t\t\t\t<div class=\"elementor-cta\">\n\t\t\t\t\t<div class=\"elementor-cta__bg-wrapper\">\n\t\t\t\t<div class=\"elementor-cta__bg elementor-bg lazyload\" style=\"background-image:inherit;\" role=\"img\" aria-label=\"honda\" data-bg-image=\"url(https:\/\/floridahomeshares.com\/wp-content\/smush-webp\/2024\/09\/VIP2-768x768.png.webp)\"><\/div>\n\t\t\t\t<div class=\"elementor-cta__bg-overlay\"><\/div>\n\t\t\t<\/div>\n\t\t\t\t\t\t\t<div class=\"elementor-cta__content\">\n\t\t\t\t\n\t\t\t\t\t\t\t\t\t<h2 class=\"elementor-cta__title elementor-cta__content-item elementor-content-item\">\n\t\t\t\t\t\tAlquiler de emocionantes coches deportivos\t\t\t\t\t<\/h2>\n\t\t\t\t\n\t\t\t\t\t\t\t\t\t<div class=\"elementor-cta__description elementor-cta__content-item elementor-content-item\">\n\t\t\t\t\t\t<span><p dir=\"ltr\" style=\"line-height:1.38;margin-top:14pt;margin-bottom:14pt\">\u00a1Explora las pintorescas \u00e1reas de Orlando y Kissimmee con estilo! Con nuestro socio exclusivo, Ace Motorsports Rentals, puedes alquilar un Polaris Slingshot para mejorar tu experiencia de viaje. Comun\u00edcate con nosotros antes de reservar para recibir un c\u00f3digo promocional de 10% de descuento en tu alquiler, lo que te permitir\u00e1 disfrutar de cada momento de tu estad\u00eda.<span style=\"background-color: var( --e-global-color-63c3c9c );letter-spacing: inherit\"><\/span><\/p><\/span>\t\t\t\t\t<\/div>\n\t\t\t\t\n\t\t\t\t\t\t\t\t\t<div class=\"elementor-cta__button-wrapper elementor-cta__content-item elementor-content-item\">\n\t\t\t\t\t<a class=\"elementor-cta__button elementor-button elementor-size-\" href=\"https:\/\/acemotorsportrentals.com\/net-home\/\" target=\"_blank\" rel=\"noopener\">\n\t\t\t\t\t\tAlquiler de Ace Motorsports\t\t\t\t\t<\/a>\n\t\t\t\t\t<\/div>\n\t\t\t\t\t\t\t<\/div>\n\t\t\t\t\t\t<\/div>\n\t\t\t\t\t\t<\/div>\n\t\t\t\t\t<\/div>\n\t\t<\/div>\n\t\t\t\t\t<\/div>\n\t\t<\/section>\n\t\t\t\t<section class=\"elementor-section elementor-inner-section elementor-element elementor-element-7f46b9b elementor-section-boxed elementor-section-height-default elementor-section-height-default\" data-id=\"7f46b9b\" data-element_type=\"section\" data-settings=\"{&quot;jet_parallax_layout_list&quot;:[]}\">\n\t\t\t\t\t\t<div class=\"elementor-container elementor-column-gap-default\">\n\t\t\t\t\t<div class=\"elementor-column elementor-col-50 elementor-inner-column elementor-element elementor-element-29dcff7\" data-id=\"29dcff7\" data-element_type=\"column\">\n\t\t\t<div class=\"elementor-widget-wrap elementor-element-populated\">\n\t\t\t\t\t\t<div class=\"elementor-element elementor-element-52db320 elementor-cta--valign-top elementor-cta--skin-classic elementor-animated-content elementor-bg-transform elementor-bg-transform-zoom-in elementor-widget elementor-widget-call-to-action\" data-id=\"52db320\" data-element_type=\"widget\" data-widget_type=\"call-to-action.default\">\n\t\t\t\t\t\t\t<div class=\"elementor-cta\">\n\t\t\t\t\t<div class=\"elementor-cta__bg-wrapper\">\n\t\t\t\t<div class=\"elementor-cta__bg elementor-bg lazyload\" style=\"background-image:inherit;\" role=\"img\" aria-label=\"preparaci\u00f3n de alimentos\" data-bg-image=\"url(https:\/\/floridahomeshares.com\/wp-content\/smush-webp\/2024\/09\/VIP3-1-768x768.jpg.webp)\"><\/div>\n\t\t\t\t<div class=\"elementor-cta__bg-overlay\"><\/div>\n\t\t\t<\/div>\n\t\t\t\t\t\t\t<div class=\"elementor-cta__content\">\n\t\t\t\t\n\t\t\t\t\t\t\t\t\t<h2 class=\"elementor-cta__title elementor-cta__content-item elementor-content-item\">\n\t\t\t\t\t\tCenas gourmet con servicio de chef personal<span style=\"background-color: var( --e-global-color-63c3c9c );text-align: inherit;text-transform: inherit\"><\/span>\t\t\t\t\t<\/h2>\n\t\t\t\t\n\t\t\t\t\t\t\t\t\t<div class=\"elementor-cta__description elementor-cta__content-item elementor-content-item\">\n\t\t\t\t\t\tDisfrute del lujo de cenar con nuestros servicios de chef personal. El chef Sami cuenta con 23 a\u00f1os de experiencia acumulada como chef. Saboree deliciosas cenas o desayunos relajantes sin salir de casa. Simplemente comun\u00edquese con nosotros para solicitar este servicio exclusivo y disfrute de una experiencia culinaria que complemente su estad\u00eda.<span style=\"background-color: var( --e-global-color-63c3c9c );letter-spacing: inherit\"><\/span>\t\t\t\t\t<\/div>\n\t\t\t\t\n\t\t\t\t\t\t\t<\/div>\n\t\t\t\t\t\t<\/div>\n\t\t\t\t\t\t<\/div>\n\t\t\t\t\t<\/div>\n\t\t<\/div>\n\t\t\t\t<div class=\"elementor-column elementor-col-50 elementor-inner-column elementor-element elementor-element-dbb68d4\" data-id=\"dbb68d4\" data-element_type=\"column\">\n\t\t\t<div class=\"elementor-widget-wrap elementor-element-populated\">\n\t\t\t\t\t\t<div class=\"elementor-element elementor-element-f43a06c elementor-cta--valign-top elementor-cta--skin-classic elementor-animated-content elementor-bg-transform elementor-bg-transform-zoom-in elementor-widget elementor-widget-call-to-action\" data-id=\"f43a06c\" data-element_type=\"widget\" data-widget_type=\"call-to-action.default\">\n\t\t\t\t\t\t\t<div class=\"elementor-cta\">\n\t\t\t\t\t<div class=\"elementor-cta__bg-wrapper\">\n\t\t\t\t<div class=\"elementor-cta__bg elementor-bg lazyload\" style=\"background-image:inherit;\" role=\"img\" aria-label=\"VIP4\" data-bg-image=\"url(https:\/\/floridahomeshares.com\/wp-content\/smush-webp\/2024\/09\/VIP4-768x768.png.webp)\"><\/div>\n\t\t\t\t<div class=\"elementor-cta__bg-overlay\"><\/div>\n\t\t\t<\/div>\n\t\t\t\t\t\t\t<div class=\"elementor-cta__content\">\n\t\t\t\t\n\t\t\t\t\t\t\t\t\t<h2 class=\"elementor-cta__title elementor-cta__content-item elementor-content-item\">\n\t\t\t\t\t\tServicios adicionales adaptados a usted<span style=\"background-color: var( --e-global-color-63c3c9c );text-align: inherit;text-transform: inherit\"><\/span>\t\t\t\t\t<\/h2>\n\t\t\t\t\n\t\t\t\t\t\t\t\t\t<div class=\"elementor-cta__description elementor-cta__content-item elementor-content-item\">\n\t\t\t\t\t\tPara aquellos que buscan comodidades adicionales, ofrecemos servicios de limpieza durante la mitad de su estad\u00eda, lo que garantiza que su apartamento de estad\u00eda corta se mantenga impecable durante toda su estad\u00eda. Adem\u00e1s, su hogar se entregar\u00e1 con refrigerios y una botella de vino de bienvenida como muestra de nuestro agradecimiento por elegir Florida HomeShares.<span style=\"background-color: var( --e-global-color-63c3c9c );letter-spacing: inherit\"><\/span>\t\t\t\t\t<\/div>\n\t\t\t\t\n\t\t\t\t\t\t\t<\/div>\n\t\t\t\t\t\t<\/div>\n\t\t\t\t\t\t<\/div>\n\t\t\t\t\t<\/div>\n\t\t<\/div>\n\t\t\t\t\t<\/div>\n\t\t<\/section>\n\t\t\t\t<div class=\"elementor-element elementor-element-6051f3c elementor-widget elementor-widget-spacer\" data-id=\"6051f3c\" data-element_type=\"widget\" data-widget_type=\"spacer.default\">\n\t\t\t\t\t\t\t<div class=\"elementor-spacer\">\n\t\t\t<div class=\"elementor-spacer-inner\"><\/div>\n\t\t<\/div>\n\t\t\t\t\t\t<\/div>\n\t\t\t\t<div class=\"elementor-element elementor-element-478b23d elementor-widget elementor-widget-text-editor\" data-id=\"478b23d\" data-element_type=\"widget\" data-widget_type=\"text-editor.default\">\n\t\t\t\t\t\t\t\t\t<p><span style=\"font-weight: 400;\">En Florida HomeShares, priorizamos la satisfacci\u00f3n de los hu\u00e9spedes y ofrecemos un descuento para los que se hospedan por primera vez y un descuento para los que regresan. Con nuestro equipo dedicado disponible las 24 horas, los 7 d\u00edas de la semana, reservar su experiencia VIP nunca ha sido tan f\u00e1cil. <\/span><a href=\"https:\/\/floridahomeshares.com\/es\/contact\/\"><span style=\"font-weight: 400;\">Con\u00e9ctate con nosotros<\/span><\/a><span style=\"font-weight: 400;\"> Para m\u00e1s informaci\u00f3n, \u00a1y perm\u00edtanos hacer que su estancia en Orlando sea realmente especial!\u00a0<\/span><\/p>\t\t\t\t\t\t\t\t<\/div>\n\t\t\t\t<div class=\"elementor-element elementor-element-a1b5eb1 elementor-align-center elementor-widget elementor-widget-button\" data-id=\"a1b5eb1\" data-element_type=\"widget\" data-widget_type=\"button.default\">\n\t\t\t\t\t\t\t\t\t\t<a class=\"elementor-button elementor-button-link elementor-size-md\" href=\"https:\/\/floridahomeshares.com\/es\/search-results\/\">\n\t\t\t\t\t\t<span class=\"elementor-button-content-wrapper\">\n\t\t\t\t\t\t\t\t\t<span class=\"elementor-button-text\">RESERVAR AHORA<\/span>\n\t\t\t\t\t<\/span>\n\t\t\t\t\t<\/a>\n\t\t\t\t\t\t\t\t<\/div>\n\t\t\t\t\t<\/div>\n\t\t<\/div>\n\t\t\t\t\t<\/div>\n\t\t<\/section>\n\t\t\t\t<section class=\"elementor-section elementor-top-section elementor-element elementor-element-3fa78e3 elementor-section-boxed elementor-section-height-default elementor-section-height-default\" data-id=\"3fa78e3\" data-element_type=\"section\" data-settings=\"{&quot;jet_parallax_layout_list&quot;:[],&quot;background_background&quot;:&quot;classic&quot;}\">\n\t\t\t\t\t\t<div class=\"elementor-container elementor-column-gap-default\">\n\t\t\t\t\t<div class=\"elementor-column elementor-col-50 elementor-top-column elementor-element elementor-element-a56a438\" data-id=\"a56a438\" data-element_type=\"column\">\n\t\t\t<div class=\"elementor-widget-wrap elementor-element-populated\">\n\t\t\t\t\t\t<div class=\"elementor-element elementor-element-78163ce elementor-widget elementor-widget-heading\" data-id=\"78163ce\" data-element_type=\"widget\" data-widget_type=\"heading.default\">\n\t\t\t\t\t<h2 class=\"elementor-heading-title elementor-size-default\">\u00bfTiene una solicitud especial?<\/h2>\t\t\t\t<\/div>\n\t\t\t\t\t<\/div>\n\t\t<\/div>\n\t\t\t\t<div class=\"elementor-column elementor-col-50 elementor-top-column elementor-element elementor-element-7feef45\" data-id=\"7feef45\" data-element_type=\"column\">\n\t\t\t<div class=\"elementor-widget-wrap elementor-element-populated\">\n\t\t\t\t\t\t<div class=\"elementor-element elementor-element-1d2e9b3 elementor-align-center elementor-widget elementor-widget-button\" data-id=\"1d2e9b3\" data-element_type=\"widget\" data-widget_type=\"button.default\">\n\t\t\t\t\t\t\t\t\t\t<a class=\"elementor-button elementor-button-link elementor-size-md\" href=\"https:\/\/floridahomeshares.com\/es\/contact\/\">\n\t\t\t\t\t\t<span class=\"elementor-button-content-wrapper\">\n\t\t\t\t\t\t\t\t\t<span class=\"elementor-button-text\">PONERSE EN CONTACTO<\/span>\n\t\t\t\t\t<\/span>\n\t\t\t\t\t<\/a>\n\t\t\t\t\t\t\t\t<\/div>\n\t\t\t\t\t<\/div>\n\t\t<\/div>\n\t\t\t\t\t<\/div>\n\t\t<\/section>\n\t\t\t\t<section class=\"elementor-section elementor-top-section elementor-element elementor-element-21914f6 elementor-section-boxed elementor-section-height-default elementor-section-height-default\" data-id=\"21914f6\" data-element_type=\"section\" data-settings=\"{&quot;jet_parallax_layout_list&quot;:[]}\">\n\t\t\t\t\t\t<div class=\"elementor-container elementor-column-gap-default\">\n\t\t\t\t\t<div class=\"elementor-column elementor-col-100 elementor-top-column elementor-element elementor-element-d5af511\" data-id=\"d5af511\" data-element_type=\"column\">\n\t\t\t<div class=\"elementor-widget-wrap elementor-element-populated\">\n\t\t\t\t\t\t<div class=\"elementor-element elementor-element-2aea775 elementor-widget elementor-widget-html\" data-id=\"2aea775\" data-element_type=\"widget\" data-widget_type=\"html.default\">\n\t\t\t\t\t<!--Start of Tawk.to Script-->\r\n<script type=\"text\/javascript\">\r\nvar Tawk_API=Tawk_API||{}, Tawk_LoadStart=new Date();\r\n(function(){\r\nvar s1=document.createElement(\"script\"),s0=document.getElementsByTagName(\"script\")[0];\r\ns1.async=true;\r\ns1.src='https:\/\/embed.tawk.to\/65d950af8d261e1b5f64ae05\/1hnce6b68';\r\ns1.charset='UTF-8';\r\ns1.setAttribute('crossorigin','*');\r\ns0.parentNode.insertBefore(s1,s0);\r\n})();\r\n<\/script>\r\n<!--End of Tawk.to Script-->\t\t\t\t<\/div>\n\t\t\t\t\t<\/div>\n\t\t<\/div>\n\t\t\t\t\t<\/div>\n\t\t<\/section>\n\t\t\t\t<\/div>","protected":false},"excerpt":{"rendered":"<p>Experiencia VIP: Si\u00e9ntese, rel\u00e1jese y disfrute. En Florida HomeShares, entendemos que viajar debe ser una aventura emocionante. Por eso nos comprometemos a brindar una experiencia VIP a nuestros hu\u00e9spedes que buscan alojamiento a corto plazo en Orlando, Florida. Nuestros lujosos alojamientos, junto con servicios excepcionales, garantizan que su estancia no solo sea c\u00f3moda [\u2026]<\/p>","protected":false},"author":2,"featured_media":197539,"parent":0,"menu_order":0,"comment_status":"closed","ping_status":"closed","template":"","meta":{"_acf_changed":false,"footnotes":""},"class_list":["post-195884","page","type-page","status-publish","has-post-thumbnail","hentry"],"acf":[],"_links":{"self":[{"href":"https:\/\/floridahomeshares.com\/es\/wp-json\/wp\/v2\/pages\/195884","targetHints":{"allow":["GET"]}}],"collection":[{"href":"https:\/\/floridahomeshares.com\/es\/wp-json\/wp\/v2\/pages"}],"about":[{"href":"https:\/\/floridahomeshares.com\/es\/wp-json\/wp\/v2\/types\/page"}],"author":[{"embeddable":true,"href":"https:\/\/floridahomeshares.com\/es\/wp-json\/wp\/v2\/users\/2"}],"replies":[{"embeddable":true,"href":"https:\/\/floridahomeshares.com\/es\/wp-json\/wp\/v2\/comments?post=195884"}],"version-history":[{"count":0,"href":"https:\/\/floridahomeshares.com\/es\/wp-json\/wp\/v2\/pages\/195884\/revisions"}],"wp:featuredmedia":[{"embeddable":true,"href":"https:\/\/floridahomeshares.com\/es\/wp-json\/wp\/v2\/media\/197539"}],"wp:attachment":[{"href":"https:\/\/floridahomeshares.com\/es\/wp-json\/wp\/v2\/media?parent=195884"}],"curies":[{"name":"gracias","href":"https:\/\/api.w.org\/{rel}","templated":true}]}}