{"id":195534,"date":"2023-10-30T05:51:36","date_gmt":"2023-10-30T05:51:36","guid":{"rendered":"https:\/\/floridahomeshares.com\/?page_id=195534"},"modified":"2024-03-05T05:04:14","modified_gmt":"2024-03-05T05:04:14","slug":"terms-and-conditions","status":"publish","type":"page","link":"https:\/\/floridahomeshares.com\/es\/terms-and-conditions\/","title":{"rendered":"T\u00e9rminos y condiciones"},"content":{"rendered":"<div data-elementor-type=\"wp-page\" data-elementor-id=\"195534\" class=\"elementor elementor-195534\" data-elementor-post-type=\"page\">\n\t\t\t\t\t\t<section class=\"elementor-section elementor-top-section elementor-element elementor-element-e7ac866 elementor-section-height-min-height elementor-section-boxed elementor-section-height-default elementor-section-items-middle\" data-id=\"e7ac866\" data-element_type=\"section\" data-settings=\"{&quot;jet_parallax_layout_list&quot;:[],&quot;background_background&quot;:&quot;classic&quot;}\">\n\t\t\t\t\t\t\t<div class=\"elementor-background-overlay\"><\/div>\n\t\t\t\t\t\t\t<div class=\"elementor-container elementor-column-gap-default\">\n\t\t\t\t\t<div class=\"elementor-column elementor-col-100 elementor-top-column elementor-element elementor-element-45586a4\" data-id=\"45586a4\" data-element_type=\"column\">\n\t\t\t<div class=\"elementor-widget-wrap elementor-element-populated\">\n\t\t\t\t\t\t<section class=\"elementor-section elementor-inner-section elementor-element elementor-element-40907dc elementor-section-boxed elementor-section-height-default elementor-section-height-default\" data-id=\"40907dc\" data-element_type=\"section\" data-settings=\"{&quot;jet_parallax_layout_list&quot;:[]}\">\n\t\t\t\t\t\t<div class=\"elementor-container elementor-column-gap-no\">\n\t\t\t\t\t<div class=\"elementor-column elementor-col-100 elementor-inner-column elementor-element elementor-element-58be38b\" data-id=\"58be38b\" data-element_type=\"column\">\n\t\t\t<div class=\"elementor-widget-wrap elementor-element-populated\">\n\t\t\t\t\t\t<div class=\"elementor-element elementor-element-6a31bce elementor-widget elementor-widget-heading\" data-id=\"6a31bce\" data-element_type=\"widget\" data-widget_type=\"heading.default\">\n\t\t\t\t\t<h1 class=\"elementor-heading-title elementor-size-default\">T\u00e9rminos y condiciones<\/h1>\t\t\t\t<\/div>\n\t\t\t\t\t<\/div>\n\t\t<\/div>\n\t\t\t\t\t<\/div>\n\t\t<\/section>\n\t\t\t\t\t<\/div>\n\t\t<\/div>\n\t\t\t\t\t<\/div>\n\t\t<\/section>\n\t\t\t\t<section class=\"elementor-section elementor-top-section elementor-element elementor-element-d5713f3 elementor-section-boxed elementor-section-height-default elementor-section-height-default\" data-id=\"d5713f3\" data-element_type=\"section\" data-settings=\"{&quot;jet_parallax_layout_list&quot;:[]}\">\n\t\t\t\t\t\t<div class=\"elementor-container elementor-column-gap-default\">\n\t\t\t\t\t<div class=\"elementor-column elementor-col-100 elementor-top-column elementor-element elementor-element-f2435a0\" data-id=\"f2435a0\" data-element_type=\"column\">\n\t\t\t<div class=\"elementor-widget-wrap elementor-element-populated\">\n\t\t\t\t\t\t<div class=\"elementor-element elementor-element-dbbb01f elementor-widget elementor-widget-text-editor\" data-id=\"dbbb01f\" data-element_type=\"widget\" data-widget_type=\"text-editor.default\">\n\t\t\t\t\t\t\t\t\t<h4 align=\"left\">1. Aceptaci\u00f3n de T\u00e9rminos de Uso y Modificaciones.<\/h4><p align=\"left\">Cada vez que utiliza o provoca acceso a este sitio web, acepta estar sujeto a estos T\u00e9rminos de uso y sus modificaciones peri\u00f3dicas con o sin previo aviso. Adem\u00e1s, si utiliza un servicio en particular en este sitio web o a trav\u00e9s de \u00e9l, estar\u00e1 sujeto a las reglas o pautas aplicables a esos servicios y se incorporar\u00e1n como referencia en estos T\u00e9rminos de uso. Por favor vea nuestro\u00a0<a href=\"https:\/\/floridahomeshares.com\/es\/privacy-policy\/\">pol\u00edtica de privacidad<\/a>, que se incorpora a estos T\u00e9rminos de uso por referencia.<\/p><h4 align=\"left\">\u00a0<\/h4><h4 align=\"left\">2. Nuestro Servicio.<\/h4><p align=\"left\">Nuestro sitio web y nuestros servicios se le proporcionan &quot;TAL CUAL&quot;. Usted acepta que los propietarios de este sitio web se reservan exclusivamente el derecho y pueden, en cualquier momento y sin previo aviso y sin responsabilidad alguna hacia usted, modificar o discontinuar este sitio web y sus servicios o eliminar los datos que usted proporciona, ya sea temporal o permanentemente. No tendremos ninguna responsabilidad por la puntualidad, eliminaci\u00f3n, falta de almacenamiento, inexactitud o entrega inadecuada de cualquier dato o informaci\u00f3n.<\/p><h4 align=\"left\">\u00a0<\/h4><h4 align=\"left\">3. Sus responsabilidades y obligaciones de reserva\/reserva.<\/h4><p align=\"left\">Para utilizar algunas funciones de este sitio web, deber\u00e1 proporcionar informaci\u00f3n personal en nuestro sitio y aceptar proporcionar informaci\u00f3n veraz cuando se le solicite, y tener al menos dieciocho (21) a\u00f1os de edad o m\u00e1s. Al registrarse, usted acepta expl\u00edcitamente nuestros T\u00e9rminos de uso y los que podemos modificar de vez en cuando y est\u00e1n disponibles aqu\u00ed.<\/p><h4 align=\"left\">\u00a0<\/h4><h4 align=\"left\">4. Pol\u00edtica de Privacidad.<\/h4><p align=\"left\">Los datos de registro y otra informaci\u00f3n de identificaci\u00f3n personal que podamos recopilar est\u00e1n sujetos a los t\u00e9rminos de nuestra Pol\u00edtica de Privacidad.<a href=\"http:\/\/heavenessentialsvs.com\/policies\/terms-of-use\/84-privacy-policy.html\" target=\"_blank\" rel=\"noopener\">.<\/a><\/p><p align=\"left\">\u00a0<\/p><h4 align=\"left\">5. Su conducta.<\/h4><p align=\"left\">Usted acepta que toda la informaci\u00f3n o datos de cualquier tipo (\u201cContenido\u201d), proporcionados de forma p\u00fablica o privada, ser\u00e1n responsabilidad exclusiva de la persona que proporciona el Contenido o de la persona cuya cuenta de usuario se utiliza. No seremos responsables ante usted de ninguna manera por el Contenido que aparece en este sitio web ni por ning\u00fan error u omisi\u00f3n.<\/p><p align=\"left\">Usted acepta expl\u00edcitamente, al utilizar este sitio web o cualquier servicio proporcionado, que no deber\u00e1:<br \/>(a) proporcionar cualquier Contenido o realizar cualquier conducta que pueda ser ilegal, amenazante, da\u00f1ina, abusiva, acosadora, acechadora, il\u00edcita, difamatoria, calumniosa, vulgar, obscena, ofensiva, objetable, pornogr\u00e1fica, dise\u00f1ada para interferir o interrumpir este sitio web o cualquier servicio proporcionado, infectado con un virus u otra rutina de programaci\u00f3n destructiva o nociva, d\u00e9 lugar a responsabilidad civil o penal, o que pueda violar una ley local, nacional o internacional aplicable;<br \/>(b) suplantar o tergiversar su asociaci\u00f3n con cualquier persona o entidad, o falsificar o tratar de ocultar o tergiversar el origen de cualquier Contenido proporcionado por usted;<br \/>(c) recopilar o recolectar cualquier dato sobre otros usuarios;<br \/>(d) proporcionar o utilizar este sitio web y cualquier Contenido o servicio de cualquier manera comercial o de cualquier manera que implique correo basura, spam, cartas en cadena, esquemas piramidales o cualquier otra forma de publicidad no autorizada sin nuestro consentimiento previo por escrito;<br \/>(e) proporcionar cualquier Contenido que pueda dar lugar a nuestra responsabilidad civil o penal o que pueda constituir o considerarse una violaci\u00f3n de cualquier ley local, nacional o internacional, incluidas, entre otras, las leyes relacionadas con derechos de autor, marcas registradas, patentes o comercio. misterios.<\/p><h4 align=\"left\">\u00a0<\/h4><h4 align=\"left\">6. Env\u00edo de Contenido en este Sitio Web.<\/h4><p align=\"left\">Al proporcionar cualquier Contenido a nuestro sitio web:<br \/>(a) usted acepta otorgarnos un derecho y una licencia mundial, libre de regal\u00edas, perpetuo y no exclusivo (incluido cualquier derecho moral u otros derechos necesarios) para usar, mostrar, reproducir, modificar, adaptar, publicar, distribuir, realizar , promover, archivar, traducir y crear trabajos derivados y compilaciones, total o parcialmente. Dicha licencia se aplicar\u00e1 con respecto a cualquier forma, medio, tecnolog\u00eda conocida o desarrollada posteriormente;<br \/>(b) usted garantiza y declara que tiene todos los derechos legales, morales y de otro tipo que puedan ser necesarios para otorgarnos la licencia establecida en esta Secci\u00f3n 7;<br \/>(c) usted reconoce y acepta que tendremos el derecho (pero no la obligaci\u00f3n), a nuestro exclusivo criterio, de negarnos a publicar o eliminar o bloquear el acceso a cualquier Contenido que usted proporcione en cualquier momento y por cualquier motivo, con o sin aviso.<\/p><h4 align=\"left\">\u00a0<\/h4><h4 align=\"left\">7. Servicios de terceros.<\/h4><p align=\"left\">Los bienes y servicios de terceros pueden anunciarse y\/o ponerse a disposici\u00f3n en este sitio web o a trav\u00e9s de \u00e9l. Las representaciones realizadas con respecto a productos y servicios proporcionados por terceros se rigen por las pol\u00edticas y representaciones realizadas por estos terceros. No seremos responsables de ninguna manera por ninguno de sus tratos o interacciones con terceros.<\/p><h4 align=\"left\">\u00a0<\/h4><h4 align=\"left\">8. Indemnizaci\u00f3n.<\/h4><p align=\"left\">Usted acepta indemnizar y eximirnos de responsabilidad a nosotros, a nuestras subsidiarias, afiliadas, partes relacionadas, funcionarios, directores, empleados, agentes, contratistas independientes, anunciantes, socios y marcas compartidas de cualquier reclamo o demanda, incluidos los honorarios razonables de abogados, que puedan ser realizado por cualquier tercero, que se debe o surge de su conducta o conexi\u00f3n con este sitio web o servicio, su provisi\u00f3n de Contenido, su violaci\u00f3n de estos T\u00e9rminos de uso o cualquier otra violaci\u00f3n de los derechos de otra persona o parte.<\/p><h4 align=\"left\">\u00a0<\/h4><h4 align=\"left\">9. Reserva de Derechos.<\/h4><p align=\"left\">Nos reservamos todos nuestros derechos, incluidos, entre otros, todos los derechos de autor, marcas comerciales, patentes, secretos comerciales y cualquier otro derecho de propiedad que podamos tener sobre nuestro sitio web, su contenido y los bienes y servicios que puedan proporcionarse. . El uso de nuestros derechos y propiedad requiere nuestro consentimiento previo por escrito. No le proporcionamos ninguna licencia o derecho impl\u00edcito o expreso al poner servicios a su disposici\u00f3n y usted no tendr\u00e1 derecho a hacer ning\u00fan uso comercial de nuestro sitio web o servicio sin nuestro consentimiento previo por escrito.<\/p><h4 align=\"left\">\u00a0<\/h4><h4 align=\"left\">10. Ley Aplicable.<\/h4><p align=\"left\">Usted acepta que estos T\u00e9rminos de uso y cualquier disputa que surja de su uso de este sitio web o de nuestros productos o servicios se regir\u00e1n e interpretar\u00e1n de acuerdo con las leyes locales donde se encuentra la sede del propietario de este sitio web, sin importar a sus disposiciones sobre conflicto de leyes. Al registrarse o utilizar este sitio web y servicio, usted acepta y se somete a la jurisdicci\u00f3n y competencia exclusivas del condado o ciudad donde se encuentra la sede del propietario de este sitio web. Para obtener esta informaci\u00f3n, consulte el\u00a0<a href=\"https:\/\/floridahomeshares.com\/es\/contact\/\">Cont\u00e1ctenos<\/a>\u00a0p\u00e1gina.<\/p><h4 align=\"left\">\u00a0<\/h4><h4 align=\"left\">11. Informaci\u00f3n diversa.<\/h4><p align=\"left\">(i) En caso de que estos T\u00e9rminos de uso entren en conflicto con cualquier ley seg\u00fan la cual cualquier disposici\u00f3n pueda ser considerada inv\u00e1lida por un tribunal con jurisdicci\u00f3n sobre las partes, dicha disposici\u00f3n se interpretar\u00e1 para reflejar las intenciones originales de las partes de acuerdo con la ley aplicable. , y el resto de estos T\u00e9rminos de uso seguir\u00e1n siendo v\u00e1lidos e intactos; (ii) El hecho de que cualquiera de las partes no haga valer alg\u00fan derecho en virtud de estos T\u00e9rminos de uso no se considerar\u00e1 una renuncia a ning\u00fan derecho de esa parte y ese derecho permanecer\u00e1 en pleno vigor y efecto; (iii) Usted acepta que, sin tener en cuenta ning\u00fan estatuto o ley contraria, cualquier reclamo o causa que surja de este sitio web o sus servicios debe presentarse dentro de un (1) a\u00f1o despu\u00e9s de que surgi\u00f3 dicho reclamo o causa o el reclamo prescribir\u00e1 para siempre. ; (iv) Podemos ceder nuestros derechos y obligaciones seg\u00fan estos T\u00e9rminos de uso y seremos liberados de cualquier obligaci\u00f3n adicional.<\/p>\t\t\t\t\t\t\t\t<\/div>\n\t\t\t\t\t<\/div>\n\t\t<\/div>\n\t\t\t\t\t<\/div>\n\t\t<\/section>\n\t\t\t\t<\/div>","protected":false},"excerpt":{"rendered":"<p>1. Aceptaci\u00f3n de T\u00e9rminos de Uso y Modificaciones. Cada vez que utiliza o provoca acceso a este sitio web, acepta estar sujeto a estos T\u00e9rminos de uso y sus modificaciones peri\u00f3dicas con o sin previo aviso. Adem\u00e1s, si est\u00e1 utilizando un servicio en particular en este o a trav\u00e9s de este [\u2026]<\/p>","protected":false},"author":2,"featured_media":0,"parent":0,"menu_order":0,"comment_status":"closed","ping_status":"closed","template":"","meta":{"_acf_changed":false,"footnotes":""},"class_list":["post-195534","page","type-page","status-publish","hentry"],"acf":[],"_links":{"self":[{"href":"https:\/\/floridahomeshares.com\/es\/wp-json\/wp\/v2\/pages\/195534","targetHints":{"allow":["GET"]}}],"collection":[{"href":"https:\/\/floridahomeshares.com\/es\/wp-json\/wp\/v2\/pages"}],"about":[{"href":"https:\/\/floridahomeshares.com\/es\/wp-json\/wp\/v2\/types\/page"}],"author":[{"embeddable":true,"href":"https:\/\/floridahomeshares.com\/es\/wp-json\/wp\/v2\/users\/2"}],"replies":[{"embeddable":true,"href":"https:\/\/floridahomeshares.com\/es\/wp-json\/wp\/v2\/comments?post=195534"}],"version-history":[{"count":0,"href":"https:\/\/floridahomeshares.com\/es\/wp-json\/wp\/v2\/pages\/195534\/revisions"}],"wp:attachment":[{"href":"https:\/\/floridahomeshares.com\/es\/wp-json\/wp\/v2\/media?parent=195534"}],"curies":[{"name":"gracias","href":"https:\/\/api.w.org\/{rel}","templated":true}]}}